{"id":3403,"date":"2026-04-12T09:34:03","date_gmt":"2026-04-12T12:34:03","guid":{"rendered":"https:\/\/delaet.com.br\/pt_br\/loja\/produto\/flauta-soprano-barroca-rosa-yamaha-serie-20-yrs20bp-f035\/"},"modified":"2026-04-17T16:24:52","modified_gmt":"2026-04-17T19:24:52","slug":"flauta-soprano-barroca-rosa-yamaha-serie-20-yrs20bp-f035","status":"publish","type":"product","link":"https:\/\/delaet.com.br\/en\/loja\/produto\/flauta-soprano-barroca-rosa-yamaha-serie-20-yrs20bp-f035\/","title":{"rendered":"Flauta Soprano Barroca Rosa Yamaha S\u00e9rie 20 YRS20BP"},"content":{"rendered":"<p>As Flautas Coloridas transl\u00facidas podem at\u00e9 parecer, mas n\u00e3o s\u00e3o brinquedos, e sim instrumentos de verdade. Feitas com a mesma resina ABS de nossas flautas tradicionais, elas oferecem a mesma precis\u00e3o de afina\u00e7\u00e3o, sonoridade encorpada e alta durabilidade. Tocadas sem esfor\u00e7o, possuem melodias belas e ricas, al\u00e9m do seu visual colorido, tornando a aprendizagem mais divertida|<\/p>\n<p>&#8211; Em DO<br \/>\n&#8211; Resina ABS<br \/>\n&#8211; Constru\u00e7\u00e3o em 3 pe\u00e7as<br \/>\n&#8211; Com tabela de digita\u00e7\u00e3o<br \/>\n&#8211; Digita\u00e7\u00e3o Barroca<\/p>\n<p>Origem:Indon\u00e9sia<br \/> Cor:Rosa<br \/> Unidades por Embalagem:1<br \/> G\u00eanero:Unissex<br \/> Material:ABS<br \/> Tipo de Dedilhado:Barroco<br \/> Inclui Estojo:Sim<\/p>\n<p><\/p>","protected":false},"excerpt":{"rendered":"<p>As Flautas Coloridas transl\u00facidas podem at\u00e9 parecer, mas n\u00e3o s\u00e3o brinquedos, e sim instrumentos de verdade. Feitas com a mesma resina ABS de nossas flautas tradicionais, elas oferecem a mesma precis\u00e3o de afina\u00e7\u00e3o, sonoridade encorpada e alta durabilidade. Tocadas sem esfor\u00e7o, possuem melodias belas e ricas, al\u00e9m do seu visual colorido, tornando a aprendizagem mais [&hellip;]<\/p>\n","protected":false},"featured_media":3402,"comment_status":"open","ping_status":"closed","template":"","meta":{"om_disable_all_campaigns":false,"jetpack_publicize_message":"","jetpack_publicize_feature_enabled":true,"jetpack_social_post_already_shared":false,"jetpack_social_options":{"image_generator_settings":{"template":"highway","default_image_id":0,"font":"","enabled":false},"version":2}},"product_brand":[163],"product_cat":[131,239],"product_tag":[553,556],"class_list":{"0":"post-3403","1":"product","2":"type-product","3":"status-publish","4":"has-post-thumbnail","6":"product_brand-yamaha","7":"product_cat-flauta-barroca","8":"product_cat-flautas","9":"product_tag-flauta-barroca","10":"product_tag-flauta-soprano","12":"first","13":"instock","14":"shipping-taxable","15":"purchasable","16":"product-type-simple"},"aioseo_notices":[],"jetpack_publicize_connections":[],"jetpack_sharing_enabled":true,"_links":{"self":[{"href":"https:\/\/delaet.com.br\/en\/wp-json\/wp\/v2\/product\/3403","targetHints":{"allow":["GET"]}}],"collection":[{"href":"https:\/\/delaet.com.br\/en\/wp-json\/wp\/v2\/product"}],"about":[{"href":"https:\/\/delaet.com.br\/en\/wp-json\/wp\/v2\/types\/product"}],"replies":[{"embeddable":true,"href":"https:\/\/delaet.com.br\/en\/wp-json\/wp\/v2\/comments?post=3403"}],"wp:featuredmedia":[{"embeddable":true,"href":"https:\/\/delaet.com.br\/en\/wp-json\/wp\/v2\/media\/3402"}],"wp:attachment":[{"href":"https:\/\/delaet.com.br\/en\/wp-json\/wp\/v2\/media?parent=3403"}],"wp:term":[{"taxonomy":"product_brand","embeddable":true,"href":"https:\/\/delaet.com.br\/en\/wp-json\/wp\/v2\/product_brand?post=3403"},{"taxonomy":"product_cat","embeddable":true,"href":"https:\/\/delaet.com.br\/en\/wp-json\/wp\/v2\/product_cat?post=3403"},{"taxonomy":"product_tag","embeddable":true,"href":"https:\/\/delaet.com.br\/en\/wp-json\/wp\/v2\/product_tag?post=3403"}],"curies":[{"name":"wp","href":"https:\/\/api.w.org\/{rel}","templated":true}]}}