{"id":3415,"date":"2026-04-12T09:34:48","date_gmt":"2026-04-12T12:34:48","guid":{"rendered":"https:\/\/delaet.com.br\/pt_br\/loja\/produto\/flauta-soprano-germanica-verde-yamaha-serie-20-yrs20gg-f035\/"},"modified":"2026-04-12T18:55:20","modified_gmt":"2026-04-12T21:55:20","slug":"flauta-soprano-germanica-verde-yamaha-serie-20-yrs20gg-f035","status":"publish","type":"product","link":"https:\/\/delaet.com.br\/en\/loja\/produto\/flauta-soprano-germanica-verde-yamaha-serie-20-yrs20gg-f035\/","title":{"rendered":"Flauta Soprano Germ\u00e2nica Verde Yamaha S\u00e9rie 20 YRS20GG"},"content":{"rendered":"<p>As Flautas Coloridas transl\u00facidas podem at\u00e9 parecer, mas n\u00e3o s\u00e3o brinquedos, e sim instrumentos de verdade. Feitas com a mesma resina ABS de nossas flautas tradicionais, elas oferecem a mesma precis\u00e3o de afina\u00e7\u00e3o, sonoridade encorpada e alta durabilidade. Tocadas sem esfor\u00e7o, possuem melodias belas e ricas, al\u00e9m do seu visual colorido, tornando a aprendizagem mais divertida|<\/p>\n<p>&#8211; Em DO<br \/>\n&#8211; Resina ABS<br \/>\n&#8211; Constru\u00e7\u00e3o em 3 pe\u00e7as<br \/>\n&#8211; Com tabela de digita\u00e7\u00e3o<br \/>\n&#8211; Digita\u00e7\u00e3o Germ\u00e2nica<\/p>\n<p>Origem:Indon\u00e9sia<br \/> Cor:Verde<br \/> Unidades por Embalagem:1<br \/> G\u00eanero:Unissex<br \/> Material:ABS<br \/> Tipo de Dedilhado:Germ\u00e2nico<br \/> Inclui Estojo:Sim<\/p>\n<p><\/p>","protected":false},"excerpt":{"rendered":"<p>As Flautas Coloridas transl\u00facidas podem at\u00e9 parecer, mas n\u00e3o s\u00e3o brinquedos, e sim instrumentos de verdade. Feitas com a mesma resina ABS de nossas flautas tradicionais, elas oferecem a mesma precis\u00e3o de afina\u00e7\u00e3o, sonoridade encorpada e alta durabilidade. Tocadas sem esfor\u00e7o, possuem melodias belas e ricas, al\u00e9m do seu visual colorido, tornando a aprendizagem mais [&hellip;]<\/p>\n","protected":false},"featured_media":3414,"comment_status":"open","ping_status":"closed","template":"","meta":{"om_disable_all_campaigns":false,"jetpack_publicize_message":"","jetpack_publicize_feature_enabled":true,"jetpack_social_post_already_shared":false,"jetpack_social_options":{"image_generator_settings":{"template":"highway","default_image_id":0,"font":"","enabled":false},"version":2}},"product_brand":[163],"product_cat":[129,239,128],"product_tag":[555],"class_list":{"0":"post-3415","1":"product","2":"type-product","3":"status-publish","4":"has-post-thumbnail","6":"product_brand-yamaha","7":"product_cat-flauta-germanica","8":"product_cat-flautas","9":"product_cat-instrumentos-de-sopro","10":"product_tag-flauta-germanica","12":"first","13":"instock","14":"shipping-taxable","15":"purchasable","16":"product-type-simple"},"aioseo_notices":[],"jetpack_publicize_connections":[],"jetpack_sharing_enabled":true,"_links":{"self":[{"href":"https:\/\/delaet.com.br\/en\/wp-json\/wp\/v2\/product\/3415","targetHints":{"allow":["GET"]}}],"collection":[{"href":"https:\/\/delaet.com.br\/en\/wp-json\/wp\/v2\/product"}],"about":[{"href":"https:\/\/delaet.com.br\/en\/wp-json\/wp\/v2\/types\/product"}],"replies":[{"embeddable":true,"href":"https:\/\/delaet.com.br\/en\/wp-json\/wp\/v2\/comments?post=3415"}],"wp:featuredmedia":[{"embeddable":true,"href":"https:\/\/delaet.com.br\/en\/wp-json\/wp\/v2\/media\/3414"}],"wp:attachment":[{"href":"https:\/\/delaet.com.br\/en\/wp-json\/wp\/v2\/media?parent=3415"}],"wp:term":[{"taxonomy":"product_brand","embeddable":true,"href":"https:\/\/delaet.com.br\/en\/wp-json\/wp\/v2\/product_brand?post=3415"},{"taxonomy":"product_cat","embeddable":true,"href":"https:\/\/delaet.com.br\/en\/wp-json\/wp\/v2\/product_cat?post=3415"},{"taxonomy":"product_tag","embeddable":true,"href":"https:\/\/delaet.com.br\/en\/wp-json\/wp\/v2\/product_tag?post=3415"}],"curies":[{"name":"wp","href":"https:\/\/api.w.org\/{rel}","templated":true}]}}