{"id":3426,"date":"2026-04-12T09:35:26","date_gmt":"2026-04-12T12:35:26","guid":{"rendered":"https:\/\/delaet.com.br\/pt_br\/loja\/produto\/grip-instrumentos-de-arco-grande-daddario-bowmaster-9480-f035\/"},"modified":"2026-04-12T18:41:47","modified_gmt":"2026-04-12T21:41:47","slug":"grip-instrumentos-de-arco-grande-daddario-bowmaster-9480-f035","status":"publish","type":"product","link":"https:\/\/delaet.com.br\/en\/loja\/produto\/grip-instrumentos-de-arco-grande-daddario-bowmaster-9480-f035\/","title":{"rendered":"Grip para Arco Grande D\u00b4Addario Bowmaster 9480"},"content":{"rendered":"<p>O DAddario Bowmaster \u00e9 um inovador grip para arco de instrumentos orquestrais projetado para aprimorar ainda mais a performance e o manuseio correto do arco orquestral. Essencial para aspirantes e indicado para m\u00fasicos iniciantes, seu design inovador auxilia a segurar o arco corretamente, facilitando na obten\u00e7\u00e3o de uma boa t\u00e9cnica desde o in\u00edcio. Basta aplicar o Bowmaster a empunhadura do arco e comece a tocar com conforto ergon\u00f4mico e o desenvolvimento dos movimentos mais adequados para uma performance impec\u00e1vel.  &#8211; Acess\u00f3rio de aprendizagem inovador e f\u00e1cil de usar. &#8211; Projetado para auxiliar m\u00fasicos a segurar corretamente o arco. &#8211; Auxilia a melhorar a ader\u00eancia para aprimorar a t\u00e9cnica. &#8211; Produzido com borracha confort\u00e1vel, dimensionado para acomodar todos os perfis de m\u00fasicos. &#8211; O Bowmaster Grande \u00e9 indicado para arcos utilizados em escalas 3\/4 e 4\/4.?<\/p>\n<p> Condi\u00e7\u00e3o do item:Novo<br \/> Fonte do Produto:Importado<br \/> G\u00eanero:Unissex<br \/> Instrumento recomendado:Instrumentos de Arco<br \/> C\u00f3digo Universal do Produto:752715794803<br \/> \u00c9 kit:N\u00e3o<br \/> Linha:Utilit\u00e1rios<br \/> Marca:DAddario Orchestral<br \/> Material:Borracha<br \/> Modelo:9480<br \/> Origem:Estados Unidos<br \/> SKU:039032<br \/> Tamanhos Compat\u00edveis:N\/A<br \/> Unidades por embalagem:1<\/p>\n<p><\/p>","protected":false},"excerpt":{"rendered":"<p>O DAddario Bowmaster \u00e9 um inovador grip para arco de instrumentos orquestrais projetado para aprimorar ainda mais a performance e o manuseio correto do arco orquestral. Essencial para aspirantes e indicado para m\u00fasicos iniciantes, seu design inovador auxilia a segurar o arco corretamente, facilitando na obten\u00e7\u00e3o de uma boa t\u00e9cnica desde o in\u00edcio. Basta aplicar [&hellip;]<\/p>\n","protected":false},"featured_media":3423,"comment_status":"open","ping_status":"closed","template":"","meta":{"om_disable_all_campaigns":false,"_monsterinsights_skip_tracking":false,"_monsterinsights_sitenote_active":false,"_monsterinsights_sitenote_note":"","_monsterinsights_sitenote_category":0,"jetpack_publicize_message":"","jetpack_publicize_feature_enabled":true,"jetpack_social_post_already_shared":false,"jetpack_social_options":{"image_generator_settings":{"template":"highway","default_image_id":0,"font":"","enabled":false},"version":2}},"product_brand":[160],"product_cat":[227,210,238],"product_tag":[552],"class_list":{"0":"post-3426","1":"product","2":"type-product","3":"status-publish","4":"has-post-thumbnail","6":"product_brand-daddario","7":"product_cat-arcos","8":"product_cat-friccionadas","9":"product_cat-outros-friccionadas","10":"product_tag-grip-para-arco","12":"first","13":"instock","14":"shipping-taxable","15":"purchasable","16":"product-type-simple"},"aioseo_notices":[],"jetpack_publicize_connections":[],"jetpack_sharing_enabled":true,"_links":{"self":[{"href":"https:\/\/delaet.com.br\/en\/wp-json\/wp\/v2\/product\/3426","targetHints":{"allow":["GET"]}}],"collection":[{"href":"https:\/\/delaet.com.br\/en\/wp-json\/wp\/v2\/product"}],"about":[{"href":"https:\/\/delaet.com.br\/en\/wp-json\/wp\/v2\/types\/product"}],"replies":[{"embeddable":true,"href":"https:\/\/delaet.com.br\/en\/wp-json\/wp\/v2\/comments?post=3426"}],"wp:featuredmedia":[{"embeddable":true,"href":"https:\/\/delaet.com.br\/en\/wp-json\/wp\/v2\/media\/3423"}],"wp:attachment":[{"href":"https:\/\/delaet.com.br\/en\/wp-json\/wp\/v2\/media?parent=3426"}],"wp:term":[{"taxonomy":"product_brand","embeddable":true,"href":"https:\/\/delaet.com.br\/en\/wp-json\/wp\/v2\/product_brand?post=3426"},{"taxonomy":"product_cat","embeddable":true,"href":"https:\/\/delaet.com.br\/en\/wp-json\/wp\/v2\/product_cat?post=3426"},{"taxonomy":"product_tag","embeddable":true,"href":"https:\/\/delaet.com.br\/en\/wp-json\/wp\/v2\/product_tag?post=3426"}],"curies":[{"name":"wp","href":"https:\/\/api.w.org\/{rel}","templated":true}]}}