{"id":3443,"date":"2026-04-12T09:36:20","date_gmt":"2026-04-12T12:36:20","guid":{"rendered":"https:\/\/delaet.com.br\/pt_br\/loja\/produto\/kit-de-limpeza-instrumento-d-addario-pw-eck-01-f035\/"},"modified":"2026-04-17T19:53:55","modified_gmt":"2026-04-17T22:53:55","slug":"kit-de-limpeza-instrumento-d-addario-pw-eck-01-f035","status":"publish","type":"product","link":"https:\/\/delaet.com.br\/en\/loja\/produto\/kit-de-limpeza-instrumento-d-addario-pw-eck-01-f035\/","title":{"rendered":"Kit De Limpeza Instrumento D\u00b4Addario PW-ECK-01"},"content":{"rendered":"<p>O Kit de cuidados gerais D Addario oferece tudo o que voc\u00ea precisa para manter o seu instrumento sempre em ordem &#8211; do Headstand aos produtos de limpeza e cuidados gerais &#8211; este kit cont\u00e9m todos os itens essenciais para m\u00fasicos dos mais variados estilos. O case incluso proporciona acesso f\u00e1cil a todos produtos para manuten\u00e7\u00e3o do seu instrumento.<\/p>\n<p>Origem:Estados Unidos<br \/> Unidades por Embalagem:1 Estojo\/Im\u00e3, 1 Tapete de Apoio, 1 Cera Polidora, 1 Cera L\u00edquida de Carna\u00faba, 1 Spray de Limpeza &amp; Manuten\u00e7\u00e3o, 1 Condicionador Hidratante para Escalas, 1 Kit de polimento de trastes, 1 XLR8 &#8211; Limpador de cordas, 1 Flanela de Microfibra, 1 Headstand<br \/> G\u00eanero:Unissex<\/p>\n<p><\/p>","protected":false},"excerpt":{"rendered":"<p>O Kit de cuidados gerais D Addario oferece tudo o que voc\u00ea precisa para manter o seu instrumento sempre em ordem &#8211; do Headstand aos produtos de limpeza e cuidados gerais &#8211; este kit cont\u00e9m todos os itens essenciais para m\u00fasicos dos mais variados estilos. O case incluso proporciona acesso f\u00e1cil a todos produtos para [&hellip;]<\/p>\n","protected":false},"featured_media":3439,"comment_status":"open","ping_status":"closed","template":"","meta":{"om_disable_all_campaigns":false,"jetpack_publicize_message":"","jetpack_publicize_feature_enabled":true,"jetpack_social_post_already_shared":false,"jetpack_social_options":{"image_generator_settings":{"template":"highway","default_image_id":0,"font":"","enabled":false},"version":2}},"product_brand":[160],"product_cat":[96,489,18],"product_tag":[549,488],"class_list":{"0":"post-3443","1":"product","2":"type-product","3":"status-publish","4":"has-post-thumbnail","6":"product_brand-daddario","7":"product_cat-acessorios","8":"product_cat-limpeza","9":"product_cat-sem-categoria","10":"product_tag-kit-limpeza","11":"product_tag-limpeza","13":"first","14":"instock","15":"shipping-taxable","16":"purchasable","17":"product-type-simple"},"aioseo_notices":[],"jetpack_publicize_connections":[],"jetpack_sharing_enabled":true,"_links":{"self":[{"href":"https:\/\/delaet.com.br\/en\/wp-json\/wp\/v2\/product\/3443","targetHints":{"allow":["GET"]}}],"collection":[{"href":"https:\/\/delaet.com.br\/en\/wp-json\/wp\/v2\/product"}],"about":[{"href":"https:\/\/delaet.com.br\/en\/wp-json\/wp\/v2\/types\/product"}],"replies":[{"embeddable":true,"href":"https:\/\/delaet.com.br\/en\/wp-json\/wp\/v2\/comments?post=3443"}],"wp:featuredmedia":[{"embeddable":true,"href":"https:\/\/delaet.com.br\/en\/wp-json\/wp\/v2\/media\/3439"}],"wp:attachment":[{"href":"https:\/\/delaet.com.br\/en\/wp-json\/wp\/v2\/media?parent=3443"}],"wp:term":[{"taxonomy":"product_brand","embeddable":true,"href":"https:\/\/delaet.com.br\/en\/wp-json\/wp\/v2\/product_brand?post=3443"},{"taxonomy":"product_cat","embeddable":true,"href":"https:\/\/delaet.com.br\/en\/wp-json\/wp\/v2\/product_cat?post=3443"},{"taxonomy":"product_tag","embeddable":true,"href":"https:\/\/delaet.com.br\/en\/wp-json\/wp\/v2\/product_tag?post=3443"}],"curies":[{"name":"wp","href":"https:\/\/api.w.org\/{rel}","templated":true}]}}