{"id":3463,"date":"2026-04-12T09:37:36","date_gmt":"2026-04-12T12:37:36","guid":{"rendered":"https:\/\/delaet.com.br\/pt_br\/loja\/produto\/knob-de-metal-cromado-3-unidades-gotoh-vk1-19-c-f035\/"},"modified":"2026-04-13T19:32:45","modified_gmt":"2026-04-13T22:32:45","slug":"knob-de-metal-cromado-3-unidades-gotoh-vk1-19-c-f035","status":"publish","type":"product","link":"https:\/\/delaet.com.br\/en\/loja\/produto\/knob-de-metal-cromado-3-unidades-gotoh-vk1-19-c-f035\/","title":{"rendered":"Knob De Metal Cromado (3 Unidades) Gotoh VK1-19-C"},"content":{"rendered":"<p>Knob de metal com acabamento Chrome (cromado) para diversos modelos de guitarras ou baixos. Com 19 mm de di\u00e2metro, deixando com excelente visual e \u00f3tima pegada no seu instrumento. Encaixe para o potenci\u00f4metro de 6 mm com fixa\u00e7\u00e3o por parafuso.<\/p>\n<p>* Fabricado no Jap\u00e3o?<\/p>\n<p>NCM:92099400<br \/> Modelo:VK1-19-C<br \/> Marca:Gotoh<br \/> C\u00f3digo de Barra:009055<br \/> Origem:Jap\u00e3o<br \/> G\u00eanero:Unissex<\/p>\n<p> Condi\u00e7\u00e3o do item:Novo<br \/> \u00c9 Kit:N\u00e3o<br \/> Instrumentos compat\u00edveis:Guitarra\/Baixo<br \/> Quantidade de unidades:3<\/p>\n<p><\/p>","protected":false},"excerpt":{"rendered":"<p>Knob de metal com acabamento Chrome (cromado) para diversos modelos de guitarras ou baixos. Com 19 mm de di\u00e2metro, deixando com excelente visual e \u00f3tima pegada no seu instrumento. Encaixe para o potenci\u00f4metro de 6 mm com fixa\u00e7\u00e3o por parafuso. * Fabricado no Jap\u00e3o? NCM:92099400 Modelo:VK1-19-C Marca:Gotoh C\u00f3digo de Barra:009055 Origem:Jap\u00e3o G\u00eanero:Unissex Condi\u00e7\u00e3o do item:Novo [&hellip;]<\/p>\n","protected":false},"featured_media":3461,"comment_status":"open","ping_status":"closed","template":"","meta":{"om_disable_all_campaigns":false,"jetpack_publicize_message":"","jetpack_publicize_feature_enabled":true,"jetpack_social_post_already_shared":false,"jetpack_social_options":{"image_generator_settings":{"template":"highway","default_image_id":0,"font":"","enabled":false},"version":2}},"product_brand":[164],"product_cat":[28,221],"product_tag":[544],"class_list":{"0":"post-3463","1":"product","2":"type-product","3":"status-publish","4":"has-post-thumbnail","6":"product_brand-gotoh","7":"product_cat-eletricos","8":"product_cat-knobs-eletricos","9":"product_tag-knob","11":"first","12":"instock","13":"shipping-taxable","14":"purchasable","15":"product-type-simple"},"aioseo_notices":[],"jetpack_publicize_connections":[],"jetpack_sharing_enabled":true,"_links":{"self":[{"href":"https:\/\/delaet.com.br\/en\/wp-json\/wp\/v2\/product\/3463","targetHints":{"allow":["GET"]}}],"collection":[{"href":"https:\/\/delaet.com.br\/en\/wp-json\/wp\/v2\/product"}],"about":[{"href":"https:\/\/delaet.com.br\/en\/wp-json\/wp\/v2\/types\/product"}],"replies":[{"embeddable":true,"href":"https:\/\/delaet.com.br\/en\/wp-json\/wp\/v2\/comments?post=3463"}],"wp:featuredmedia":[{"embeddable":true,"href":"https:\/\/delaet.com.br\/en\/wp-json\/wp\/v2\/media\/3461"}],"wp:attachment":[{"href":"https:\/\/delaet.com.br\/en\/wp-json\/wp\/v2\/media?parent=3463"}],"wp:term":[{"taxonomy":"product_brand","embeddable":true,"href":"https:\/\/delaet.com.br\/en\/wp-json\/wp\/v2\/product_brand?post=3463"},{"taxonomy":"product_cat","embeddable":true,"href":"https:\/\/delaet.com.br\/en\/wp-json\/wp\/v2\/product_cat?post=3463"},{"taxonomy":"product_tag","embeddable":true,"href":"https:\/\/delaet.com.br\/en\/wp-json\/wp\/v2\/product_tag?post=3463"}],"curies":[{"name":"wp","href":"https:\/\/api.w.org\/{rel}","templated":true}]}}