{"id":3469,"date":"2026-04-12T09:37:55","date_gmt":"2026-04-12T12:37:55","guid":{"rendered":"https:\/\/delaet.com.br\/pt_br\/loja\/produto\/knob-madeira-instrumentos-bege-3-pecas-spirit-wstk-mbg-f035\/"},"modified":"2026-04-12T18:30:47","modified_gmt":"2026-04-12T21:30:47","slug":"knob-madeira-instrumentos-bege-3-pecas-spirit-wstk-mbg-f035","status":"publish","type":"product","link":"https:\/\/delaet.com.br\/en\/loja\/produto\/knob-madeira-instrumentos-bege-3-pecas-spirit-wstk-mbg-f035\/","title":{"rendered":"Knob Madeira Instrumentos Bege (3 Pe\u00e7as) Spirit WSTK-MBG"},"content":{"rendered":"<p>Knob (bot\u00e3o) de madeira em acabamento bege, 3 unidades, comumente usado nos modelos de guitarras Stratocaster da Fender e entre outras. Spirit Guitar Parts &#8211; WSTK-MBG.<\/p>\n<p>Modelo:WSTK-MBG<br \/> Material:Madeira<br \/> SKU:021964<\/p>\n<p> Condi\u00e7\u00e3o:Novo<br \/> Cor:Bege<br \/> C\u00f3digo Universal do Produto:7899559808716<br \/> G\u00eanero:Unissex<br \/> Linha:Spirit Guitar Parts<br \/> MPN:K0141_99<br \/> Marca:Spirit Guitar Parts<br \/> Origem:Cor\u00e9ia do Sul<br \/> Unidades por embalagem:3<br \/> \u00c9 kit:N\u00e3o<br \/> Instrumento Recomendado:Guitarra<\/p>\n<p><\/p>","protected":false},"excerpt":{"rendered":"<p>Knob (bot\u00e3o) de madeira em acabamento bege, 3 unidades, comumente usado nos modelos de guitarras Stratocaster da Fender e entre outras. Spirit Guitar Parts &#8211; WSTK-MBG. Modelo:WSTK-MBG Material:Madeira SKU:021964 Condi\u00e7\u00e3o:Novo Cor:Bege C\u00f3digo Universal do Produto:7899559808716 G\u00eanero:Unissex Linha:Spirit Guitar Parts MPN:K0141_99 Marca:Spirit Guitar Parts Origem:Cor\u00e9ia do Sul Unidades por embalagem:3 \u00c9 kit:N\u00e3o Instrumento Recomendado:Guitarra<\/p>","protected":false},"featured_media":3468,"comment_status":"open","ping_status":"closed","template":"","meta":{"om_disable_all_campaigns":false,"_monsterinsights_skip_tracking":false,"_monsterinsights_sitenote_active":false,"_monsterinsights_sitenote_note":"","_monsterinsights_sitenote_category":0,"jetpack_publicize_message":"","jetpack_publicize_feature_enabled":true,"jetpack_social_post_already_shared":false,"jetpack_social_options":{"image_generator_settings":{"template":"highway","default_image_id":0,"font":"","enabled":false},"version":2}},"product_brand":[165],"product_cat":[28,221],"product_tag":[544],"class_list":{"0":"post-3469","1":"product","2":"type-product","3":"status-publish","4":"has-post-thumbnail","6":"product_brand-spirit","7":"product_cat-eletricos","8":"product_cat-knobs-eletricos","9":"product_tag-knob","11":"first","12":"instock","13":"shipping-taxable","14":"purchasable","15":"product-type-simple"},"aioseo_notices":[],"jetpack_publicize_connections":[],"jetpack_sharing_enabled":true,"_links":{"self":[{"href":"https:\/\/delaet.com.br\/en\/wp-json\/wp\/v2\/product\/3469","targetHints":{"allow":["GET"]}}],"collection":[{"href":"https:\/\/delaet.com.br\/en\/wp-json\/wp\/v2\/product"}],"about":[{"href":"https:\/\/delaet.com.br\/en\/wp-json\/wp\/v2\/types\/product"}],"replies":[{"embeddable":true,"href":"https:\/\/delaet.com.br\/en\/wp-json\/wp\/v2\/comments?post=3469"}],"wp:featuredmedia":[{"embeddable":true,"href":"https:\/\/delaet.com.br\/en\/wp-json\/wp\/v2\/media\/3468"}],"wp:attachment":[{"href":"https:\/\/delaet.com.br\/en\/wp-json\/wp\/v2\/media?parent=3469"}],"wp:term":[{"taxonomy":"product_brand","embeddable":true,"href":"https:\/\/delaet.com.br\/en\/wp-json\/wp\/v2\/product_brand?post=3469"},{"taxonomy":"product_cat","embeddable":true,"href":"https:\/\/delaet.com.br\/en\/wp-json\/wp\/v2\/product_cat?post=3469"},{"taxonomy":"product_tag","embeddable":true,"href":"https:\/\/delaet.com.br\/en\/wp-json\/wp\/v2\/product_tag?post=3469"}],"curies":[{"name":"wp","href":"https:\/\/api.w.org\/{rel}","templated":true}]}}