{"id":3577,"date":"2026-04-12T09:45:30","date_gmt":"2026-04-12T12:45:30","guid":{"rendered":"https:\/\/delaet.com.br\/pt_br\/loja\/produto\/marcador-para-escala-madreperola-9-pecas-spirit-ap6-mop-f035\/"},"modified":"2026-04-12T18:11:37","modified_gmt":"2026-04-12T21:11:37","slug":"marcador-para-escala-madreperola-9-pecas-spirit-ap6-mop-f035","status":"publish","type":"product","link":"https:\/\/delaet.com.br\/en\/loja\/produto\/marcador-para-escala-madreperola-9-pecas-spirit-ap6-mop-f035\/","title":{"rendered":"Marcador Para Escala Madrep\u00e9rola (9 Pe\u00e7as) Spirit AP6-MOP"},"content":{"rendered":"<p>Marcador para Escala Raio em Madrep\u00e9rola, 9 unidades, Spirit Guitar Parts &#8211; AP6-MOP.<\/p>\n<p>Instrumentos compat\u00edveis:Guitarra\/Baixo\/Viol\u00e3o<br \/> Material:Madrep\u00e9rola<br \/> SKU:017832<\/p>\n<p> Condi\u00e7\u00e3o:Novo<br \/> Cor:N\/A<br \/> C\u00f3digo Universal do Produto:7899559805487<br \/> G\u00eanero:Unissex<br \/> Linha:Spirit Guitar Parts<br \/> MPN:H6006_5<br \/> Marca:Spirit<br \/> Modelo:AP6-MOP<br \/> Origem:Cor\u00e9ia do Sul<br \/> Unidades por embalagem:9<br \/> \u00c9 kit:N\u00e3o<br \/> Instrumento Recomendado:Guitarra\/Baixo\/Viol\u00e3o<\/p>\n<p><\/p>","protected":false},"excerpt":{"rendered":"<p>Marcador para Escala Raio em Madrep\u00e9rola, 9 unidades, Spirit Guitar Parts &#8211; AP6-MOP. Instrumentos compat\u00edveis:Guitarra\/Baixo\/Viol\u00e3o Material:Madrep\u00e9rola SKU:017832 Condi\u00e7\u00e3o:Novo Cor:N\/A C\u00f3digo Universal do Produto:7899559805487 G\u00eanero:Unissex Linha:Spirit Guitar Parts MPN:H6006_5 Marca:Spirit Modelo:AP6-MOP Origem:Cor\u00e9ia do Sul Unidades por embalagem:9 \u00c9 kit:N\u00e3o Instrumento Recomendado:Guitarra\/Baixo\/Viol\u00e3o<\/p>","protected":false},"featured_media":3576,"comment_status":"open","ping_status":"closed","template":"","meta":{"om_disable_all_campaigns":false,"_monsterinsights_skip_tracking":false,"_monsterinsights_sitenote_active":false,"_monsterinsights_sitenote_note":"","_monsterinsights_sitenote_category":0,"jetpack_publicize_message":"","jetpack_publicize_feature_enabled":true,"jetpack_social_post_already_shared":false,"jetpack_social_options":{"image_generator_settings":{"template":"highway","default_image_id":0,"font":"","enabled":false},"version":2}},"product_brand":[165],"product_cat":[533,276],"product_tag":[532],"class_list":{"0":"post-3577","1":"product","2":"type-product","3":"status-publish","4":"has-post-thumbnail","6":"product_brand-spirit","7":"product_cat-marcadores-de-escala","8":"product_cat-luthier","9":"product_tag-marcador-escala","11":"first","12":"instock","13":"shipping-taxable","14":"purchasable","15":"product-type-simple"},"aioseo_notices":[],"jetpack_publicize_connections":[],"jetpack_sharing_enabled":true,"_links":{"self":[{"href":"https:\/\/delaet.com.br\/en\/wp-json\/wp\/v2\/product\/3577","targetHints":{"allow":["GET"]}}],"collection":[{"href":"https:\/\/delaet.com.br\/en\/wp-json\/wp\/v2\/product"}],"about":[{"href":"https:\/\/delaet.com.br\/en\/wp-json\/wp\/v2\/types\/product"}],"replies":[{"embeddable":true,"href":"https:\/\/delaet.com.br\/en\/wp-json\/wp\/v2\/comments?post=3577"}],"wp:featuredmedia":[{"embeddable":true,"href":"https:\/\/delaet.com.br\/en\/wp-json\/wp\/v2\/media\/3576"}],"wp:attachment":[{"href":"https:\/\/delaet.com.br\/en\/wp-json\/wp\/v2\/media?parent=3577"}],"wp:term":[{"taxonomy":"product_brand","embeddable":true,"href":"https:\/\/delaet.com.br\/en\/wp-json\/wp\/v2\/product_brand?post=3577"},{"taxonomy":"product_cat","embeddable":true,"href":"https:\/\/delaet.com.br\/en\/wp-json\/wp\/v2\/product_cat?post=3577"},{"taxonomy":"product_tag","embeddable":true,"href":"https:\/\/delaet.com.br\/en\/wp-json\/wp\/v2\/product_tag?post=3577"}],"curies":[{"name":"wp","href":"https:\/\/api.w.org\/{rel}","templated":true}]}}