{"id":3579,"date":"2026-04-12T09:45:40","date_gmt":"2026-04-12T12:45:40","guid":{"rendered":"https:\/\/delaet.com.br\/pt_br\/loja\/produto\/medidor-de-perfil-estilo-agulha-hosco-tl-ru-pg-f035\/"},"modified":"2026-04-15T19:23:26","modified_gmt":"2026-04-15T22:23:26","slug":"medidor-de-perfil-estilo-agulha-hosco-tl-ru-pg-f035","status":"publish","type":"product","link":"https:\/\/delaet.com.br\/en\/loja\/produto\/medidor-de-perfil-estilo-agulha-hosco-tl-ru-pg-f035\/","title":{"rendered":"Medidor De Perfil Estilo Agulha Hosco TL-RU-PG"},"content":{"rendered":"<p>150 mm de comprimento, perfilando a forma Tamanho da agulha: 84 mm x 0,8 mm de di\u00e2metro Feito de a\u00e7o inoxid\u00e1vel<\/p>\n<p>Cor:Cinza<br \/> \u00c9 kit:N\u00e3o<br \/> Instrumento Recomendado:V\u00e1rios<br \/> Material:A\u00e7o<br \/> Unidades por embalagem:1<\/p>\n<p> Condi\u00e7\u00e3o do item:Novo<br \/> Fonte do Produto:Importado<br \/> G\u00eanero:Unissex<br \/> Marca:Hosco<br \/> Modelo:TL-RU-PG<br \/> Origem:Jap\u00e3o<br \/> SKU:052508<br \/> C\u00f3digo de Barras:7899559812713<br \/> N\u00famero de pe\u00e7a:TL-RU-PG<br \/> Comprimento da embalagem:36 cm<br \/> Largura da embalagem:32 cm<br \/> Altura da embalagem:3 cm<br \/> Peso da embalagem:33 g<br \/> Tipo da embalagem:Sem embalagem adicional<\/p>\n<p><\/p>","protected":false},"excerpt":{"rendered":"<p>150 mm de comprimento, perfilando a forma Tamanho da agulha: 84 mm x 0,8 mm de di\u00e2metro Feito de a\u00e7o inoxid\u00e1vel Cor:Cinza \u00c9 kit:N\u00e3o Instrumento Recomendado:V\u00e1rios Material:A\u00e7o Unidades por embalagem:1 Condi\u00e7\u00e3o do item:Novo Fonte do Produto:Importado G\u00eanero:Unissex Marca:Hosco Modelo:TL-RU-PG Origem:Jap\u00e3o SKU:052508 C\u00f3digo de Barras:7899559812713 N\u00famero de pe\u00e7a:TL-RU-PG Comprimento da embalagem:36 cm Largura da embalagem:32 cm [&hellip;]<\/p>\n","protected":false},"featured_media":3578,"comment_status":"open","ping_status":"closed","template":"","meta":{"om_disable_all_campaigns":false,"_monsterinsights_skip_tracking":false,"_monsterinsights_sitenote_active":false,"_monsterinsights_sitenote_note":"","_monsterinsights_sitenote_category":0,"jetpack_publicize_message":"","jetpack_publicize_feature_enabled":true,"jetpack_social_post_already_shared":false,"jetpack_social_options":{"image_generator_settings":{"template":"highway","default_image_id":0,"font":"","enabled":false},"version":2}},"product_brand":[162],"product_cat":[133,276],"product_tag":[531],"class_list":{"0":"post-3579","1":"product","2":"type-product","3":"status-publish","4":"has-post-thumbnail","6":"product_brand-hosco","7":"product_cat-ferramentas","8":"product_cat-luthier","9":"product_tag-medidor-de-perfil","11":"first","12":"instock","13":"shipping-taxable","14":"purchasable","15":"product-type-simple"},"aioseo_notices":[],"jetpack_publicize_connections":[],"jetpack_sharing_enabled":true,"_links":{"self":[{"href":"https:\/\/delaet.com.br\/en\/wp-json\/wp\/v2\/product\/3579","targetHints":{"allow":["GET"]}}],"collection":[{"href":"https:\/\/delaet.com.br\/en\/wp-json\/wp\/v2\/product"}],"about":[{"href":"https:\/\/delaet.com.br\/en\/wp-json\/wp\/v2\/types\/product"}],"replies":[{"embeddable":true,"href":"https:\/\/delaet.com.br\/en\/wp-json\/wp\/v2\/comments?post=3579"}],"wp:featuredmedia":[{"embeddable":true,"href":"https:\/\/delaet.com.br\/en\/wp-json\/wp\/v2\/media\/3578"}],"wp:attachment":[{"href":"https:\/\/delaet.com.br\/en\/wp-json\/wp\/v2\/media?parent=3579"}],"wp:term":[{"taxonomy":"product_brand","embeddable":true,"href":"https:\/\/delaet.com.br\/en\/wp-json\/wp\/v2\/product_brand?post=3579"},{"taxonomy":"product_cat","embeddable":true,"href":"https:\/\/delaet.com.br\/en\/wp-json\/wp\/v2\/product_cat?post=3579"},{"taxonomy":"product_tag","embeddable":true,"href":"https:\/\/delaet.com.br\/en\/wp-json\/wp\/v2\/product_tag?post=3579"}],"curies":[{"name":"wp","href":"https:\/\/api.w.org\/{rel}","templated":true}]}}