{"id":3590,"date":"2026-04-12T09:46:09","date_gmt":"2026-04-12T12:46:09","guid":{"rendered":"https:\/\/delaet.com.br\/pt_br\/loja\/produto\/moldura-captador-humbucker-creme-2-pecas-spirit-mt30r-iv-f035\/"},"modified":"2026-04-12T17:41:16","modified_gmt":"2026-04-12T20:41:16","slug":"moldura-captador-humbucker-creme-2-pecas-spirit-mt30r-iv-f035","status":"publish","type":"product","link":"https:\/\/delaet.com.br\/en\/loja\/produto\/moldura-captador-humbucker-creme-2-pecas-spirit-mt30r-iv-f035\/","title":{"rendered":"Moldura Captador Humbucker Creme (2 Pe\u00e7as) Spirit MT30R-IV"},"content":{"rendered":"<p>Moldura para Captador de Guitarra estilo Humbucker creme, ponte (bridge), 2 unidades &#8211; Spirit Guitar Parts, MT30R-IV.<\/p>\n<p>Instrumentos compat\u00edveis:Guitarra<br \/> Material:Pl\u00e1stico<br \/> SKU:022491<\/p>\n<p> Condi\u00e7\u00e3o:Novo<br \/> Cor:Creme<br \/> C\u00f3digo Universal do Produto:7899559809072<br \/> G\u00eanero:Unissex<br \/> Linha:Spirit Guitar Parts<br \/> MPN:M7302_450<br \/> Marca:Spirit<br \/> Modelo:MT30R-IV<br \/> Origem:Cor\u00e9ia do Sul<br \/> Unidades por embalagem:2<br \/> \u00c9 kit:N\u00e3o<br \/> Instrumento Recomendado:Guitarra<\/p>\n<p><\/p>","protected":false},"excerpt":{"rendered":"<p>Moldura para Captador de Guitarra estilo Humbucker creme, ponte (bridge), 2 unidades &#8211; Spirit Guitar Parts, MT30R-IV. Instrumentos compat\u00edveis:Guitarra Material:Pl\u00e1stico SKU:022491 Condi\u00e7\u00e3o:Novo Cor:Creme C\u00f3digo Universal do Produto:7899559809072 G\u00eanero:Unissex Linha:Spirit Guitar Parts MPN:M7302_450 Marca:Spirit Modelo:MT30R-IV Origem:Cor\u00e9ia do Sul Unidades por embalagem:2 \u00c9 kit:N\u00e3o Instrumento Recomendado:Guitarra<\/p>","protected":false},"featured_media":3588,"comment_status":"open","ping_status":"closed","template":"","meta":{"om_disable_all_campaigns":false,"_monsterinsights_skip_tracking":false,"_monsterinsights_sitenote_active":false,"_monsterinsights_sitenote_note":"","_monsterinsights_sitenote_category":0,"jetpack_publicize_message":"","jetpack_publicize_feature_enabled":true,"jetpack_social_post_already_shared":false,"jetpack_social_options":{"image_generator_settings":{"template":"highway","default_image_id":0,"font":"","enabled":false},"version":2}},"product_brand":[165],"product_cat":[28,223],"product_tag":[528,527],"class_list":{"0":"post-3590","1":"product","2":"type-product","3":"status-publish","4":"has-post-thumbnail","6":"product_brand-spirit","7":"product_cat-eletricos","8":"product_cat-outros","9":"product_tag-captador","10":"product_tag-moldura","12":"first","13":"instock","14":"shipping-taxable","15":"purchasable","16":"product-type-simple"},"aioseo_notices":[],"jetpack_publicize_connections":[],"jetpack_sharing_enabled":true,"_links":{"self":[{"href":"https:\/\/delaet.com.br\/en\/wp-json\/wp\/v2\/product\/3590","targetHints":{"allow":["GET"]}}],"collection":[{"href":"https:\/\/delaet.com.br\/en\/wp-json\/wp\/v2\/product"}],"about":[{"href":"https:\/\/delaet.com.br\/en\/wp-json\/wp\/v2\/types\/product"}],"replies":[{"embeddable":true,"href":"https:\/\/delaet.com.br\/en\/wp-json\/wp\/v2\/comments?post=3590"}],"wp:featuredmedia":[{"embeddable":true,"href":"https:\/\/delaet.com.br\/en\/wp-json\/wp\/v2\/media\/3588"}],"wp:attachment":[{"href":"https:\/\/delaet.com.br\/en\/wp-json\/wp\/v2\/media?parent=3590"}],"wp:term":[{"taxonomy":"product_brand","embeddable":true,"href":"https:\/\/delaet.com.br\/en\/wp-json\/wp\/v2\/product_brand?post=3590"},{"taxonomy":"product_cat","embeddable":true,"href":"https:\/\/delaet.com.br\/en\/wp-json\/wp\/v2\/product_cat?post=3590"},{"taxonomy":"product_tag","embeddable":true,"href":"https:\/\/delaet.com.br\/en\/wp-json\/wp\/v2\/product_tag?post=3590"}],"curies":[{"name":"wp","href":"https:\/\/api.w.org\/{rel}","templated":true}]}}