{"id":3592,"date":"2026-04-12T09:46:19","date_gmt":"2026-04-12T12:46:19","guid":{"rendered":"https:\/\/delaet.com.br\/pt_br\/loja\/produto\/oleo-de-limao-para-limpeza-d-addario-pw-lmn-f035\/"},"modified":"2026-04-12T17:40:39","modified_gmt":"2026-04-12T20:40:39","slug":"oleo-de-limao-para-limpeza-d-addario-pw-lmn-f035","status":"publish","type":"product","link":"https:\/\/delaet.com.br\/en\/loja\/produto\/oleo-de-limao-para-limpeza-d-addario-pw-lmn-f035\/","title":{"rendered":"Ol\u00e9o De Lim\u00e3o Para Limpeza D\u00b4Addario PW-LMN"},"content":{"rendered":"<p>O \u00d3leo de Lim\u00e3o da D Addario \u00e9 um limpador natural desenvolvido para remover sujeira e hidratar o instrumento, evitando o ressecamento e prolongando a vida \u00fatil. Recomendado para uso em madeiras sem acabamento.<\/p>\n<p>Origem:Estados Unidos<br \/> Unidades por Embalagem:1<br \/> G\u00eanero:Unissex<\/p>\n<p><\/p>","protected":false},"excerpt":{"rendered":"<p>O \u00d3leo de Lim\u00e3o da D Addario \u00e9 um limpador natural desenvolvido para remover sujeira e hidratar o instrumento, evitando o ressecamento e prolongando a vida \u00fatil. Recomendado para uso em madeiras sem acabamento. Origem:Estados Unidos Unidades por Embalagem:1 G\u00eanero:Unissex<\/p>","protected":false},"featured_media":3591,"comment_status":"open","ping_status":"closed","template":"","meta":{"om_disable_all_campaigns":false,"jetpack_publicize_message":"","jetpack_publicize_feature_enabled":true,"jetpack_social_post_already_shared":false,"jetpack_social_options":{"image_generator_settings":{"template":"highway","default_image_id":0,"font":"","enabled":false},"version":2}},"product_brand":[160],"product_cat":[96,489,524,276],"product_tag":[526,488,525],"class_list":{"0":"post-3592","1":"product","2":"type-product","3":"status-publish","4":"has-post-thumbnail","6":"product_brand-daddario","7":"product_cat-acessorios","8":"product_cat-limpeza","9":"product_cat-limpeza-luthier","10":"product_cat-luthier","11":"product_tag-cleaner","12":"product_tag-limpeza","13":"product_tag-oleo-de-limao","15":"first","16":"instock","17":"shipping-taxable","18":"purchasable","19":"product-type-simple"},"aioseo_notices":[],"jetpack_publicize_connections":[],"jetpack_sharing_enabled":true,"_links":{"self":[{"href":"https:\/\/delaet.com.br\/en\/wp-json\/wp\/v2\/product\/3592","targetHints":{"allow":["GET"]}}],"collection":[{"href":"https:\/\/delaet.com.br\/en\/wp-json\/wp\/v2\/product"}],"about":[{"href":"https:\/\/delaet.com.br\/en\/wp-json\/wp\/v2\/types\/product"}],"replies":[{"embeddable":true,"href":"https:\/\/delaet.com.br\/en\/wp-json\/wp\/v2\/comments?post=3592"}],"wp:featuredmedia":[{"embeddable":true,"href":"https:\/\/delaet.com.br\/en\/wp-json\/wp\/v2\/media\/3591"}],"wp:attachment":[{"href":"https:\/\/delaet.com.br\/en\/wp-json\/wp\/v2\/media?parent=3592"}],"wp:term":[{"taxonomy":"product_brand","embeddable":true,"href":"https:\/\/delaet.com.br\/en\/wp-json\/wp\/v2\/product_brand?post=3592"},{"taxonomy":"product_cat","embeddable":true,"href":"https:\/\/delaet.com.br\/en\/wp-json\/wp\/v2\/product_cat?post=3592"},{"taxonomy":"product_tag","embeddable":true,"href":"https:\/\/delaet.com.br\/en\/wp-json\/wp\/v2\/product_tag?post=3592"}],"curies":[{"name":"wp","href":"https:\/\/api.w.org\/{rel}","templated":true}]}}