{"id":3595,"date":"2026-04-12T09:46:26","date_gmt":"2026-04-12T12:46:26","guid":{"rendered":"https:\/\/delaet.com.br\/pt_br\/loja\/produto\/pacote-10-fita-adesiva-kamoi-luthieria-12x18-hosco-hmaskt12p-f035\/"},"modified":"2026-04-12T17:39:30","modified_gmt":"2026-04-12T20:39:30","slug":"pacote-10-fita-adesiva-kamoi-luthieria-12x18-hosco-hmaskt12p-f035","status":"publish","type":"product","link":"https:\/\/delaet.com.br\/en\/loja\/produto\/pacote-10-fita-adesiva-kamoi-luthieria-12x18-hosco-hmaskt12p-f035\/","title":{"rendered":"Pacote 10 Fita Adesiva Kamoi Luthieria 12&#215;18 Hosco HMASKT12P"},"content":{"rendered":"<p>Fita de marca\u00e7\u00e3o de escala Masking Tape Kamoi Lowtack Hosco 12X18 H-Maskt12P (10 Unidades) &#8211; Indicada para luthieria<\/p>\n<p>Cor:Azul<br \/> \u00c9 kit:Sim<br \/> Instrumento Recomendado:V\u00e1rios<br \/> Material:Papel<br \/> Unidades por embalagem:10<\/p>\n<p> Condi\u00e7\u00e3o do item:Novo<br \/> Fonte do Produto:Importado<br \/> G\u00eanero:Unissex<br \/> Marca:Hosco<br \/> Modelo:H-MASKT-12P<br \/> Origem:Jap\u00e3o<br \/> SKU:052515<br \/> C\u00f3digo de Barras:7899559812782<br \/> N\u00famero de pe\u00e7a:H-MASKT-12P<br \/> Comprimento da embalagem:20 cm<br \/> Largura da embalagem:13 cm<br \/> Altura da embalagem:13 cm<br \/> Peso da embalagem:32 g<br \/> Tipo da embalagem:Sem embalagem adicional<\/p>\n<p><\/p>","protected":false},"excerpt":{"rendered":"<p>Fita de marca\u00e7\u00e3o de escala Masking Tape Kamoi Lowtack Hosco 12X18 H-Maskt12P (10 Unidades) &#8211; Indicada para luthieria Cor:Azul \u00c9 kit:Sim Instrumento Recomendado:V\u00e1rios Material:Papel Unidades por embalagem:10 Condi\u00e7\u00e3o do item:Novo Fonte do Produto:Importado G\u00eanero:Unissex Marca:Hosco Modelo:H-MASKT-12P Origem:Jap\u00e3o SKU:052515 C\u00f3digo de Barras:7899559812782 N\u00famero de pe\u00e7a:H-MASKT-12P Comprimento da embalagem:20 cm Largura da embalagem:13 cm Altura da embalagem:13 [&hellip;]<\/p>\n","protected":false},"featured_media":3593,"comment_status":"open","ping_status":"closed","template":"","meta":{"om_disable_all_campaigns":false,"jetpack_publicize_message":"","jetpack_publicize_feature_enabled":true,"jetpack_social_post_already_shared":false,"jetpack_social_options":{"image_generator_settings":{"template":"highway","default_image_id":0,"font":"","enabled":false},"version":2}},"product_brand":[],"product_cat":[523,276],"product_tag":[519,522,521,520],"class_list":{"0":"post-3595","1":"product","2":"type-product","3":"status-publish","4":"has-post-thumbnail","6":"product_cat-fita-adesiva","7":"product_cat-luthier","8":"product_tag-fita-adesiva","9":"product_tag-kamoi","10":"product_tag-luthier","11":"product_tag-luthieria","13":"first","14":"instock","15":"shipping-taxable","16":"purchasable","17":"product-type-simple"},"aioseo_notices":[],"jetpack_publicize_connections":[],"jetpack_sharing_enabled":true,"_links":{"self":[{"href":"https:\/\/delaet.com.br\/en\/wp-json\/wp\/v2\/product\/3595","targetHints":{"allow":["GET"]}}],"collection":[{"href":"https:\/\/delaet.com.br\/en\/wp-json\/wp\/v2\/product"}],"about":[{"href":"https:\/\/delaet.com.br\/en\/wp-json\/wp\/v2\/types\/product"}],"replies":[{"embeddable":true,"href":"https:\/\/delaet.com.br\/en\/wp-json\/wp\/v2\/comments?post=3595"}],"wp:featuredmedia":[{"embeddable":true,"href":"https:\/\/delaet.com.br\/en\/wp-json\/wp\/v2\/media\/3593"}],"wp:attachment":[{"href":"https:\/\/delaet.com.br\/en\/wp-json\/wp\/v2\/media?parent=3595"}],"wp:term":[{"taxonomy":"product_brand","embeddable":true,"href":"https:\/\/delaet.com.br\/en\/wp-json\/wp\/v2\/product_brand?post=3595"},{"taxonomy":"product_cat","embeddable":true,"href":"https:\/\/delaet.com.br\/en\/wp-json\/wp\/v2\/product_cat?post=3595"},{"taxonomy":"product_tag","embeddable":true,"href":"https:\/\/delaet.com.br\/en\/wp-json\/wp\/v2\/product_tag?post=3595"}],"curies":[{"name":"wp","href":"https:\/\/api.w.org\/{rel}","templated":true}]}}