{"id":3602,"date":"2026-04-12T09:46:38","date_gmt":"2026-04-12T12:46:38","guid":{"rendered":"https:\/\/delaet.com.br\/pt_br\/loja\/produto\/palheta-50-leve-get-back-d-addario-the-beatles-1cwh2-10b8-f035\/"},"modified":"2026-04-12T17:36:30","modified_gmt":"2026-04-12T20:36:30","slug":"palheta-50-leve-get-back-d-addario-the-beatles-1cwh2-10b8-f035","status":"publish","type":"product","link":"https:\/\/delaet.com.br\/en\/loja\/produto\/palheta-50-leve-get-back-d-addario-the-beatles-1cwh2-10b8-f035\/","title":{"rendered":"Palheta .50 Leve Get Back D\u00b4Addario The Beatles 1CWH2-10B8"},"content":{"rendered":"<p>Em um dia frio, em janeiro de 1969, os Beatles subiram ao telhado da Apple Corps, em Londres, para relalizar a sua \u00faltima e ic\u00f4nica apresenta\u00e7\u00e3o. A banda surpreendeu os expectadores e transeuntes ao tocar cinco m\u00fasicas que viriam a se tornar cl\u00e1ssicos n\u00e3o s\u00f3 do Fab4, como da m\u00fasica Pop e Rock. Em comemora\u00e7\u00e3o a este show improvisado, apresentamos esta cole\u00e7\u00e3o de palhetas inspiradas neste lend\u00e1rio momento.?<\/p>\n<p>Modelo:1CWH2-10B8<br \/> Marca:D<br \/> NCM:9209.94.00<br \/> Origem:ESTADOS UNIDOS<br \/> Cor:Branco\/Preto<br \/> Unidades por Embalagem:10<br \/> G\u00eanero:Unissex<br \/> Material:Celuloide<br \/> Linha:The Beatles Collection<br \/> Material da palheta:Celuloide<br \/> C\u00f3digo Universal do Produto:19954352363<br \/> SKU:34728<\/p>\n<p> Condi\u00e7\u00e3o do \u00edtem:Novo<br \/> MPN:1CWH2-10B8<br \/> Fonte do Produto:Importado<br \/> \u00c9 kit:N\u00e3o<br \/> Artista Relacionado:Beatles<br \/> Espessura:.50mm<br \/> Tamanho:Padr\u00e3o<\/p>\n<p><\/p>","protected":false},"excerpt":{"rendered":"<p>Em um dia frio, em janeiro de 1969, os Beatles subiram ao telhado da Apple Corps, em Londres, para relalizar a sua \u00faltima e ic\u00f4nica apresenta\u00e7\u00e3o. A banda surpreendeu os expectadores e transeuntes ao tocar cinco m\u00fasicas que viriam a se tornar cl\u00e1ssicos n\u00e3o s\u00f3 do Fab4, como da m\u00fasica Pop e Rock. Em comemora\u00e7\u00e3o [&hellip;]<\/p>\n","protected":false},"featured_media":3596,"comment_status":"open","ping_status":"closed","template":"","meta":{"om_disable_all_campaigns":false,"jetpack_publicize_message":"","jetpack_publicize_feature_enabled":true,"jetpack_social_post_already_shared":false,"jetpack_social_options":{"image_generator_settings":{"template":"highway","default_image_id":0,"font":"","enabled":false},"version":2}},"product_brand":[160],"product_cat":[96,112,513],"product_tag":[516,517,515],"class_list":{"0":"post-3602","1":"product","2":"type-product","3":"status-publish","4":"has-post-thumbnail","6":"product_brand-daddario","7":"product_cat-acessorios","8":"product_cat-palhetas","9":"product_cat-the-beatles","10":"product_tag-palheta","11":"product_tag-picks","12":"product_tag-the-beatles","14":"first","15":"instock","16":"shipping-taxable","17":"purchasable","18":"product-type-simple"},"aioseo_notices":[],"jetpack_publicize_connections":[],"jetpack_sharing_enabled":true,"_links":{"self":[{"href":"https:\/\/delaet.com.br\/en\/wp-json\/wp\/v2\/product\/3602","targetHints":{"allow":["GET"]}}],"collection":[{"href":"https:\/\/delaet.com.br\/en\/wp-json\/wp\/v2\/product"}],"about":[{"href":"https:\/\/delaet.com.br\/en\/wp-json\/wp\/v2\/types\/product"}],"replies":[{"embeddable":true,"href":"https:\/\/delaet.com.br\/en\/wp-json\/wp\/v2\/comments?post=3602"}],"wp:featuredmedia":[{"embeddable":true,"href":"https:\/\/delaet.com.br\/en\/wp-json\/wp\/v2\/media\/3596"}],"wp:attachment":[{"href":"https:\/\/delaet.com.br\/en\/wp-json\/wp\/v2\/media?parent=3602"}],"wp:term":[{"taxonomy":"product_brand","embeddable":true,"href":"https:\/\/delaet.com.br\/en\/wp-json\/wp\/v2\/product_brand?post=3602"},{"taxonomy":"product_cat","embeddable":true,"href":"https:\/\/delaet.com.br\/en\/wp-json\/wp\/v2\/product_cat?post=3602"},{"taxonomy":"product_tag","embeddable":true,"href":"https:\/\/delaet.com.br\/en\/wp-json\/wp\/v2\/product_tag?post=3602"}],"curies":[{"name":"wp","href":"https:\/\/api.w.org\/{rel}","templated":true}]}}