{"id":3626,"date":"2026-04-12T09:47:52","date_gmt":"2026-04-12T12:47:52","guid":{"rendered":"https:\/\/delaet.com.br\/pt_br\/loja\/produto\/palheta-05un-d-addario-joe-satriani-satch-grip-7csh7-5jsgp-f035\/"},"modified":"2026-04-12T17:30:30","modified_gmt":"2026-04-12T20:30:30","slug":"palheta-05un-d-addario-joe-satriani-satch-grip-7csh7-5jsgp-f035","status":"publish","type":"product","link":"https:\/\/delaet.com.br\/en\/loja\/produto\/palheta-05un-d-addario-joe-satriani-satch-grip-7csh7-5jsgp-f035\/","title":{"rendered":"Palheta 05un D\u00b4Addario Joe Satriani Satch Grip 7CSH7-5JSGP"},"content":{"rendered":"<p>Desenvolvida em parceria com Joe Satriani, a Satch Grip X-Heavy \u00e9 a palheta em que o guitarrista confia noite ap\u00f3s noite. Combinando o controle t\u00e1til da tecnologia antiderrapante Duragrip com o timbre e a durabilidade do celuloide de alta qualidade, essa palheta te permite tocar com a pot\u00eancia, precis\u00e3o e calor caracter\u00edsticos de Joe.<br \/>\nTecnologia antiderrapante Duragrip<\/p>\n<p>Fabricada em celuloide de alta qualidade, dispon\u00edvel apenas na espessura Extra Heavy.<\/p>\n<p>Cada pacote cont\u00e9m 5 palhetas. Fabricada nos Estados Unidos.<\/p>\n<p>Palheta Joe Satriani Satch Grip 1.25mm Extra Pesada Tortoise 05 Un D Addario Joe Satriani Signature 7CSH7-5JSGP<\/p>\n<p>Cor:Tortoise<br \/> \u00c9 kit:Sim<br \/> Material:Celul\u00f3ide<br \/> Unidades por Embalagem:5<\/p>\n<p> Condi\u00e7\u00e3o do item:Novo<br \/> C\u00f3digo de Barras:019954417352<br \/> Fonte do Produto:Importado<br \/> G\u00eanero:Unissex<br \/> Modelo:7CSH7-5JSGP<br \/> N\u00famero de pe\u00e7a:7CSH7-5JSGP<br \/> Origem:Estados Unidos<br \/> SKU:052789<br \/> Altura da embalagem:2 cm<br \/> Comprimento da embalagem:27 cm<br \/> Largura da embalagem:25 cm<br \/> Peso da embalagem:10 g<br \/> Tipo da embalagem:Sem embalagem adicional<\/p>\n<p><\/p>","protected":false},"excerpt":{"rendered":"<p>Desenvolvida em parceria com Joe Satriani, a Satch Grip X-Heavy \u00e9 a palheta em que o guitarrista confia noite ap\u00f3s noite. Combinando o controle t\u00e1til da tecnologia antiderrapante Duragrip com o timbre e a durabilidade do celuloide de alta qualidade, essa palheta te permite tocar com a pot\u00eancia, precis\u00e3o e calor caracter\u00edsticos de Joe. Tecnologia [&hellip;]<\/p>\n","protected":false},"featured_media":3625,"comment_status":"open","ping_status":"closed","template":"","meta":{"om_disable_all_campaigns":false,"jetpack_publicize_message":"","jetpack_publicize_feature_enabled":true,"jetpack_social_post_already_shared":false,"jetpack_social_options":{"image_generator_settings":{"template":"highway","default_image_id":0,"font":"","enabled":false},"version":2}},"product_brand":[160],"product_cat":[96,514,112],"product_tag":[518,516,517],"class_list":{"0":"post-3626","1":"product","2":"type-product","3":"status-publish","4":"has-post-thumbnail","6":"product_brand-daddario","7":"product_cat-acessorios","8":"product_cat-joe-satriani","9":"product_cat-palhetas","10":"product_tag-joe-satriani","11":"product_tag-palheta","12":"product_tag-picks","14":"first","15":"instock","16":"shipping-taxable","17":"purchasable","18":"product-type-simple"},"aioseo_notices":[],"jetpack_publicize_connections":[],"jetpack_sharing_enabled":true,"_links":{"self":[{"href":"https:\/\/delaet.com.br\/en\/wp-json\/wp\/v2\/product\/3626","targetHints":{"allow":["GET"]}}],"collection":[{"href":"https:\/\/delaet.com.br\/en\/wp-json\/wp\/v2\/product"}],"about":[{"href":"https:\/\/delaet.com.br\/en\/wp-json\/wp\/v2\/types\/product"}],"replies":[{"embeddable":true,"href":"https:\/\/delaet.com.br\/en\/wp-json\/wp\/v2\/comments?post=3626"}],"wp:featuredmedia":[{"embeddable":true,"href":"https:\/\/delaet.com.br\/en\/wp-json\/wp\/v2\/media\/3625"}],"wp:attachment":[{"href":"https:\/\/delaet.com.br\/en\/wp-json\/wp\/v2\/media?parent=3626"}],"wp:term":[{"taxonomy":"product_brand","embeddable":true,"href":"https:\/\/delaet.com.br\/en\/wp-json\/wp\/v2\/product_brand?post=3626"},{"taxonomy":"product_cat","embeddable":true,"href":"https:\/\/delaet.com.br\/en\/wp-json\/wp\/v2\/product_cat?post=3626"},{"taxonomy":"product_tag","embeddable":true,"href":"https:\/\/delaet.com.br\/en\/wp-json\/wp\/v2\/product_tag?post=3626"}],"curies":[{"name":"wp","href":"https:\/\/api.w.org\/{rel}","templated":true}]}}