{"id":3630,"date":"2026-04-12T09:48:03","date_gmt":"2026-04-12T12:48:03","guid":{"rendered":"https:\/\/delaet.com.br\/pt_br\/loja\/produto\/palheta-1-0-pesada-branca-d-addario-joe-satriani-1cwh6-10js-f035\/"},"modified":"2026-04-12T17:29:54","modified_gmt":"2026-04-12T20:29:54","slug":"palheta-1-0-pesada-branca-d-addario-joe-satriani-1cwh6-10js-f035","status":"publish","type":"product","link":"https:\/\/delaet.com.br\/en\/loja\/produto\/palheta-1-0-pesada-branca-d-addario-joe-satriani-1cwh6-10js-f035\/","title":{"rendered":"Palheta 1.0 Pesada Branca D\u00b4Addario Joe Satriani 1CWH6-10JS"},"content":{"rendered":"<p>As palhetas JS Design s\u00e3o feitas a partir de celuloide de alta qualidade e est\u00e3o dispon\u00edveis nas cores branca com desenhos pretos e preta com desenhos prateados. Cada pack vem com um dos dez designs originais diferentes de Joe Satriani.?<\/p>\n<p>Origem:Estados Unidos<br \/> Cor:Branco<br \/> Unidades por Embalagem:10<br \/> G\u00eanero:Unissex<br \/> Material:Celuloide<br \/> Linha:Joe Satriani Signature<br \/> Material da palheta:Celuloide<br \/> \u00c9 palheta tipo dedeira:N\u00e3o<br \/> C\u00f3digo Universal do Produto:0019954950552<br \/> SKU:011043<\/p>\n<p> Condi\u00e7\u00e3o do \u00edtem:Novo<br \/> MPN:1CWH6-10JS<br \/> Fonte do Produto:Importado<br \/> \u00c9 kit:N\u00e3o<br \/> Modelo:1CWH6-10JS<br \/> Marca:D<br \/> Artista Relacionado:Joe Satriani<br \/> Espessura:96mm<br \/> Tamanho:Padr\u00e3o<\/p>\n<p><\/p>","protected":false},"excerpt":{"rendered":"<p>As palhetas JS Design s\u00e3o feitas a partir de celuloide de alta qualidade e est\u00e3o dispon\u00edveis nas cores branca com desenhos pretos e preta com desenhos prateados. Cada pack vem com um dos dez designs originais diferentes de Joe Satriani.? Origem:Estados Unidos Cor:Branco Unidades por Embalagem:10 G\u00eanero:Unissex Material:Celuloide Linha:Joe Satriani Signature Material da palheta:Celuloide \u00c9 [&hellip;]<\/p>\n","protected":false},"featured_media":3627,"comment_status":"open","ping_status":"closed","template":"","meta":{"om_disable_all_campaigns":false,"jetpack_publicize_message":"","jetpack_publicize_feature_enabled":true,"jetpack_social_post_already_shared":false,"jetpack_social_options":{"image_generator_settings":{"template":"highway","default_image_id":0,"font":"","enabled":false},"version":2}},"product_brand":[160],"product_cat":[96,514,112],"product_tag":[518,516,517],"class_list":{"0":"post-3630","1":"product","2":"type-product","3":"status-publish","4":"has-post-thumbnail","6":"product_brand-daddario","7":"product_cat-acessorios","8":"product_cat-joe-satriani","9":"product_cat-palhetas","10":"product_tag-joe-satriani","11":"product_tag-palheta","12":"product_tag-picks","14":"first","15":"instock","16":"shipping-taxable","17":"purchasable","18":"product-type-simple"},"aioseo_notices":[],"jetpack_publicize_connections":[],"jetpack_sharing_enabled":true,"_links":{"self":[{"href":"https:\/\/delaet.com.br\/en\/wp-json\/wp\/v2\/product\/3630","targetHints":{"allow":["GET"]}}],"collection":[{"href":"https:\/\/delaet.com.br\/en\/wp-json\/wp\/v2\/product"}],"about":[{"href":"https:\/\/delaet.com.br\/en\/wp-json\/wp\/v2\/types\/product"}],"replies":[{"embeddable":true,"href":"https:\/\/delaet.com.br\/en\/wp-json\/wp\/v2\/comments?post=3630"}],"wp:featuredmedia":[{"embeddable":true,"href":"https:\/\/delaet.com.br\/en\/wp-json\/wp\/v2\/media\/3627"}],"wp:attachment":[{"href":"https:\/\/delaet.com.br\/en\/wp-json\/wp\/v2\/media?parent=3630"}],"wp:term":[{"taxonomy":"product_brand","embeddable":true,"href":"https:\/\/delaet.com.br\/en\/wp-json\/wp\/v2\/product_brand?post=3630"},{"taxonomy":"product_cat","embeddable":true,"href":"https:\/\/delaet.com.br\/en\/wp-json\/wp\/v2\/product_cat?post=3630"},{"taxonomy":"product_tag","embeddable":true,"href":"https:\/\/delaet.com.br\/en\/wp-json\/wp\/v2\/product_tag?post=3630"}],"curies":[{"name":"wp","href":"https:\/\/api.w.org\/{rel}","templated":true}]}}