{"id":3644,"date":"2026-04-12T09:48:45","date_gmt":"2026-04-12T12:48:45","guid":{"rendered":"https:\/\/delaet.com.br\/pt_br\/loja\/produto\/palheta-1-5mm-3-pecas-d-addario-acrylux-nitra-jazz-3an7-03-f035\/"},"modified":"2026-04-12T17:27:19","modified_gmt":"2026-04-12T20:27:19","slug":"palheta-1-5mm-3-pecas-d-addario-acrylux-nitra-jazz-3an7-03-f035","status":"publish","type":"product","link":"https:\/\/delaet.com.br\/en\/loja\/produto\/palheta-1-5mm-3-pecas-d-addario-acrylux-nitra-jazz-3an7-03-f035\/","title":{"rendered":"Palheta 1.5mm (3 Pe\u00e7as) D\u00b4Addario Acrylux Nitra Jazz 3AN7-03"},"content":{"rendered":"<p>A s\u00e9rie de palhetas Acrylux D Addario est\u00e3o dispon\u00edveis em duas combina\u00e7\u00f5es (Reso e Nitra) e oferecem dois timbres distintos, com a ader\u00eancia e ataque caracter\u00edsticos das palhetas acr\u00edlicas. Dispon\u00edvel nos formatos padr\u00e3o, jazz e bandolim.<\/p>\n<p>Origem:Estados Unidos<br \/> Cor:Preto Perolado<br \/> Unidades por Embalagem:3<br \/> G\u00eanero:Unissex<br \/> Material:Acr\u00edlico\/Nitrato<br \/> Linha:Acrylux Nitra<br \/> Material da palheta:Acr\u00edlico\/Nitrato<br \/> \u00c9 palheta tipo dedeira:N\u00e3o<br \/> C\u00f3digo Universal do Produto:0019954247805<br \/> SKU:029465<\/p>\n<p> Condi\u00e7\u00e3o do \u00edtem:Novo<br \/> MPN:3AN7-03<br \/> Fonte do Produto:Importado<br \/> \u00c9 kit:N\u00e3o<br \/> Modelo:3AN7-03<br \/> Marca:D<br \/> Artista Relacionado:N\/A<br \/> Espessura:1.5mm<br \/> Tamanho:Jazz<\/p>\n<p><\/p>","protected":false},"excerpt":{"rendered":"<p>A s\u00e9rie de palhetas Acrylux D Addario est\u00e3o dispon\u00edveis em duas combina\u00e7\u00f5es (Reso e Nitra) e oferecem dois timbres distintos, com a ader\u00eancia e ataque caracter\u00edsticos das palhetas acr\u00edlicas. Dispon\u00edvel nos formatos padr\u00e3o, jazz e bandolim. Origem:Estados Unidos Cor:Preto Perolado Unidades por Embalagem:3 G\u00eanero:Unissex Material:Acr\u00edlico\/Nitrato Linha:Acrylux Nitra Material da palheta:Acr\u00edlico\/Nitrato \u00c9 palheta tipo dedeira:N\u00e3o C\u00f3digo [&hellip;]<\/p>\n","protected":false},"featured_media":3642,"comment_status":"open","ping_status":"closed","template":"","meta":{"om_disable_all_campaigns":false,"jetpack_publicize_message":"","jetpack_publicize_feature_enabled":true,"jetpack_social_post_already_shared":false,"jetpack_social_options":{"image_generator_settings":{"template":"highway","default_image_id":0,"font":"","enabled":false},"version":2}},"product_brand":[],"product_cat":[96,112],"product_tag":[516,517],"class_list":{"0":"post-3644","1":"product","2":"type-product","3":"status-publish","4":"has-post-thumbnail","6":"product_cat-acessorios","7":"product_cat-palhetas","8":"product_tag-palheta","9":"product_tag-picks","11":"first","12":"instock","13":"shipping-taxable","14":"purchasable","15":"product-type-simple"},"aioseo_notices":[],"jetpack_publicize_connections":[],"jetpack_sharing_enabled":true,"_links":{"self":[{"href":"https:\/\/delaet.com.br\/en\/wp-json\/wp\/v2\/product\/3644","targetHints":{"allow":["GET"]}}],"collection":[{"href":"https:\/\/delaet.com.br\/en\/wp-json\/wp\/v2\/product"}],"about":[{"href":"https:\/\/delaet.com.br\/en\/wp-json\/wp\/v2\/types\/product"}],"replies":[{"embeddable":true,"href":"https:\/\/delaet.com.br\/en\/wp-json\/wp\/v2\/comments?post=3644"}],"wp:featuredmedia":[{"embeddable":true,"href":"https:\/\/delaet.com.br\/en\/wp-json\/wp\/v2\/media\/3642"}],"wp:attachment":[{"href":"https:\/\/delaet.com.br\/en\/wp-json\/wp\/v2\/media?parent=3644"}],"wp:term":[{"taxonomy":"product_brand","embeddable":true,"href":"https:\/\/delaet.com.br\/en\/wp-json\/wp\/v2\/product_brand?post=3644"},{"taxonomy":"product_cat","embeddable":true,"href":"https:\/\/delaet.com.br\/en\/wp-json\/wp\/v2\/product_cat?post=3644"},{"taxonomy":"product_tag","embeddable":true,"href":"https:\/\/delaet.com.br\/en\/wp-json\/wp\/v2\/product_tag?post=3644"}],"curies":[{"name":"wp","href":"https:\/\/api.w.org\/{rel}","templated":true}]}}