{"id":3648,"date":"2026-04-12T09:48:57","date_gmt":"2026-04-12T12:48:57","guid":{"rendered":"https:\/\/delaet.com.br\/pt_br\/loja\/produto\/palheta-7-0mm-media-albums-d-addario-the-beatles-1cwh4-10b3-f035\/"},"modified":"2026-04-12T17:26:48","modified_gmt":"2026-04-12T20:26:48","slug":"palheta-7-0mm-media-albums-d-addario-the-beatles-1cwh4-10b3-f035","status":"publish","type":"product","link":"https:\/\/delaet.com.br\/en\/loja\/produto\/palheta-7-0mm-media-albums-d-addario-the-beatles-1cwh4-10b3-f035\/","title":{"rendered":"Palheta 7.0mm M\u00e9dia Albums D\u00b4Addario The Beatles 1CWH4-10B3"},"content":{"rendered":"<p>Desde Love Me Do at\u00e9 Revolution, os Beatles foram a banda mais criativa, diversificada e influente da hist\u00f3ria da m\u00fasica pop. A D Addario homenageia o legado dos Beatles com uma cole\u00e7\u00e3o exclusiva de palhetas estampadas com as capas dos ic\u00f4nicos \u00e1lbuns e imagens atemporais que capturam o esp\u00edrito e a ess\u00eancia do &#8220;Fab Four?.?<\/p>\n<p>Origem:Estados Unidos<br \/> Cor:Multi-Color<br \/> Unidades por Embalagem:10<br \/> G\u00eanero:Unissex<br \/> Linha:The Beatles Collection<br \/> Material da palheta:Celuloide<br \/> \u00c9 palheta tipo dedeira:N\u00e3o<br \/> Modelo:1CWH4-10B3<br \/> Marca:D<br \/> Artista Relacionado:Beatles<br \/> Espessura:M\u00e9dia<br \/> Tamanho:Padr\u00e3o<\/p>\n<p><\/p>","protected":false},"excerpt":{"rendered":"<p>Desde Love Me Do at\u00e9 Revolution, os Beatles foram a banda mais criativa, diversificada e influente da hist\u00f3ria da m\u00fasica pop. A D Addario homenageia o legado dos Beatles com uma cole\u00e7\u00e3o exclusiva de palhetas estampadas com as capas dos ic\u00f4nicos \u00e1lbuns e imagens atemporais que capturam o esp\u00edrito e a ess\u00eancia do &#8220;Fab Four?.? [&hellip;]<\/p>\n","protected":false},"featured_media":3645,"comment_status":"open","ping_status":"closed","template":"","meta":{"om_disable_all_campaigns":false,"jetpack_publicize_message":"","jetpack_publicize_feature_enabled":true,"jetpack_social_post_already_shared":false,"jetpack_social_options":{"image_generator_settings":{"template":"highway","default_image_id":0,"font":"","enabled":false},"version":2}},"product_brand":[160],"product_cat":[112,513],"product_tag":[516,517],"class_list":{"0":"post-3648","1":"product","2":"type-product","3":"status-publish","4":"has-post-thumbnail","6":"product_brand-daddario","7":"product_cat-palhetas","8":"product_cat-the-beatles","9":"product_tag-palheta","10":"product_tag-picks","12":"first","13":"instock","14":"shipping-taxable","15":"purchasable","16":"product-type-simple"},"aioseo_notices":[],"jetpack_publicize_connections":[],"jetpack_sharing_enabled":true,"_links":{"self":[{"href":"https:\/\/delaet.com.br\/en\/wp-json\/wp\/v2\/product\/3648","targetHints":{"allow":["GET"]}}],"collection":[{"href":"https:\/\/delaet.com.br\/en\/wp-json\/wp\/v2\/product"}],"about":[{"href":"https:\/\/delaet.com.br\/en\/wp-json\/wp\/v2\/types\/product"}],"replies":[{"embeddable":true,"href":"https:\/\/delaet.com.br\/en\/wp-json\/wp\/v2\/comments?post=3648"}],"wp:featuredmedia":[{"embeddable":true,"href":"https:\/\/delaet.com.br\/en\/wp-json\/wp\/v2\/media\/3645"}],"wp:attachment":[{"href":"https:\/\/delaet.com.br\/en\/wp-json\/wp\/v2\/media?parent=3648"}],"wp:term":[{"taxonomy":"product_brand","embeddable":true,"href":"https:\/\/delaet.com.br\/en\/wp-json\/wp\/v2\/product_brand?post=3648"},{"taxonomy":"product_cat","embeddable":true,"href":"https:\/\/delaet.com.br\/en\/wp-json\/wp\/v2\/product_cat?post=3648"},{"taxonomy":"product_tag","embeddable":true,"href":"https:\/\/delaet.com.br\/en\/wp-json\/wp\/v2\/product_tag?post=3648"}],"curies":[{"name":"wp","href":"https:\/\/api.w.org\/{rel}","templated":true}]}}