{"id":3652,"date":"2026-04-12T09:49:09","date_gmt":"2026-04-12T12:49:09","guid":{"rendered":"https:\/\/delaet.com.br\/pt_br\/loja\/produto\/palheta-celuloide-70mm-beatles-10-un-daddario-1cwh4-10b10-f035\/"},"modified":"2026-04-12T17:25:52","modified_gmt":"2026-04-12T20:25:52","slug":"palheta-celuloide-70mm-beatles-10-un-daddario-1cwh4-10b10-f035","status":"publish","type":"product","link":"https:\/\/delaet.com.br\/en\/loja\/produto\/palheta-celuloide-70mm-beatles-10-un-daddario-1cwh4-10b10-f035\/","title":{"rendered":"Palheta Celul\u00f3ide .70mm Beatles 10 Un D\u00b4Addario 1CWH4-10B10"},"content":{"rendered":"<p>Palhetas The Beatles 1964 Tour Ed Sullivan Stage Calibre M\u00e9dio (.70mm), Pack com 10 unidades Modelo: 1CWH4-10B10  Comemore os 60 anos da Beatlemania com correias e palhetas inspiradas na ic\u00f4nica transmiss\u00e3o de 9 de fevereiro de 1964, quando os Beatles fizeram sua primeira apresenta\u00e7\u00e3o ao vivo nos EUA. A famosa arte de setas, presente no cen\u00e1rio original do Ed Sullivan Show, captura perfeitamente a energia de um show assistido por 73 milh\u00f5es de pessoas.  Ideal para Guitarra el\u00e9trica Viol\u00e3o  Recursos do Produto Design inspirado no cen\u00e1rio do Ed Sullivan Show Calibre m\u00e9dio, 0,70mm Fabricadas em celuloide de alta qualidade, proporcionando sensa\u00e7\u00e3o e timbre cl\u00e1ssicos Pack com 10 unidades<\/p>\n<p>Cor:Azul<br \/> \u00c9 kit:Sim<br \/> Material:Celuloide<br \/> Unidades por Embalagem:10<\/p>\n<p> Condi\u00e7\u00e3o do item:Novo<br \/> Fonte do Produto:Importado<br \/> G\u00eanero:Unissex<br \/> Marca:DAddario<br \/> Modelo:1CWH4-10B10<br \/> Origem:Estados Unidos<br \/> SKU:052784<br \/> C\u00f3digo de Barras:019954412975<br \/> N\u00famero de pe\u00e7a:1CWH4-10B10<\/p>\n<p><\/p>","protected":false},"excerpt":{"rendered":"<p>Palhetas The Beatles 1964 Tour Ed Sullivan Stage Calibre M\u00e9dio (.70mm), Pack com 10 unidades Modelo: 1CWH4-10B10 Comemore os 60 anos da Beatlemania com correias e palhetas inspiradas na ic\u00f4nica transmiss\u00e3o de 9 de fevereiro de 1964, quando os Beatles fizeram sua primeira apresenta\u00e7\u00e3o ao vivo nos EUA. A famosa arte de setas, presente no [&hellip;]<\/p>\n","protected":false},"featured_media":3649,"comment_status":"open","ping_status":"closed","template":"","meta":{"om_disable_all_campaigns":false,"jetpack_publicize_message":"","jetpack_publicize_feature_enabled":true,"jetpack_social_post_already_shared":false,"jetpack_social_options":{"image_generator_settings":{"template":"highway","default_image_id":0,"font":"","enabled":false},"version":2}},"product_brand":[160],"product_cat":[96,112,513],"product_tag":[516,517],"class_list":{"0":"post-3652","1":"product","2":"type-product","3":"status-publish","4":"has-post-thumbnail","6":"product_brand-daddario","7":"product_cat-acessorios","8":"product_cat-palhetas","9":"product_cat-the-beatles","10":"product_tag-palheta","11":"product_tag-picks","13":"first","14":"instock","15":"shipping-taxable","16":"purchasable","17":"product-type-simple"},"aioseo_notices":[],"jetpack_publicize_connections":[],"jetpack_sharing_enabled":true,"_links":{"self":[{"href":"https:\/\/delaet.com.br\/en\/wp-json\/wp\/v2\/product\/3652","targetHints":{"allow":["GET"]}}],"collection":[{"href":"https:\/\/delaet.com.br\/en\/wp-json\/wp\/v2\/product"}],"about":[{"href":"https:\/\/delaet.com.br\/en\/wp-json\/wp\/v2\/types\/product"}],"replies":[{"embeddable":true,"href":"https:\/\/delaet.com.br\/en\/wp-json\/wp\/v2\/comments?post=3652"}],"wp:featuredmedia":[{"embeddable":true,"href":"https:\/\/delaet.com.br\/en\/wp-json\/wp\/v2\/media\/3649"}],"wp:attachment":[{"href":"https:\/\/delaet.com.br\/en\/wp-json\/wp\/v2\/media?parent=3652"}],"wp:term":[{"taxonomy":"product_brand","embeddable":true,"href":"https:\/\/delaet.com.br\/en\/wp-json\/wp\/v2\/product_brand?post=3652"},{"taxonomy":"product_cat","embeddable":true,"href":"https:\/\/delaet.com.br\/en\/wp-json\/wp\/v2\/product_cat?post=3652"},{"taxonomy":"product_tag","embeddable":true,"href":"https:\/\/delaet.com.br\/en\/wp-json\/wp\/v2\/product_tag?post=3652"}],"curies":[{"name":"wp","href":"https:\/\/api.w.org\/{rel}","templated":true}]}}