{"id":3655,"date":"2026-04-12T09:49:18","date_gmt":"2026-04-12T12:49:18","guid":{"rendered":"https:\/\/delaet.com.br\/pt_br\/loja\/produto\/palheta-celuloide-70mm-beatles-10-un-daddario-1cwh4-10b11-f035\/"},"modified":"2026-04-12T17:25:13","modified_gmt":"2026-04-12T20:25:13","slug":"palheta-celuloide-70mm-beatles-10-un-daddario-1cwh4-10b11-f035","status":"publish","type":"product","link":"https:\/\/delaet.com.br\/en\/loja\/produto\/palheta-celuloide-70mm-beatles-10-un-daddario-1cwh4-10b11-f035\/","title":{"rendered":"Palheta Celul\u00f3ide .70mm Beatles 10 Un D\u00b4Addario 1CWH4-10B11"},"content":{"rendered":"<p>Palhetas The Beatles 1964 Tour Ticket Stub Calibre M\u00e9dio (.70mm), Pack com 10 unidades Modelo: 1CWH4-10B11  Comemore os 60 anos dos Fab Four com correias e palhetas inspiradas na arte original dos ingressos da primeira turn\u00ea dos Beatles nos EUA, em 1964. Com designs vibrantes e exclusivos, essas pe\u00e7as de colecionador permitem que voc\u00ea demonstre seu amor pelos garotos de Liverpool com estilo e conforto.   Ideal para Guitarra el\u00e9trica Viol\u00e3o  Recursos do Produto Design inspirado nos ingressos da hist\u00f3rica turn\u00ea dos Beatles pelos EUA em 1964 Calibre m\u00e9dio, 0,70mm Fabricadas em celuloide de alta qualidade, proporcionando sensa\u00e7\u00e3o e timbre cl\u00e1ssicos Pack com 10 unidades<\/p>\n<p>Unidades por Embalagem:10<br \/> Cor:Sortidas<br \/> \u00c9 kit:Sim<br \/> Material:Celuloide<\/p>\n<p> Condi\u00e7\u00e3o do item:Novo<br \/> Fonte do Produto:Importado<br \/> G\u00eanero:Unissex<br \/> Marca:DAddario<br \/> Modelo:1CWH4-10B11<br \/> Origem:Estados Unidos<br \/> SKU:052785<br \/> C\u00f3digo de Barras:019954412999<br \/> N\u00famero de pe\u00e7a:1CWH4-10B11<\/p>\n<p><\/p>","protected":false},"excerpt":{"rendered":"<p>Palhetas The Beatles 1964 Tour Ticket Stub Calibre M\u00e9dio (.70mm), Pack com 10 unidades Modelo: 1CWH4-10B11 Comemore os 60 anos dos Fab Four com correias e palhetas inspiradas na arte original dos ingressos da primeira turn\u00ea dos Beatles nos EUA, em 1964. Com designs vibrantes e exclusivos, essas pe\u00e7as de colecionador permitem que voc\u00ea demonstre [&hellip;]<\/p>\n","protected":false},"featured_media":3653,"comment_status":"open","ping_status":"closed","template":"","meta":{"om_disable_all_campaigns":false,"jetpack_publicize_message":"","jetpack_publicize_feature_enabled":true,"jetpack_social_post_already_shared":false,"jetpack_social_options":{"image_generator_settings":{"template":"highway","default_image_id":0,"font":"","enabled":false},"version":2}},"product_brand":[160],"product_cat":[96,112],"product_tag":[516,517],"class_list":{"0":"post-3655","1":"product","2":"type-product","3":"status-publish","4":"has-post-thumbnail","6":"product_brand-daddario","7":"product_cat-acessorios","8":"product_cat-palhetas","9":"product_tag-palheta","10":"product_tag-picks","12":"first","13":"instock","14":"shipping-taxable","15":"purchasable","16":"product-type-simple"},"aioseo_notices":[],"jetpack_publicize_connections":[],"jetpack_sharing_enabled":true,"_links":{"self":[{"href":"https:\/\/delaet.com.br\/en\/wp-json\/wp\/v2\/product\/3655","targetHints":{"allow":["GET"]}}],"collection":[{"href":"https:\/\/delaet.com.br\/en\/wp-json\/wp\/v2\/product"}],"about":[{"href":"https:\/\/delaet.com.br\/en\/wp-json\/wp\/v2\/types\/product"}],"replies":[{"embeddable":true,"href":"https:\/\/delaet.com.br\/en\/wp-json\/wp\/v2\/comments?post=3655"}],"wp:featuredmedia":[{"embeddable":true,"href":"https:\/\/delaet.com.br\/en\/wp-json\/wp\/v2\/media\/3653"}],"wp:attachment":[{"href":"https:\/\/delaet.com.br\/en\/wp-json\/wp\/v2\/media?parent=3655"}],"wp:term":[{"taxonomy":"product_brand","embeddable":true,"href":"https:\/\/delaet.com.br\/en\/wp-json\/wp\/v2\/product_brand?post=3655"},{"taxonomy":"product_cat","embeddable":true,"href":"https:\/\/delaet.com.br\/en\/wp-json\/wp\/v2\/product_cat?post=3655"},{"taxonomy":"product_tag","embeddable":true,"href":"https:\/\/delaet.com.br\/en\/wp-json\/wp\/v2\/product_tag?post=3655"}],"curies":[{"name":"wp","href":"https:\/\/api.w.org\/{rel}","templated":true}]}}