{"id":3659,"date":"2026-04-12T09:49:36","date_gmt":"2026-04-12T12:49:36","guid":{"rendered":"https:\/\/delaet.com.br\/pt_br\/loja\/produto\/palheta-celuloide-fluorescente-50mm-leve-d-addario-1ccg2-10-f035\/"},"modified":"2026-04-20T19:42:54","modified_gmt":"2026-04-20T22:42:54","slug":"palheta-celuloide-fluorescente-50mm-leve-d-addario-1ccg2-10-f035","status":"publish","type":"product","link":"https:\/\/delaet.com.br\/en\/loja\/produto\/palheta-celuloide-fluorescente-50mm-leve-d-addario-1ccg2-10-f035\/","title":{"rendered":"Palheta Celul\u00f3ide Fluorescente .50mm Leve D\u00b4Addario 1CCG2-10"},"content":{"rendered":"<p>A celul\u00f3ide veio para substituir as antigas palhetas de casco de tartaruga usadas no comeco do s\u00e9culo XX. Um dos primeiros pol\u00edmeros ja criados, o nitrato de celulose \u00e9 feito a partir da rea\u00e7\u00e3o entre fibras de algod\u00e3o e \u00e1cido n\u00edtrico. Usado por mais de um s\u00e9culo como base para filmes de 35 mm, atualmente a celuloide e um dos materiais mais populares e utilizados na fabrica\u00e7\u00e3o de palhetas. As palhetas cl\u00e1ssicas D Addario est\u00e3o dispon\u00edveis em uma variedade de espessuras, formatos e cores, proporcionando \u00f3tima sensa\u00e7\u00e3o, timbre quente e encorpado.<\/p>\n<p>Origem:Estados Unidos<br \/> Cor:Verde<br \/> Unidades por Embalagem:10<br \/> G\u00eanero:Unissex<br \/> Linha:Celuloide<br \/> Material da palheta:Celuloide<br \/> \u00c9 palheta tipo dedeira:N\u00e3o<br \/> Modelo:1CCG2-10<br \/> Marca:D<br \/> Artista Relacionado:N\/A<br \/> Espessura:50mm<br \/> Tamanho:Padr\u00e3o<\/p>\n<p><\/p>","protected":false},"excerpt":{"rendered":"<p>A celul\u00f3ide veio para substituir as antigas palhetas de casco de tartaruga usadas no comeco do s\u00e9culo XX. Um dos primeiros pol\u00edmeros ja criados, o nitrato de celulose \u00e9 feito a partir da rea\u00e7\u00e3o entre fibras de algod\u00e3o e \u00e1cido n\u00edtrico. Usado por mais de um s\u00e9culo como base para filmes de 35 mm, atualmente [&hellip;]<\/p>\n","protected":false},"featured_media":3658,"comment_status":"open","ping_status":"closed","template":"","meta":{"om_disable_all_campaigns":false,"jetpack_publicize_message":"","jetpack_publicize_feature_enabled":true,"jetpack_social_post_already_shared":false,"jetpack_social_options":{"image_generator_settings":{"template":"highway","default_image_id":0,"font":"","enabled":false},"version":2}},"product_brand":[160],"product_cat":[96,112],"product_tag":[516,517],"class_list":{"0":"post-3659","1":"product","2":"type-product","3":"status-publish","4":"has-post-thumbnail","6":"product_brand-daddario","7":"product_cat-acessorios","8":"product_cat-palhetas","9":"product_tag-palheta","10":"product_tag-picks","12":"first","13":"instock","14":"shipping-taxable","15":"purchasable","16":"product-type-simple"},"aioseo_notices":[],"jetpack_publicize_connections":[],"jetpack_sharing_enabled":true,"_links":{"self":[{"href":"https:\/\/delaet.com.br\/en\/wp-json\/wp\/v2\/product\/3659","targetHints":{"allow":["GET"]}}],"collection":[{"href":"https:\/\/delaet.com.br\/en\/wp-json\/wp\/v2\/product"}],"about":[{"href":"https:\/\/delaet.com.br\/en\/wp-json\/wp\/v2\/types\/product"}],"replies":[{"embeddable":true,"href":"https:\/\/delaet.com.br\/en\/wp-json\/wp\/v2\/comments?post=3659"}],"wp:featuredmedia":[{"embeddable":true,"href":"https:\/\/delaet.com.br\/en\/wp-json\/wp\/v2\/media\/3658"}],"wp:attachment":[{"href":"https:\/\/delaet.com.br\/en\/wp-json\/wp\/v2\/media?parent=3659"}],"wp:term":[{"taxonomy":"product_brand","embeddable":true,"href":"https:\/\/delaet.com.br\/en\/wp-json\/wp\/v2\/product_brand?post=3659"},{"taxonomy":"product_cat","embeddable":true,"href":"https:\/\/delaet.com.br\/en\/wp-json\/wp\/v2\/product_cat?post=3659"},{"taxonomy":"product_tag","embeddable":true,"href":"https:\/\/delaet.com.br\/en\/wp-json\/wp\/v2\/product_tag?post=3659"}],"curies":[{"name":"wp","href":"https:\/\/api.w.org\/{rel}","templated":true}]}}