{"id":3668,"date":"2026-04-12T09:50:12","date_gmt":"2026-04-12T12:50:12","guid":{"rendered":"https:\/\/delaet.com.br\/pt_br\/loja\/produto\/palheta-celuloide-xadrez-1-0mm-25-un-daddario-1ccb6-25-f035\/"},"modified":"2026-04-15T18:24:37","modified_gmt":"2026-04-15T21:24:37","slug":"palheta-celuloide-xadrez-1-0mm-25-un-daddario-1ccb6-25-f035","status":"publish","type":"product","link":"https:\/\/delaet.com.br\/en\/loja\/produto\/palheta-celuloide-xadrez-1-0mm-25-un-daddario-1ccb6-25-f035\/","title":{"rendered":"Palheta Celul\u00f3ide Xadrez 1.0mm (25 Un) D\u00b4Addario 1CCB6-25"},"content":{"rendered":"<p>A celul\u00f3ide veio para substituir as antigas palhetas de casco de tartaruga usadas no comeco do s\u00e9culo XX. Um dos primeiros pol\u00edmeros ja criados, o nitrato de celulose \u00e9 feito a partir da rea\u00e7\u00e3o entre fibras de algod\u00e3o e \u00e1cido n\u00edtrico. Usado por mais de um s\u00e9culo como base para filmes de 35 mm, atualmente a celuloide e um dos materiais mais populares e utilizados na fabrica\u00e7\u00e3o de palhetas. As palhetas cl\u00e1ssicas DAddario est\u00e3o dispon\u00edveis em uma variedade de espessuras, formatos e cores, proporcionando \u00f3tima sensa\u00e7\u00e3o, timbre quente e encorpado.<\/p>\n<p> Condi\u00e7\u00e3o do item:Novo<br \/> Fonte do Produto:Importado<br \/> G\u00eanero:Unissex<br \/> Marca:DAddario<br \/> Modelo:1CCB6-25<br \/> Origem:Estados Unidos<br \/> SKU:025799<br \/> C\u00f3digo de Barras:019954988739<br \/> N\u00famero de pe\u00e7a:1CCB6-25<br \/> Cor:Xadrez<br \/> \u00c9 kit:Sim<br \/> Material:Celul\u00f3ide<br \/> Unidades por Embalagem:25<\/p>\n<p><\/p>","protected":false},"excerpt":{"rendered":"<p>A celul\u00f3ide veio para substituir as antigas palhetas de casco de tartaruga usadas no comeco do s\u00e9culo XX. Um dos primeiros pol\u00edmeros ja criados, o nitrato de celulose \u00e9 feito a partir da rea\u00e7\u00e3o entre fibras de algod\u00e3o e \u00e1cido n\u00edtrico. Usado por mais de um s\u00e9culo como base para filmes de 35 mm, atualmente [&hellip;]<\/p>\n","protected":false},"featured_media":3667,"comment_status":"open","ping_status":"closed","template":"","meta":{"om_disable_all_campaigns":false,"jetpack_publicize_message":"","jetpack_publicize_feature_enabled":true,"jetpack_social_post_already_shared":false,"jetpack_social_options":{"image_generator_settings":{"template":"highway","default_image_id":0,"font":"","enabled":false},"version":2}},"product_brand":[160],"product_cat":[96,112],"product_tag":[516,517],"class_list":{"0":"post-3668","1":"product","2":"type-product","3":"status-publish","4":"has-post-thumbnail","6":"product_brand-daddario","7":"product_cat-acessorios","8":"product_cat-palhetas","9":"product_tag-palheta","10":"product_tag-picks","12":"first","13":"instock","14":"shipping-taxable","15":"purchasable","16":"product-type-simple"},"aioseo_notices":[],"jetpack_publicize_connections":[],"jetpack_sharing_enabled":true,"_links":{"self":[{"href":"https:\/\/delaet.com.br\/en\/wp-json\/wp\/v2\/product\/3668","targetHints":{"allow":["GET"]}}],"collection":[{"href":"https:\/\/delaet.com.br\/en\/wp-json\/wp\/v2\/product"}],"about":[{"href":"https:\/\/delaet.com.br\/en\/wp-json\/wp\/v2\/types\/product"}],"replies":[{"embeddable":true,"href":"https:\/\/delaet.com.br\/en\/wp-json\/wp\/v2\/comments?post=3668"}],"wp:featuredmedia":[{"embeddable":true,"href":"https:\/\/delaet.com.br\/en\/wp-json\/wp\/v2\/media\/3667"}],"wp:attachment":[{"href":"https:\/\/delaet.com.br\/en\/wp-json\/wp\/v2\/media?parent=3668"}],"wp:term":[{"taxonomy":"product_brand","embeddable":true,"href":"https:\/\/delaet.com.br\/en\/wp-json\/wp\/v2\/product_brand?post=3668"},{"taxonomy":"product_cat","embeddable":true,"href":"https:\/\/delaet.com.br\/en\/wp-json\/wp\/v2\/product_cat?post=3668"},{"taxonomy":"product_tag","embeddable":true,"href":"https:\/\/delaet.com.br\/en\/wp-json\/wp\/v2\/product_tag?post=3668"}],"curies":[{"name":"wp","href":"https:\/\/api.w.org\/{rel}","templated":true}]}}