{"id":3689,"date":"2026-04-12T09:51:38","date_gmt":"2026-04-12T12:51:38","guid":{"rendered":"https:\/\/delaet.com.br\/pt_br\/loja\/produto\/palheta-leve-laranja-d-addario-duralin-precision-6dor2-10-f035\/"},"modified":"2026-04-13T17:55:56","modified_gmt":"2026-04-13T20:55:56","slug":"palheta-leve-laranja-d-addario-duralin-precision-6dor2-10-f035","status":"publish","type":"product","link":"https:\/\/delaet.com.br\/en\/loja\/produto\/palheta-leve-laranja-d-addario-duralin-precision-6dor2-10-f035\/","title":{"rendered":"Palheta Leve Laranja D\u00b4Addario Duralin Precision 6DOR2-10"},"content":{"rendered":"<p>As palhetas Duralin Precision possuem uma ponta acentuada que desliza sobre as cordas para maior articula\u00e7\u00e3o, velocidade e controle. \u00c9 a palheta perfeita para rock progressivo, speed metal, jazz ou qualquer outro estilo que precise de maior controle e din\u00e2mica. Respostas de timbre brilhante e extrema durabilidade pela qual a D Addario Duralin \u00e9 conhecida.<\/p>\n<p>Origem:Estados Unidos<br \/> Cor:Laranja<br \/> Unidades por Embalagem:10<br \/> G\u00eanero:Unissex<br \/> Material:Delrin<br \/> Linha:Duralin<br \/> Material da palheta:Delrin<br \/> \u00c9 palheta tipo dedeira:N\u00e3o<br \/> C\u00f3digo Universal do Produto:0019954988357<br \/> SKU:025825<\/p>\n<p> Condi\u00e7\u00e3o do \u00edtem:Novo<br \/> MPN:6DOR2-10<br \/> Fonte do Produto:Importado<br \/> \u00c9 kit:N\u00e3o<br \/> Modelo:6DOR2-10<br \/> Marca:D<br \/> Artista Relacionado:N\/A<br \/> Espessura:60mm<br \/> Tamanho:Padr\u00e3o<\/p>\n<p><\/p>","protected":false},"excerpt":{"rendered":"<p>As palhetas Duralin Precision possuem uma ponta acentuada que desliza sobre as cordas para maior articula\u00e7\u00e3o, velocidade e controle. \u00c9 a palheta perfeita para rock progressivo, speed metal, jazz ou qualquer outro estilo que precise de maior controle e din\u00e2mica. Respostas de timbre brilhante e extrema durabilidade pela qual a D Addario Duralin \u00e9 conhecida. [&hellip;]<\/p>\n","protected":false},"featured_media":3688,"comment_status":"open","ping_status":"closed","template":"","meta":{"om_disable_all_campaigns":false,"jetpack_publicize_message":"","jetpack_publicize_feature_enabled":true,"jetpack_social_post_already_shared":false,"jetpack_social_options":{"image_generator_settings":{"template":"highway","default_image_id":0,"font":"","enabled":false},"version":2}},"product_brand":[160],"product_cat":[96,112],"product_tag":[516,517],"class_list":{"0":"post-3689","1":"product","2":"type-product","3":"status-publish","4":"has-post-thumbnail","6":"product_brand-daddario","7":"product_cat-acessorios","8":"product_cat-palhetas","9":"product_tag-palheta","10":"product_tag-picks","12":"first","13":"instock","14":"shipping-taxable","15":"purchasable","16":"product-type-simple"},"aioseo_notices":[],"jetpack_publicize_connections":[],"jetpack_sharing_enabled":true,"_links":{"self":[{"href":"https:\/\/delaet.com.br\/en\/wp-json\/wp\/v2\/product\/3689","targetHints":{"allow":["GET"]}}],"collection":[{"href":"https:\/\/delaet.com.br\/en\/wp-json\/wp\/v2\/product"}],"about":[{"href":"https:\/\/delaet.com.br\/en\/wp-json\/wp\/v2\/types\/product"}],"replies":[{"embeddable":true,"href":"https:\/\/delaet.com.br\/en\/wp-json\/wp\/v2\/comments?post=3689"}],"wp:featuredmedia":[{"embeddable":true,"href":"https:\/\/delaet.com.br\/en\/wp-json\/wp\/v2\/media\/3688"}],"wp:attachment":[{"href":"https:\/\/delaet.com.br\/en\/wp-json\/wp\/v2\/media?parent=3689"}],"wp:term":[{"taxonomy":"product_brand","embeddable":true,"href":"https:\/\/delaet.com.br\/en\/wp-json\/wp\/v2\/product_brand?post=3689"},{"taxonomy":"product_cat","embeddable":true,"href":"https:\/\/delaet.com.br\/en\/wp-json\/wp\/v2\/product_cat?post=3689"},{"taxonomy":"product_tag","embeddable":true,"href":"https:\/\/delaet.com.br\/en\/wp-json\/wp\/v2\/product_tag?post=3689"}],"curies":[{"name":"wp","href":"https:\/\/api.w.org\/{rel}","templated":true}]}}