{"id":3700,"date":"2026-04-12T09:52:13","date_gmt":"2026-04-12T12:52:13","guid":{"rendered":"https:\/\/delaet.com.br\/pt_br\/loja\/produto\/palheta-nylon-1-0mm-25-un-daddario-nylflex-1nfx6-25-f035\/"},"modified":"2026-04-15T18:07:17","modified_gmt":"2026-04-15T21:07:17","slug":"palheta-nylon-1-0mm-25-un-daddario-nylflex-1nfx6-25-f035","status":"publish","type":"product","link":"https:\/\/delaet.com.br\/en\/loja\/produto\/palheta-nylon-1-0mm-25-un-daddario-nylflex-1nfx6-25-f035\/","title":{"rendered":"Palheta Nylon 1.0mm (25 Un) D\u00b4Addario Nylflex 1NFX6-25"},"content":{"rendered":"<p>Inspiradas nas palhetas de nylon mais utilizadas nos anos 50 e 60, as DAddario Nylflex s\u00e3o as primeiras palhetas de nylon a captarem a pegada flex\u00edvel, timbre aveludado e o padr\u00e3o de ader\u00eancia das palhetas originais, proporcionando uma experi\u00eancia vintage aut\u00eantica. Agora e poss\u00edvel experimentar a pegada e o timbre dos primordios do Rock N Roll. Nylflex e a palheta moderna para um timbre vintage|<\/p>\n<p> Condi\u00e7\u00e3o do item:Novo<br \/> Fonte do Produto:Importado<br \/> G\u00eanero:Unissex<br \/> Marca:DAddario<br \/> Modelo:1NFX6-25<br \/> Origem:Estados Unidos<br \/> SKU:025027<br \/> C\u00f3digo de Barras:019954974084<br \/> N\u00famero de pe\u00e7a:1NFX6-25<br \/> Cor:Cinza<br \/> \u00c9 kit:Sim<br \/> Material:Nylon<br \/> Unidades por Embalagem:25<\/p>\n<p><\/p>","protected":false},"excerpt":{"rendered":"<p>Inspiradas nas palhetas de nylon mais utilizadas nos anos 50 e 60, as DAddario Nylflex s\u00e3o as primeiras palhetas de nylon a captarem a pegada flex\u00edvel, timbre aveludado e o padr\u00e3o de ader\u00eancia das palhetas originais, proporcionando uma experi\u00eancia vintage aut\u00eantica. Agora e poss\u00edvel experimentar a pegada e o timbre dos primordios do Rock N [&hellip;]<\/p>\n","protected":false},"featured_media":3696,"comment_status":"open","ping_status":"closed","template":"","meta":{"om_disable_all_campaigns":false,"jetpack_publicize_message":"","jetpack_publicize_feature_enabled":true,"jetpack_social_post_already_shared":false,"jetpack_social_options":{"image_generator_settings":{"template":"highway","default_image_id":0,"font":"","enabled":false},"version":2}},"product_brand":[160],"product_cat":[96,112],"product_tag":[516,517],"class_list":{"0":"post-3700","1":"product","2":"type-product","3":"status-publish","4":"has-post-thumbnail","6":"product_brand-daddario","7":"product_cat-acessorios","8":"product_cat-palhetas","9":"product_tag-palheta","10":"product_tag-picks","12":"first","13":"instock","14":"shipping-taxable","15":"purchasable","16":"product-type-simple"},"aioseo_notices":[],"jetpack_publicize_connections":[],"jetpack_sharing_enabled":true,"_links":{"self":[{"href":"https:\/\/delaet.com.br\/en\/wp-json\/wp\/v2\/product\/3700","targetHints":{"allow":["GET"]}}],"collection":[{"href":"https:\/\/delaet.com.br\/en\/wp-json\/wp\/v2\/product"}],"about":[{"href":"https:\/\/delaet.com.br\/en\/wp-json\/wp\/v2\/types\/product"}],"replies":[{"embeddable":true,"href":"https:\/\/delaet.com.br\/en\/wp-json\/wp\/v2\/comments?post=3700"}],"wp:featuredmedia":[{"embeddable":true,"href":"https:\/\/delaet.com.br\/en\/wp-json\/wp\/v2\/media\/3696"}],"wp:attachment":[{"href":"https:\/\/delaet.com.br\/en\/wp-json\/wp\/v2\/media?parent=3700"}],"wp:term":[{"taxonomy":"product_brand","embeddable":true,"href":"https:\/\/delaet.com.br\/en\/wp-json\/wp\/v2\/product_brand?post=3700"},{"taxonomy":"product_cat","embeddable":true,"href":"https:\/\/delaet.com.br\/en\/wp-json\/wp\/v2\/product_cat?post=3700"},{"taxonomy":"product_tag","embeddable":true,"href":"https:\/\/delaet.com.br\/en\/wp-json\/wp\/v2\/product_tag?post=3700"}],"curies":[{"name":"wp","href":"https:\/\/api.w.org\/{rel}","templated":true}]}}