{"id":3732,"date":"2026-04-12T09:54:06","date_gmt":"2026-04-12T12:54:06","guid":{"rendered":"https:\/\/delaet.com.br\/pt_br\/loja\/produto\/parafuso-captador-wf2-1x16-bk-preto-24-unidades-spirit-f035\/"},"modified":"2026-04-12T16:59:03","modified_gmt":"2026-04-12T19:59:03","slug":"parafuso-captador-wf2-1x16-bk-preto-24-unidades-spirit-f035","status":"publish","type":"product","link":"https:\/\/delaet.com.br\/en\/loja\/produto\/parafuso-captador-wf2-1x16-bk-preto-24-unidades-spirit-f035\/","title":{"rendered":"Parafuso Captador WF2.1X16-BK Preto (24 Unidades) Spirit"},"content":{"rendered":"<p>Parafuso WF2.1X16-BK preto para Captador de instrumentos, 24 unidades &#8211; Spirit Guitar Parts.<\/p>\n<p>Instrumentos compat\u00edveis:Guitarra\/Baixo<br \/> Material:A\u00e7o<br \/> SKU:006293<\/p>\n<p> Condi\u00e7\u00e3o:Novo<br \/> Cor:Preta<br \/> C\u00f3digo Universal do Produto:7899559802936<br \/> G\u00eanero:Unissex<br \/> Linha:Spirit Guitar Parts<br \/> MPN:H9104_00<br \/> Marca:Spirit<br \/> Modelo:H9104_00<br \/> Origem:Cor\u00e9ia do Sul<br \/> Unidades por embalagem:24<br \/> \u00c9 kit:N\u00e3o<br \/> Instrumento Recomendado:Guitarra\/Baixo<\/p>\n<p><\/p>","protected":false},"excerpt":{"rendered":"<p>Parafuso WF2.1X16-BK preto para Captador de instrumentos, 24 unidades &#8211; Spirit Guitar Parts. Instrumentos compat\u00edveis:Guitarra\/Baixo Material:A\u00e7o SKU:006293 Condi\u00e7\u00e3o:Novo Cor:Preta C\u00f3digo Universal do Produto:7899559802936 G\u00eanero:Unissex Linha:Spirit Guitar Parts MPN:H9104_00 Marca:Spirit Modelo:H9104_00 Origem:Cor\u00e9ia do Sul Unidades por embalagem:24 \u00c9 kit:N\u00e3o Instrumento Recomendado:Guitarra\/Baixo<\/p>","protected":false},"featured_media":3731,"comment_status":"open","ping_status":"closed","template":"","meta":{"om_disable_all_campaigns":false,"_monsterinsights_skip_tracking":false,"_monsterinsights_sitenote_active":false,"_monsterinsights_sitenote_note":"","_monsterinsights_sitenote_category":0,"jetpack_publicize_message":"","jetpack_publicize_feature_enabled":true,"jetpack_social_post_already_shared":false,"jetpack_social_options":{"image_generator_settings":{"template":"highway","default_image_id":0,"font":"","enabled":false},"version":2}},"product_brand":[165],"product_cat":[28,223],"product_tag":[502,509],"class_list":{"0":"post-3732","1":"product","2":"type-product","3":"status-publish","4":"has-post-thumbnail","6":"product_brand-spirit","7":"product_cat-eletricos","8":"product_cat-outros","9":"product_tag-parafuso","10":"product_tag-parafuso-para-captador","12":"first","13":"instock","14":"shipping-taxable","15":"purchasable","16":"product-type-simple"},"aioseo_notices":[],"jetpack_publicize_connections":[],"jetpack_sharing_enabled":true,"_links":{"self":[{"href":"https:\/\/delaet.com.br\/en\/wp-json\/wp\/v2\/product\/3732","targetHints":{"allow":["GET"]}}],"collection":[{"href":"https:\/\/delaet.com.br\/en\/wp-json\/wp\/v2\/product"}],"about":[{"href":"https:\/\/delaet.com.br\/en\/wp-json\/wp\/v2\/types\/product"}],"replies":[{"embeddable":true,"href":"https:\/\/delaet.com.br\/en\/wp-json\/wp\/v2\/comments?post=3732"}],"wp:featuredmedia":[{"embeddable":true,"href":"https:\/\/delaet.com.br\/en\/wp-json\/wp\/v2\/media\/3731"}],"wp:attachment":[{"href":"https:\/\/delaet.com.br\/en\/wp-json\/wp\/v2\/media?parent=3732"}],"wp:term":[{"taxonomy":"product_brand","embeddable":true,"href":"https:\/\/delaet.com.br\/en\/wp-json\/wp\/v2\/product_brand?post=3732"},{"taxonomy":"product_cat","embeddable":true,"href":"https:\/\/delaet.com.br\/en\/wp-json\/wp\/v2\/product_cat?post=3732"},{"taxonomy":"product_tag","embeddable":true,"href":"https:\/\/delaet.com.br\/en\/wp-json\/wp\/v2\/product_tag?post=3732"}],"curies":[{"name":"wp","href":"https:\/\/api.w.org\/{rel}","templated":true}]}}