{"id":3736,"date":"2026-04-12T09:54:26","date_gmt":"2026-04-12T12:54:26","guid":{"rendered":"https:\/\/delaet.com.br\/pt_br\/loja\/produto\/parafuso-chaves-seletoras-mo-6-32x12-gd-24-pecas-spirit-f035\/"},"modified":"2026-04-12T16:57:42","modified_gmt":"2026-04-12T19:57:42","slug":"parafuso-chaves-seletoras-mo-6-32x12-gd-24-pecas-spirit-f035","status":"publish","type":"product","link":"https:\/\/delaet.com.br\/en\/loja\/produto\/parafuso-chaves-seletoras-mo-6-32x12-gd-24-pecas-spirit-f035\/","title":{"rendered":"Parafuso Chaves Seletoras MO 6-32&#215;12 GD (24 Pe\u00e7as) Spirit"},"content":{"rendered":"<p>Parafuso para Chaves Seletoras de instrumentos, MR 6-32&#215;12 GD acabamento dourado, fenda ou phillips sem rebaixamento, 24 unidades &#8211; Spirit Guitar Parts.<\/p>\n<p>Instrumentos compat\u00edveis:Guitarra<br \/> Material:Metal<br \/> SKU:021608<\/p>\n<p> Condi\u00e7\u00e3o:Novo<br \/> Cor:Dourada<br \/> C\u00f3digo Universal do Produto:7899559806378<br \/> G\u00eanero:Unissex<br \/> Linha:Spirit Guitar Parts<br \/> MPN:H8000_40<br \/> Marca:Spirit<br \/> Modelo:MR 6-32&#215;12-GD<br \/> Origem:Cor\u00e9ia do Sul<br \/> Unidades por embalagem:24<br \/> \u00c9 kit:N\u00e3o<br \/> Instrumento Recomendado:Guitarra<\/p>\n<p><\/p>","protected":false},"excerpt":{"rendered":"<p>Parafuso para Chaves Seletoras de instrumentos, MR 6-32&#215;12 GD acabamento dourado, fenda ou phillips sem rebaixamento, 24 unidades &#8211; Spirit Guitar Parts. Instrumentos compat\u00edveis:Guitarra Material:Metal SKU:021608 Condi\u00e7\u00e3o:Novo Cor:Dourada C\u00f3digo Universal do Produto:7899559806378 G\u00eanero:Unissex Linha:Spirit Guitar Parts MPN:H8000_40 Marca:Spirit Modelo:MR 6-32&#215;12-GD Origem:Cor\u00e9ia do Sul Unidades por embalagem:24 \u00c9 kit:N\u00e3o Instrumento Recomendado:Guitarra<\/p>","protected":false},"featured_media":3735,"comment_status":"open","ping_status":"closed","template":"","meta":{"om_disable_all_campaigns":false,"_monsterinsights_skip_tracking":false,"_monsterinsights_sitenote_active":false,"_monsterinsights_sitenote_note":"","_monsterinsights_sitenote_category":0,"jetpack_publicize_message":"","jetpack_publicize_feature_enabled":true,"jetpack_social_post_already_shared":false,"jetpack_social_options":{"image_generator_settings":{"template":"highway","default_image_id":0,"font":"","enabled":false},"version":2}},"product_brand":[165],"product_cat":[28,223],"product_tag":[502,508],"class_list":{"0":"post-3736","1":"product","2":"type-product","3":"status-publish","4":"has-post-thumbnail","6":"product_brand-spirit","7":"product_cat-eletricos","8":"product_cat-outros","9":"product_tag-parafuso","10":"product_tag-parafuso-chaves-seletoras","12":"first","13":"instock","14":"shipping-taxable","15":"purchasable","16":"product-type-simple"},"aioseo_notices":[],"jetpack_publicize_connections":[],"jetpack_sharing_enabled":true,"_links":{"self":[{"href":"https:\/\/delaet.com.br\/en\/wp-json\/wp\/v2\/product\/3736","targetHints":{"allow":["GET"]}}],"collection":[{"href":"https:\/\/delaet.com.br\/en\/wp-json\/wp\/v2\/product"}],"about":[{"href":"https:\/\/delaet.com.br\/en\/wp-json\/wp\/v2\/types\/product"}],"replies":[{"embeddable":true,"href":"https:\/\/delaet.com.br\/en\/wp-json\/wp\/v2\/comments?post=3736"}],"wp:featuredmedia":[{"embeddable":true,"href":"https:\/\/delaet.com.br\/en\/wp-json\/wp\/v2\/media\/3735"}],"wp:attachment":[{"href":"https:\/\/delaet.com.br\/en\/wp-json\/wp\/v2\/media?parent=3736"}],"wp:term":[{"taxonomy":"product_brand","embeddable":true,"href":"https:\/\/delaet.com.br\/en\/wp-json\/wp\/v2\/product_brand?post=3736"},{"taxonomy":"product_cat","embeddable":true,"href":"https:\/\/delaet.com.br\/en\/wp-json\/wp\/v2\/product_cat?post=3736"},{"taxonomy":"product_tag","embeddable":true,"href":"https:\/\/delaet.com.br\/en\/wp-json\/wp\/v2\/product_tag?post=3736"}],"curies":[{"name":"wp","href":"https:\/\/api.w.org\/{rel}","templated":true}]}}