{"id":3758,"date":"2026-04-12T09:56:06","date_gmt":"2026-04-12T12:56:06","guid":{"rendered":"https:\/\/delaet.com.br\/pt_br\/loja\/produto\/parafuso-tarraxas-wr2-1-0x12-0-niquelado-24-pecas-spirit-f035\/"},"modified":"2026-04-12T16:50:41","modified_gmt":"2026-04-12T19:50:41","slug":"parafuso-tarraxas-wr2-1-0x12-0-niquelado-24-pecas-spirit-f035","status":"publish","type":"product","link":"https:\/\/delaet.com.br\/en\/loja\/produto\/parafuso-tarraxas-wr2-1-0x12-0-niquelado-24-pecas-spirit-f035\/","title":{"rendered":"Parafuso Tarraxas WR2.1.0&#215;12.0 Niquelado (24 Pe\u00e7as) Spirit"},"content":{"rendered":"<p>Parafuso para Tarraxas de instrumentos, WR2.1.0&#215;12.0, acabamento niquelado, 24 unidades &#8211; Spirit Guitar Parts.<\/p>\n<p>Disposi\u00e7\u00e3o das tarraxas:N\/A<br \/> Instrumentos compat\u00edveis:Guitarra\/Baixo\/Viol\u00e3o<br \/> Material:Metal<br \/> Inclui parafusos:N\/A<br \/> Quantidade de tarraxas:N\/A<br \/> SKU:021937<\/p>\n<p> Condi\u00e7\u00e3o:Novo<br \/> Cor:Niquelada<br \/> C\u00f3digo Universal do Produto:7899559808440<br \/> G\u00eanero:Unissex<br \/> Linha:Spirit Guitar Parts<br \/> MPN:H9303_60<br \/> Marca:Spirit<br \/> Modelo:H9303_60<br \/> Origem:Cor\u00e9ia do Sul<br \/> Unidades por embalagem:24<br \/> \u00c9 kit:N\u00e3o<br \/> Instrumento Recomendado:Guitarra\/Baixo\/Viol\u00e3o<\/p>\n<p><\/p>","protected":false},"excerpt":{"rendered":"<p>Parafuso para Tarraxas de instrumentos, WR2.1.0&#215;12.0, acabamento niquelado, 24 unidades &#8211; Spirit Guitar Parts. Disposi\u00e7\u00e3o das tarraxas:N\/A Instrumentos compat\u00edveis:Guitarra\/Baixo\/Viol\u00e3o Material:Metal Inclui parafusos:N\/A Quantidade de tarraxas:N\/A SKU:021937 Condi\u00e7\u00e3o:Novo Cor:Niquelada C\u00f3digo Universal do Produto:7899559808440 G\u00eanero:Unissex Linha:Spirit Guitar Parts MPN:H9303_60 Marca:Spirit Modelo:H9303_60 Origem:Cor\u00e9ia do Sul Unidades por embalagem:24 \u00c9 kit:N\u00e3o Instrumento Recomendado:Guitarra\/Baixo\/Viol\u00e3o<\/p>","protected":false},"featured_media":3757,"comment_status":"open","ping_status":"closed","template":"","meta":{"om_disable_all_campaigns":false,"_monsterinsights_skip_tracking":false,"_monsterinsights_sitenote_active":false,"_monsterinsights_sitenote_note":"","_monsterinsights_sitenote_category":0,"jetpack_publicize_message":"","jetpack_publicize_feature_enabled":true,"jetpack_social_post_already_shared":false,"jetpack_social_options":{"image_generator_settings":{"template":"highway","default_image_id":0,"font":"","enabled":false},"version":2}},"product_brand":[165],"product_cat":[28,223],"product_tag":[502,504],"class_list":{"0":"post-3758","1":"product","2":"type-product","3":"status-publish","4":"has-post-thumbnail","6":"product_brand-spirit","7":"product_cat-eletricos","8":"product_cat-outros","9":"product_tag-parafuso","10":"product_tag-parafuso-tarraxas","12":"first","13":"instock","14":"shipping-taxable","15":"purchasable","16":"product-type-simple"},"aioseo_notices":[],"jetpack_publicize_connections":[],"jetpack_sharing_enabled":true,"_links":{"self":[{"href":"https:\/\/delaet.com.br\/en\/wp-json\/wp\/v2\/product\/3758","targetHints":{"allow":["GET"]}}],"collection":[{"href":"https:\/\/delaet.com.br\/en\/wp-json\/wp\/v2\/product"}],"about":[{"href":"https:\/\/delaet.com.br\/en\/wp-json\/wp\/v2\/types\/product"}],"replies":[{"embeddable":true,"href":"https:\/\/delaet.com.br\/en\/wp-json\/wp\/v2\/comments?post=3758"}],"wp:featuredmedia":[{"embeddable":true,"href":"https:\/\/delaet.com.br\/en\/wp-json\/wp\/v2\/media\/3757"}],"wp:attachment":[{"href":"https:\/\/delaet.com.br\/en\/wp-json\/wp\/v2\/media?parent=3758"}],"wp:term":[{"taxonomy":"product_brand","embeddable":true,"href":"https:\/\/delaet.com.br\/en\/wp-json\/wp\/v2\/product_brand?post=3758"},{"taxonomy":"product_cat","embeddable":true,"href":"https:\/\/delaet.com.br\/en\/wp-json\/wp\/v2\/product_cat?post=3758"},{"taxonomy":"product_tag","embeddable":true,"href":"https:\/\/delaet.com.br\/en\/wp-json\/wp\/v2\/product_tag?post=3758"}],"curies":[{"name":"wp","href":"https:\/\/api.w.org\/{rel}","templated":true}]}}