{"id":3764,"date":"2026-04-12T09:56:35","date_gmt":"2026-04-12T12:56:35","guid":{"rendered":"https:\/\/delaet.com.br\/pt_br\/loja\/produto\/parafuso-trocolo-dourado-wrp4-5x35-gd-24-unidades-spirit-f035\/"},"modified":"2026-04-12T16:48:11","modified_gmt":"2026-04-12T19:48:11","slug":"parafuso-trocolo-dourado-wrp4-5x35-gd-24-unidades-spirit-f035","status":"publish","type":"product","link":"https:\/\/delaet.com.br\/en\/loja\/produto\/parafuso-trocolo-dourado-wrp4-5x35-gd-24-unidades-spirit-f035\/","title":{"rendered":"Parafuso para o Tr\u00f3culo Dourado WRP4.5X35-GD (24 Unidades) Spirit"},"content":{"rendered":"<p>Parafuso para Trocolo (Neckplate) em acabamento Dourado WRP4.5X35-GD, 24 unidades, Spirit Guitar Parts.<\/p>\n<p>Instrumentos compat\u00edveis:Guitarra\/Baixo<br \/> Material:A\u00e7o<br \/> SKU:021940<\/p>\n<p> Condi\u00e7\u00e3o:Novo<br \/> Cor:Dourada<br \/> C\u00f3digo Universal do Produto:7899559808471<br \/> G\u00eanero:Unissex<br \/> Linha:Spirit Guitar Parts<br \/> MPN:H9409_40<br \/> Marca:Spirit<br \/> Modelo:H9409_40<br \/> Origem:Cor\u00e9ia do Sul<br \/> Unidades por embalagem:24<br \/> \u00c9 kit:N\u00e3o<br \/> Instrumento Recomendado:Guitarra\/Baixo<\/p>\n<p><\/p>","protected":false},"excerpt":{"rendered":"<p>Parafuso para Trocolo (Neckplate) em acabamento Dourado WRP4.5X35-GD, 24 unidades, Spirit Guitar Parts. Instrumentos compat\u00edveis:Guitarra\/Baixo Material:A\u00e7o SKU:021940 Condi\u00e7\u00e3o:Novo Cor:Dourada C\u00f3digo Universal do Produto:7899559808471 G\u00eanero:Unissex Linha:Spirit Guitar Parts MPN:H9409_40 Marca:Spirit Modelo:H9409_40 Origem:Cor\u00e9ia do Sul Unidades por embalagem:24 \u00c9 kit:N\u00e3o Instrumento Recomendado:Guitarra\/Baixo<\/p>","protected":false},"featured_media":3763,"comment_status":"open","ping_status":"closed","template":"","meta":{"om_disable_all_campaigns":false,"_monsterinsights_skip_tracking":false,"_monsterinsights_sitenote_active":false,"_monsterinsights_sitenote_note":"","_monsterinsights_sitenote_category":0,"jetpack_publicize_message":"","jetpack_publicize_feature_enabled":true,"jetpack_social_post_already_shared":false,"jetpack_social_options":{"image_generator_settings":{"template":"highway","default_image_id":0,"font":"","enabled":false},"version":2}},"product_brand":[165],"product_cat":[96,28,223],"product_tag":[502,503],"class_list":{"0":"post-3764","1":"product","2":"type-product","3":"status-publish","4":"has-post-thumbnail","6":"product_brand-spirit","7":"product_cat-acessorios","8":"product_cat-eletricos","9":"product_cat-outros","10":"product_tag-parafuso","11":"product_tag-parafuso-troculo","13":"first","14":"instock","15":"shipping-taxable","16":"purchasable","17":"product-type-simple"},"aioseo_notices":[],"jetpack_publicize_connections":[],"jetpack_sharing_enabled":true,"_links":{"self":[{"href":"https:\/\/delaet.com.br\/en\/wp-json\/wp\/v2\/product\/3764","targetHints":{"allow":["GET"]}}],"collection":[{"href":"https:\/\/delaet.com.br\/en\/wp-json\/wp\/v2\/product"}],"about":[{"href":"https:\/\/delaet.com.br\/en\/wp-json\/wp\/v2\/types\/product"}],"replies":[{"embeddable":true,"href":"https:\/\/delaet.com.br\/en\/wp-json\/wp\/v2\/comments?post=3764"}],"wp:featuredmedia":[{"embeddable":true,"href":"https:\/\/delaet.com.br\/en\/wp-json\/wp\/v2\/media\/3763"}],"wp:attachment":[{"href":"https:\/\/delaet.com.br\/en\/wp-json\/wp\/v2\/media?parent=3764"}],"wp:term":[{"taxonomy":"product_brand","embeddable":true,"href":"https:\/\/delaet.com.br\/en\/wp-json\/wp\/v2\/product_brand?post=3764"},{"taxonomy":"product_cat","embeddable":true,"href":"https:\/\/delaet.com.br\/en\/wp-json\/wp\/v2\/product_cat?post=3764"},{"taxonomy":"product_tag","embeddable":true,"href":"https:\/\/delaet.com.br\/en\/wp-json\/wp\/v2\/product_tag?post=3764"}],"curies":[{"name":"wp","href":"https:\/\/api.w.org\/{rel}","templated":true}]}}