{"id":3770,"date":"2026-04-12T09:56:49","date_gmt":"2026-04-12T12:56:49","guid":{"rendered":"https:\/\/delaet.com.br\/pt_br\/loja\/produto\/pedal-afinador-cromatico-d-addario-pw-ct-20-f035\/"},"modified":"2026-04-15T11:25:32","modified_gmt":"2026-04-15T14:25:32","slug":"pedal-afinador-cromatico-d-addario-pw-ct-20-f035","status":"publish","type":"product","link":"https:\/\/delaet.com.br\/en\/loja\/produto\/pedal-afinador-cromatico-d-addario-pw-ct-20-f035\/","title":{"rendered":"Pedal Afinador Crom\u00e1tico D\u00b4Addario PW-CT-20"},"content":{"rendered":"<p>O pedal afinador crom\u00e1tico DAddario \u00e9 a combina\u00e7\u00e3o perfeita de inova\u00e7\u00e3o, simplicidade e estilo. Compactado em robusto corpo de alum\u00ednio, o afinador conta com um processador de 32bits que reconhece as notas tocadas com uma rapidez e precis\u00e3o impressionantes. Possui calibragem ampla, de 415Hz \u00e0 475Hz e tecnologia TRUE BYPASS. O afinador pode ser alimentado por bateria ou fonte 9V. O display vertical colorido permite uma afina\u00e7\u00e3o r\u00e1pida, precisa e intuitiva tanto em casa, como no est\u00fadio ou nos palcos.<\/p>\n<p>Origem:China<br \/> Cor:Prata<br \/> Unidades por Embalagem:1<br \/> G\u00eanero:Unissex<br \/> Linha:Chromatic Pedal Tuner<br \/> Tipo de afinador:Crom\u00e1tico<br \/> Formato do afinador:Pedal<br \/> Frequ\u00eancia m\u00ednima:415Hz<br \/> Frequ\u00eancia m\u00e1xima:475Hz<br \/> Com tela:Sim<br \/> Modelo:PW-CT-20<br \/> Marca:DAddario Acess\u00f3rios<br \/> Tipo de alimenta\u00e7\u00e3o:Bateria 9V\/Fonte 9V<\/p>\n<p> Condi\u00e7\u00e3o:Novo<br \/> C\u00f3digo Universal do Produto:0019954242435<br \/> MPN:PW-CT-20<br \/> Material:A\u00e7o<br \/> SKU:028878<br \/> Unidades por embalagem:1<br \/> \u00c9 kit:N\u00e3o<br \/> Instrumento Recomendado:Baixo\/Guitarra\/Viol\u00e3o<\/p>\n<p><\/p>","protected":false},"excerpt":{"rendered":"<p>O pedal afinador crom\u00e1tico DAddario \u00e9 a combina\u00e7\u00e3o perfeita de inova\u00e7\u00e3o, simplicidade e estilo. Compactado em robusto corpo de alum\u00ednio, o afinador conta com um processador de 32bits que reconhece as notas tocadas com uma rapidez e precis\u00e3o impressionantes. Possui calibragem ampla, de 415Hz \u00e0 475Hz e tecnologia TRUE BYPASS. O afinador pode ser alimentado [&hellip;]<\/p>\n","protected":false},"featured_media":3765,"comment_status":"open","ping_status":"closed","template":"","meta":{"om_disable_all_campaigns":false,"jetpack_publicize_message":"","jetpack_publicize_feature_enabled":true,"jetpack_social_post_already_shared":false,"jetpack_social_options":{"image_generator_settings":{"template":"highway","default_image_id":0,"font":"","enabled":false},"version":2}},"product_brand":[160],"product_cat":[96,500,109,499],"product_tag":[200,501],"class_list":{"0":"post-3770","1":"product","2":"type-product","3":"status-publish","4":"has-post-thumbnail","6":"product_brand-daddario","7":"product_cat-acessorios","8":"product_cat-afinador","9":"product_cat-afinadores","10":"product_cat-pedal","11":"product_tag-afinador","12":"product_tag-pedal","14":"first","15":"instock","16":"shipping-taxable","17":"purchasable","18":"product-type-simple"},"aioseo_notices":[],"jetpack_publicize_connections":[],"jetpack_sharing_enabled":true,"_links":{"self":[{"href":"https:\/\/delaet.com.br\/en\/wp-json\/wp\/v2\/product\/3770","targetHints":{"allow":["GET"]}}],"collection":[{"href":"https:\/\/delaet.com.br\/en\/wp-json\/wp\/v2\/product"}],"about":[{"href":"https:\/\/delaet.com.br\/en\/wp-json\/wp\/v2\/types\/product"}],"replies":[{"embeddable":true,"href":"https:\/\/delaet.com.br\/en\/wp-json\/wp\/v2\/comments?post=3770"}],"wp:featuredmedia":[{"embeddable":true,"href":"https:\/\/delaet.com.br\/en\/wp-json\/wp\/v2\/media\/3765"}],"wp:attachment":[{"href":"https:\/\/delaet.com.br\/en\/wp-json\/wp\/v2\/media?parent=3770"}],"wp:term":[{"taxonomy":"product_brand","embeddable":true,"href":"https:\/\/delaet.com.br\/en\/wp-json\/wp\/v2\/product_brand?post=3770"},{"taxonomy":"product_cat","embeddable":true,"href":"https:\/\/delaet.com.br\/en\/wp-json\/wp\/v2\/product_cat?post=3770"},{"taxonomy":"product_tag","embeddable":true,"href":"https:\/\/delaet.com.br\/en\/wp-json\/wp\/v2\/product_tag?post=3770"}],"curies":[{"name":"wp","href":"https:\/\/api.w.org\/{rel}","templated":true}]}}