{"id":3772,"date":"2026-04-12T09:56:58","date_gmt":"2026-04-12T12:56:58","guid":{"rendered":"https:\/\/delaet.com.br\/pt_br\/loja\/produto\/pestana-baixo-4-cordas-preta-10-pecas-spirit-nbg386-blk-f035\/"},"modified":"2026-04-12T16:43:47","modified_gmt":"2026-04-12T19:43:47","slug":"pestana-baixo-4-cordas-preta-10-pecas-spirit-nbg386-blk-f035","status":"publish","type":"product","link":"https:\/\/delaet.com.br\/en\/loja\/produto\/pestana-baixo-4-cordas-preta-10-pecas-spirit-nbg386-blk-f035\/","title":{"rendered":"Pestana Baixo 4 Cordas Preta (10 Pe\u00e7as) Spirit NBG386-BLK"},"content":{"rendered":"<p>Pestana (Nut) para Baixo 4 Cordas, fabricada em pl\u00e1stico preto, medidas 37.9X5.8X9.0\/7.7, 10 unidades, Spirit Guitar Parts &#8211; NBG386-BLK.<\/p>\n<p>Espa\u00e7amento entre cordas:N\/A<br \/> Unidade de Espa\u00e7amento entre cordas:N\/A<br \/> Comprimento:37,9<br \/> Unidade de Comprimento:mm<br \/> Unidade de Largura:mm<br \/> Unidade de Altura:mm<br \/> Instrumentos compat\u00edveis:Baixo<br \/> Material:Pl\u00e1stico<br \/> SKU:021873<\/p>\n<p> Condi\u00e7\u00e3o:Novo<br \/> Cor:Preta<br \/> C\u00f3digo Universal do Produto:7899559807962<br \/> G\u00eanero:Unissex<br \/> Linha:Spirit Guitar Parts<br \/> MPN:H5757_000<br \/> Marca:Spirit<br \/> Modelo:NBG386-BLK<br \/> Origem:Cor\u00e9ia do Sul<br \/> Unidades por embalagem:10<br \/> \u00c9 kit:N\u00e3o<br \/> Instrumento Recomendado:Baixo<\/p>\n<p><\/p>","protected":false},"excerpt":{"rendered":"<p>Pestana (Nut) para Baixo 4 Cordas, fabricada em pl\u00e1stico preto, medidas 37.9X5.8X9.0\/7.7, 10 unidades, Spirit Guitar Parts &#8211; NBG386-BLK. Espa\u00e7amento entre cordas:N\/A Unidade de Espa\u00e7amento entre cordas:N\/A Comprimento:37,9 Unidade de Comprimento:mm Unidade de Largura:mm Unidade de Altura:mm Instrumentos compat\u00edveis:Baixo Material:Pl\u00e1stico SKU:021873 Condi\u00e7\u00e3o:Novo Cor:Preta C\u00f3digo Universal do Produto:7899559807962 G\u00eanero:Unissex Linha:Spirit Guitar Parts MPN:H5757_000 Marca:Spirit Modelo:NBG386-BLK Origem:Cor\u00e9ia [&hellip;]<\/p>\n","protected":false},"featured_media":3771,"comment_status":"open","ping_status":"closed","template":"","meta":{"om_disable_all_campaigns":false,"_monsterinsights_skip_tracking":false,"_monsterinsights_sitenote_active":false,"_monsterinsights_sitenote_note":"","_monsterinsights_sitenote_category":0,"jetpack_publicize_message":"","jetpack_publicize_feature_enabled":true,"jetpack_social_post_already_shared":false,"jetpack_social_options":{"image_generator_settings":{"template":"highway","default_image_id":0,"font":"","enabled":false},"version":2}},"product_brand":[165],"product_cat":[96,28,223],"product_tag":[497,493],"class_list":{"0":"post-3772","1":"product","2":"type-product","3":"status-publish","4":"has-post-thumbnail","6":"product_brand-spirit","7":"product_cat-acessorios","8":"product_cat-eletricos","9":"product_cat-outros","10":"product_tag-nut","11":"product_tag-pestana","13":"first","14":"instock","15":"shipping-taxable","16":"purchasable","17":"product-type-simple"},"aioseo_notices":[],"jetpack_publicize_connections":[],"jetpack_sharing_enabled":true,"_links":{"self":[{"href":"https:\/\/delaet.com.br\/en\/wp-json\/wp\/v2\/product\/3772","targetHints":{"allow":["GET"]}}],"collection":[{"href":"https:\/\/delaet.com.br\/en\/wp-json\/wp\/v2\/product"}],"about":[{"href":"https:\/\/delaet.com.br\/en\/wp-json\/wp\/v2\/types\/product"}],"replies":[{"embeddable":true,"href":"https:\/\/delaet.com.br\/en\/wp-json\/wp\/v2\/comments?post=3772"}],"wp:featuredmedia":[{"embeddable":true,"href":"https:\/\/delaet.com.br\/en\/wp-json\/wp\/v2\/media\/3771"}],"wp:attachment":[{"href":"https:\/\/delaet.com.br\/en\/wp-json\/wp\/v2\/media?parent=3772"}],"wp:term":[{"taxonomy":"product_brand","embeddable":true,"href":"https:\/\/delaet.com.br\/en\/wp-json\/wp\/v2\/product_brand?post=3772"},{"taxonomy":"product_cat","embeddable":true,"href":"https:\/\/delaet.com.br\/en\/wp-json\/wp\/v2\/product_cat?post=3772"},{"taxonomy":"product_tag","embeddable":true,"href":"https:\/\/delaet.com.br\/en\/wp-json\/wp\/v2\/product_tag?post=3772"}],"curies":[{"name":"wp","href":"https:\/\/api.w.org\/{rel}","templated":true}]}}