{"id":3776,"date":"2026-04-12T09:57:18","date_gmt":"2026-04-12T12:57:18","guid":{"rendered":"https:\/\/delaet.com.br\/pt_br\/loja\/produto\/pestana-guitarra-preta-10-unidades-spirit-ne436-blk-f035\/"},"modified":"2026-04-12T16:42:38","modified_gmt":"2026-04-12T19:42:38","slug":"pestana-guitarra-preta-10-unidades-spirit-ne436-blk-f035","status":"publish","type":"product","link":"https:\/\/delaet.com.br\/en\/loja\/produto\/pestana-guitarra-preta-10-unidades-spirit-ne436-blk-f035\/","title":{"rendered":"Pestana Guitarra Preta (10 Unidades) Spirit NE436-BLK"},"content":{"rendered":"<p>Pestana (Nut) para Guitarra, fabricada em pl\u00e1stico preto, medidas 42.7X5.9X7.2\/6.5, 10 unidades, Spirit Guitar Parts &#8211; NE436-BLK.<\/p>\n<p>Espa\u00e7amento entre cordas:N\/A<br \/> Unidade de Espa\u00e7amento entre cordas:N\/A<br \/> Comprimento:42,7<br \/> Unidade de Comprimento:mm<br \/> Unidade de Largura:mm<br \/> Unidade de Altura:mm<br \/> Instrumentos compat\u00edveis:Guitarra<br \/> Material:Pl\u00e1stico<br \/> SKU:021855<\/p>\n<p> Condi\u00e7\u00e3o:Novo<br \/> Cor:Preta<br \/> C\u00f3digo Universal do Produto:7899559807788<br \/> G\u00eanero:Unissex<br \/> Linha:Spirit Guitar Parts<br \/> MPN:H5739_000<br \/> Marca:Spirit<br \/> Modelo:NE436-BLK<br \/> Origem:Cor\u00e9ia do Sul<br \/> Unidades por embalagem:10<br \/> \u00c9 kit:N\u00e3o<br \/> Instrumento Recomendado:Guitarra<\/p>\n<p><\/p>","protected":false},"excerpt":{"rendered":"<p>Pestana (Nut) para Guitarra, fabricada em pl\u00e1stico preto, medidas 42.7X5.9X7.2\/6.5, 10 unidades, Spirit Guitar Parts &#8211; NE436-BLK. Espa\u00e7amento entre cordas:N\/A Unidade de Espa\u00e7amento entre cordas:N\/A Comprimento:42,7 Unidade de Comprimento:mm Unidade de Largura:mm Unidade de Altura:mm Instrumentos compat\u00edveis:Guitarra Material:Pl\u00e1stico SKU:021855 Condi\u00e7\u00e3o:Novo Cor:Preta C\u00f3digo Universal do Produto:7899559807788 G\u00eanero:Unissex Linha:Spirit Guitar Parts MPN:H5739_000 Marca:Spirit Modelo:NE436-BLK Origem:Cor\u00e9ia do Sul [&hellip;]<\/p>\n","protected":false},"featured_media":3775,"comment_status":"open","ping_status":"closed","template":"","meta":{"om_disable_all_campaigns":false,"_monsterinsights_skip_tracking":false,"_monsterinsights_sitenote_active":false,"_monsterinsights_sitenote_note":"","_monsterinsights_sitenote_category":0,"jetpack_publicize_message":"","jetpack_publicize_feature_enabled":true,"jetpack_social_post_already_shared":false,"jetpack_social_options":{"image_generator_settings":{"template":"highway","default_image_id":0,"font":"","enabled":false},"version":2}},"product_brand":[165],"product_cat":[96,28,223],"product_tag":[497,493,498],"class_list":{"0":"post-3776","1":"product","2":"type-product","3":"status-publish","4":"has-post-thumbnail","6":"product_brand-spirit","7":"product_cat-acessorios","8":"product_cat-eletricos","9":"product_cat-outros","10":"product_tag-nut","11":"product_tag-pestana","12":"product_tag-pestana-guitarra","14":"first","15":"instock","16":"shipping-taxable","17":"purchasable","18":"product-type-simple"},"aioseo_notices":[],"jetpack_publicize_connections":[],"jetpack_sharing_enabled":true,"_links":{"self":[{"href":"https:\/\/delaet.com.br\/en\/wp-json\/wp\/v2\/product\/3776","targetHints":{"allow":["GET"]}}],"collection":[{"href":"https:\/\/delaet.com.br\/en\/wp-json\/wp\/v2\/product"}],"about":[{"href":"https:\/\/delaet.com.br\/en\/wp-json\/wp\/v2\/types\/product"}],"replies":[{"embeddable":true,"href":"https:\/\/delaet.com.br\/en\/wp-json\/wp\/v2\/comments?post=3776"}],"wp:featuredmedia":[{"embeddable":true,"href":"https:\/\/delaet.com.br\/en\/wp-json\/wp\/v2\/media\/3775"}],"wp:attachment":[{"href":"https:\/\/delaet.com.br\/en\/wp-json\/wp\/v2\/media?parent=3776"}],"wp:term":[{"taxonomy":"product_brand","embeddable":true,"href":"https:\/\/delaet.com.br\/en\/wp-json\/wp\/v2\/product_brand?post=3776"},{"taxonomy":"product_cat","embeddable":true,"href":"https:\/\/delaet.com.br\/en\/wp-json\/wp\/v2\/product_cat?post=3776"},{"taxonomy":"product_tag","embeddable":true,"href":"https:\/\/delaet.com.br\/en\/wp-json\/wp\/v2\/product_tag?post=3776"}],"curies":[{"name":"wp","href":"https:\/\/api.w.org\/{rel}","templated":true}]}}