{"id":3817,"date":"2026-04-12T09:59:53","date_gmt":"2026-04-12T12:59:53","guid":{"rendered":"https:\/\/delaet.com.br\/pt_br\/loja\/produto\/polidor-creme-restore-d-addario-pw-pl-01-f035\/"},"modified":"2026-04-17T12:25:32","modified_gmt":"2026-04-17T15:25:32","slug":"polidor-creme-restore-d-addario-pw-pl-01-f035","status":"publish","type":"product","link":"https:\/\/delaet.com.br\/en\/loja\/produto\/polidor-creme-restore-d-addario-pw-pl-01-f035\/","title":{"rendered":"Polidor Creme Restore D\u00b4Addario PW-PL-01"},"content":{"rendered":"<p>A cera de polimento possui uma f\u00f3rmula sofisticada para polimento e limpeza profunda, destinada a eliminar as sujeiras mais pesadas. Pode ser aplicada nos acabamentos mais comuns de guitarras, baixos e viol\u00f5es. Restaura, d\u00e1 polimento e remove marcas de impress\u00f5es digitais e pequenos arranh\u00f5es.<\/p>\n<p>Origem:Estados Unidos<br \/> Unidades por Embalagem:1<br \/> G\u00eanero:Unissex<\/p>\n<p><\/p>","protected":false},"excerpt":{"rendered":"<p>A cera de polimento possui uma f\u00f3rmula sofisticada para polimento e limpeza profunda, destinada a eliminar as sujeiras mais pesadas. Pode ser aplicada nos acabamentos mais comuns de guitarras, baixos e viol\u00f5es. Restaura, d\u00e1 polimento e remove marcas de impress\u00f5es digitais e pequenos arranh\u00f5es. Origem:Estados Unidos Unidades por Embalagem:1 G\u00eanero:Unissex<\/p>","protected":false},"featured_media":3816,"comment_status":"open","ping_status":"closed","template":"","meta":{"om_disable_all_campaigns":false,"jetpack_publicize_message":"","jetpack_publicize_feature_enabled":true,"jetpack_social_post_already_shared":false,"jetpack_social_options":{"image_generator_settings":{"template":"highway","default_image_id":0,"font":"","enabled":false},"version":2}},"product_brand":[160],"product_cat":[96,489],"product_tag":[488,486,490],"class_list":{"0":"post-3817","1":"product","2":"type-product","3":"status-publish","4":"has-post-thumbnail","6":"product_brand-daddario","7":"product_cat-acessorios","8":"product_cat-limpeza","9":"product_tag-limpeza","10":"product_tag-polidor","11":"product_tag-restaurador","13":"first","14":"instock","15":"shipping-taxable","16":"purchasable","17":"product-type-simple"},"aioseo_notices":[],"jetpack_publicize_connections":[],"jetpack_sharing_enabled":true,"_links":{"self":[{"href":"https:\/\/delaet.com.br\/en\/wp-json\/wp\/v2\/product\/3817","targetHints":{"allow":["GET"]}}],"collection":[{"href":"https:\/\/delaet.com.br\/en\/wp-json\/wp\/v2\/product"}],"about":[{"href":"https:\/\/delaet.com.br\/en\/wp-json\/wp\/v2\/types\/product"}],"replies":[{"embeddable":true,"href":"https:\/\/delaet.com.br\/en\/wp-json\/wp\/v2\/comments?post=3817"}],"wp:featuredmedia":[{"embeddable":true,"href":"https:\/\/delaet.com.br\/en\/wp-json\/wp\/v2\/media\/3816"}],"wp:attachment":[{"href":"https:\/\/delaet.com.br\/en\/wp-json\/wp\/v2\/media?parent=3817"}],"wp:term":[{"taxonomy":"product_brand","embeddable":true,"href":"https:\/\/delaet.com.br\/en\/wp-json\/wp\/v2\/product_brand?post=3817"},{"taxonomy":"product_cat","embeddable":true,"href":"https:\/\/delaet.com.br\/en\/wp-json\/wp\/v2\/product_cat?post=3817"},{"taxonomy":"product_tag","embeddable":true,"href":"https:\/\/delaet.com.br\/en\/wp-json\/wp\/v2\/product_tag?post=3817"}],"curies":[{"name":"wp","href":"https:\/\/api.w.org\/{rel}","templated":true}]}}