{"id":3819,"date":"2026-04-12T10:00:02","date_gmt":"2026-04-12T13:00:02","guid":{"rendered":"https:\/\/delaet.com.br\/pt_br\/loja\/produto\/polidor-spray-shine-d-addario-pw-pl-03-f035\/"},"modified":"2026-04-12T16:28:18","modified_gmt":"2026-04-12T19:28:18","slug":"polidor-spray-shine-d-addario-pw-pl-03-f035","status":"publish","type":"product","link":"https:\/\/delaet.com.br\/en\/loja\/produto\/polidor-spray-shine-d-addario-pw-pl-03-f035\/","title":{"rendered":"Polidor Spray Shine D\u00b4Addario PW-PL-03"},"content":{"rendered":"<p>O spray de limpeza e manuten\u00e7\u00e3o mant\u00e9m o acabamento do instrumento como se fosse novo, removendo a poeira, marcas de dedos e pequenas imperfei\u00e7\u00f5es, valorizando a beleza e cor originais do instrumento.<\/p>\n<p>Origem:Estados Unidos<br \/> Unidades por Embalagem:1<br \/> G\u00eanero:Unissex<\/p>\n<p><\/p>","protected":false},"excerpt":{"rendered":"<p>O spray de limpeza e manuten\u00e7\u00e3o mant\u00e9m o acabamento do instrumento como se fosse novo, removendo a poeira, marcas de dedos e pequenas imperfei\u00e7\u00f5es, valorizando a beleza e cor originais do instrumento. Origem:Estados Unidos Unidades por Embalagem:1 G\u00eanero:Unissex<\/p>","protected":false},"featured_media":3818,"comment_status":"open","ping_status":"closed","template":"","meta":{"om_disable_all_campaigns":false,"jetpack_publicize_message":"","jetpack_publicize_feature_enabled":true,"jetpack_social_post_already_shared":false,"jetpack_social_options":{"image_generator_settings":{"template":"highway","default_image_id":0,"font":"","enabled":false},"version":2}},"product_brand":[160],"product_cat":[96,489],"product_tag":[488,486,487],"class_list":{"0":"post-3819","1":"product","2":"type-product","3":"status-publish","4":"has-post-thumbnail","6":"product_brand-daddario","7":"product_cat-acessorios","8":"product_cat-limpeza","9":"product_tag-limpeza","10":"product_tag-polidor","11":"product_tag-polidor-spray","13":"first","14":"instock","15":"shipping-taxable","16":"purchasable","17":"product-type-simple"},"aioseo_notices":[],"jetpack_publicize_connections":[],"jetpack_sharing_enabled":true,"_links":{"self":[{"href":"https:\/\/delaet.com.br\/en\/wp-json\/wp\/v2\/product\/3819","targetHints":{"allow":["GET"]}}],"collection":[{"href":"https:\/\/delaet.com.br\/en\/wp-json\/wp\/v2\/product"}],"about":[{"href":"https:\/\/delaet.com.br\/en\/wp-json\/wp\/v2\/types\/product"}],"replies":[{"embeddable":true,"href":"https:\/\/delaet.com.br\/en\/wp-json\/wp\/v2\/comments?post=3819"}],"wp:featuredmedia":[{"embeddable":true,"href":"https:\/\/delaet.com.br\/en\/wp-json\/wp\/v2\/media\/3818"}],"wp:attachment":[{"href":"https:\/\/delaet.com.br\/en\/wp-json\/wp\/v2\/media?parent=3819"}],"wp:term":[{"taxonomy":"product_brand","embeddable":true,"href":"https:\/\/delaet.com.br\/en\/wp-json\/wp\/v2\/product_brand?post=3819"},{"taxonomy":"product_cat","embeddable":true,"href":"https:\/\/delaet.com.br\/en\/wp-json\/wp\/v2\/product_cat?post=3819"},{"taxonomy":"product_tag","embeddable":true,"href":"https:\/\/delaet.com.br\/en\/wp-json\/wp\/v2\/product_tag?post=3819"}],"curies":[{"name":"wp","href":"https:\/\/api.w.org\/{rel}","templated":true}]}}