{"id":3834,"date":"2026-04-12T10:00:46","date_gmt":"2026-04-12T13:00:46","guid":{"rendered":"https:\/\/delaet.com.br\/pt_br\/loja\/produto\/ponte-guitarra-modelo-telecaster-dourada-spirit-eg162h-gd-f035\/"},"modified":"2026-04-12T16:21:38","modified_gmt":"2026-04-12T19:21:38","slug":"ponte-guitarra-modelo-telecaster-dourada-spirit-eg162h-gd-f035","status":"publish","type":"product","link":"https:\/\/delaet.com.br\/en\/loja\/produto\/ponte-guitarra-modelo-telecaster-dourada-spirit-eg162h-gd-f035\/","title":{"rendered":"Ponte Guitarra Modelo Telecaster Dourada Spirit EG162H-GD"},"content":{"rendered":"<p>Ponte para guitarra modelo Telecaster, em acabamento Dourado, Spirit Guitar Parts EG162H-GD.<br \/>\nCom visual r\u00fastico, mas altamente eficazes, as pontes para telecaster possuem saddles por onde passam as cordas, ancoradas na parte de tr\u00e1s da guitarra, through body. Cada saddle e ajust\u00e1vel tanto na altura como na entona\u00e7\u00e3o.<br \/>\nPonte Tele padr\u00e3o 3 furos para Humbucker com 6 saddles individuais fabricada em a\u00e7o, fixada por 5 parafusos de cabe\u00e7a oval para madeira, 3,0 mm.<br \/>\nDistanciamento entre cordas de 54.0 mm.<br \/>\nInclui: 1 chave Allen de 1,5 mm?<\/p>\n<p>Cor:Dourado<br \/> \u00c9 kit:N\u00e3o<br \/> Espa\u00e7amento entre cordas:10.8mm<br \/> Instrumento Recomendado:Guitarra<br \/> Unidades por embalagem:1<\/p>\n<p> Condi\u00e7\u00e3o do item:Novo<br \/> Fonte do Produto:Importado<br \/> G\u00eanero:Unissex<br \/> Marca:Spirit<br \/> Modelo:EG162H-GD<br \/> Origem:Cor\u00e9ia do Sul<br \/> SKU:053205<br \/> C\u00f3digo de Barras:7899559813949<br \/> N\u00famero de pe\u00e7a:H3236_40<br \/> Comprimento da embalagem:30 cm<br \/> Largura da embalagem:28 cm<br \/> Altura da embalagem:19 cm<br \/> Peso da embalagem:66 g<br \/> Tipo da embalagem:Sem embalagem adicional<\/p>\n<p><\/p>","protected":false},"excerpt":{"rendered":"<p>Ponte para guitarra modelo Telecaster, em acabamento Dourado, Spirit Guitar Parts EG162H-GD. Com visual r\u00fastico, mas altamente eficazes, as pontes para telecaster possuem saddles por onde passam as cordas, ancoradas na parte de tr\u00e1s da guitarra, through body. Cada saddle e ajust\u00e1vel tanto na altura como na entona\u00e7\u00e3o. Ponte Tele padr\u00e3o 3 furos para Humbucker [&hellip;]<\/p>\n","protected":false},"featured_media":3831,"comment_status":"open","ping_status":"closed","template":"","meta":{"om_disable_all_campaigns":false,"jetpack_publicize_message":"","jetpack_publicize_feature_enabled":true,"jetpack_social_post_already_shared":false,"jetpack_social_options":{"image_generator_settings":{"template":"highway","default_image_id":0,"font":"","enabled":false},"version":2}},"product_brand":[165],"product_cat":[96,28,217],"product_tag":[482],"class_list":{"0":"post-3834","1":"product","2":"type-product","3":"status-publish","4":"has-post-thumbnail","6":"product_brand-spirit","7":"product_cat-acessorios","8":"product_cat-eletricos","9":"product_cat-pontes-eletricos","10":"product_tag-ponte-tele","12":"first","13":"instock","14":"shipping-taxable","15":"purchasable","16":"product-type-simple"},"aioseo_notices":[],"jetpack_publicize_connections":[],"jetpack_sharing_enabled":true,"_links":{"self":[{"href":"https:\/\/delaet.com.br\/en\/wp-json\/wp\/v2\/product\/3834","targetHints":{"allow":["GET"]}}],"collection":[{"href":"https:\/\/delaet.com.br\/en\/wp-json\/wp\/v2\/product"}],"about":[{"href":"https:\/\/delaet.com.br\/en\/wp-json\/wp\/v2\/types\/product"}],"replies":[{"embeddable":true,"href":"https:\/\/delaet.com.br\/en\/wp-json\/wp\/v2\/comments?post=3834"}],"wp:featuredmedia":[{"embeddable":true,"href":"https:\/\/delaet.com.br\/en\/wp-json\/wp\/v2\/media\/3831"}],"wp:attachment":[{"href":"https:\/\/delaet.com.br\/en\/wp-json\/wp\/v2\/media?parent=3834"}],"wp:term":[{"taxonomy":"product_brand","embeddable":true,"href":"https:\/\/delaet.com.br\/en\/wp-json\/wp\/v2\/product_brand?post=3834"},{"taxonomy":"product_cat","embeddable":true,"href":"https:\/\/delaet.com.br\/en\/wp-json\/wp\/v2\/product_cat?post=3834"},{"taxonomy":"product_tag","embeddable":true,"href":"https:\/\/delaet.com.br\/en\/wp-json\/wp\/v2\/product_tag?post=3834"}],"curies":[{"name":"wp","href":"https:\/\/api.w.org\/{rel}","templated":true}]}}