{"id":3837,"date":"2026-04-12T10:00:56","date_gmt":"2026-04-12T13:00:56","guid":{"rendered":"https:\/\/delaet.com.br\/pt_br\/loja\/produto\/ponte-guitarra-tune-o-matic-cromada-gotoh-ge103b-c-f035\/"},"modified":"2026-04-15T19:24:05","modified_gmt":"2026-04-15T22:24:05","slug":"ponte-guitarra-tune-o-matic-cromada-gotoh-ge103b-c-f035","status":"publish","type":"product","link":"https:\/\/delaet.com.br\/en\/loja\/produto\/ponte-guitarra-tune-o-matic-cromada-gotoh-ge103b-c-f035\/","title":{"rendered":"Ponte Guitarra Tune-O-Matic Cromada Gotoh GE103B C"},"content":{"rendered":"<p>Ponte para Guitarra Tune-O-Matic em acabamento cromado, Gotoh GE103B C.<\/p>\n<p> Condi\u00e7\u00e3o do item:Novo<br \/> C\u00f3digo de Barra:7899559812911<br \/> G\u00eanero:Unissex<br \/> Instrumento recomendado:Guitarra<br \/> Marca:Gotoh<br \/> Modelo:GE-103BC<br \/> Origem:Jap\u00e3o<br \/> Quantidade de unidades:1<br \/> \u00c9 Kit:N\u00e3o<br \/> Unidade de Espa\u00e7amento entre cordas:mm<br \/> Espa\u00e7amento entre cordas:52<\/p>\n<p><\/p>","protected":false},"excerpt":{"rendered":"<p>Ponte para Guitarra Tune-O-Matic em acabamento cromado, Gotoh GE103B C. Condi\u00e7\u00e3o do item:Novo C\u00f3digo de Barra:7899559812911 G\u00eanero:Unissex Instrumento recomendado:Guitarra Marca:Gotoh Modelo:GE-103BC Origem:Jap\u00e3o Quantidade de unidades:1 \u00c9 Kit:N\u00e3o Unidade de Espa\u00e7amento entre cordas:mm Espa\u00e7amento entre cordas:52<\/p>","protected":false},"featured_media":3835,"comment_status":"open","ping_status":"closed","template":"","meta":{"om_disable_all_campaigns":false,"_monsterinsights_skip_tracking":false,"_monsterinsights_sitenote_active":false,"_monsterinsights_sitenote_note":"","_monsterinsights_sitenote_category":0,"jetpack_publicize_message":"","jetpack_publicize_feature_enabled":true,"jetpack_social_post_already_shared":false,"jetpack_social_options":{"image_generator_settings":{"template":"highway","default_image_id":0,"font":"","enabled":false},"version":2}},"product_brand":[164],"product_cat":[96,28,217],"product_tag":[472,485],"class_list":{"0":"post-3837","1":"product","2":"type-product","3":"status-publish","4":"has-post-thumbnail","6":"product_brand-gotoh","7":"product_cat-acessorios","8":"product_cat-eletricos","9":"product_cat-pontes-eletricos","10":"product_tag-ponte","11":"product_tag-tune-o-matic","13":"first","14":"instock","15":"shipping-taxable","16":"purchasable","17":"product-type-simple"},"aioseo_notices":[],"jetpack_publicize_connections":[],"jetpack_sharing_enabled":true,"_links":{"self":[{"href":"https:\/\/delaet.com.br\/en\/wp-json\/wp\/v2\/product\/3837","targetHints":{"allow":["GET"]}}],"collection":[{"href":"https:\/\/delaet.com.br\/en\/wp-json\/wp\/v2\/product"}],"about":[{"href":"https:\/\/delaet.com.br\/en\/wp-json\/wp\/v2\/types\/product"}],"replies":[{"embeddable":true,"href":"https:\/\/delaet.com.br\/en\/wp-json\/wp\/v2\/comments?post=3837"}],"wp:featuredmedia":[{"embeddable":true,"href":"https:\/\/delaet.com.br\/en\/wp-json\/wp\/v2\/media\/3835"}],"wp:attachment":[{"href":"https:\/\/delaet.com.br\/en\/wp-json\/wp\/v2\/media?parent=3837"}],"wp:term":[{"taxonomy":"product_brand","embeddable":true,"href":"https:\/\/delaet.com.br\/en\/wp-json\/wp\/v2\/product_brand?post=3837"},{"taxonomy":"product_cat","embeddable":true,"href":"https:\/\/delaet.com.br\/en\/wp-json\/wp\/v2\/product_cat?post=3837"},{"taxonomy":"product_tag","embeddable":true,"href":"https:\/\/delaet.com.br\/en\/wp-json\/wp\/v2\/product_tag?post=3837"}],"curies":[{"name":"wp","href":"https:\/\/api.w.org\/{rel}","templated":true}]}}