{"id":3840,"date":"2026-04-12T10:01:06","date_gmt":"2026-04-12T13:01:06","guid":{"rendered":"https:\/\/delaet.com.br\/pt_br\/loja\/produto\/ponte-para-baixo-4-cordas-fixa-cromada-gotoh-404sj-4cs-f035\/"},"modified":"2026-04-12T16:19:46","modified_gmt":"2026-04-12T19:19:46","slug":"ponte-para-baixo-4-cordas-fixa-cromada-gotoh-404sj-4cs-f035","status":"publish","type":"product","link":"https:\/\/delaet.com.br\/en\/loja\/produto\/ponte-para-baixo-4-cordas-fixa-cromada-gotoh-404sj-4cs-f035\/","title":{"rendered":"Ponte Para Baixo 4 Cordas Fixa Cromada Gotoh 404SJ-4CS"},"content":{"rendered":"<p>Ponte fixa para baixo de 4 cordas, com espa\u00e7amento entre cordas de 19mm, feita em a\u00e7o e zinco.  * Acabamento Cromado * Inclui parafusos e chave Allen para ajuste de altura dos Saddles * Fabricado no Jap\u00e3o.<\/p>\n<p> Condi\u00e7\u00e3o do item:Novo<br \/> C\u00f3digo de Barra:7899559813031<br \/> G\u00eanero:Unissex<br \/> Instrumento recomendado:Baixo 4 cordas<br \/> Marca:Gotoh<br \/> Modelo:404SJ-4CS<br \/> Origem:Jap\u00e3o<br \/> Quantidade de unidades:1<br \/> \u00c9 Kit:N\u00e3o<br \/> Unidade de Espa\u00e7amento entre cordas:mm<br \/> Espa\u00e7amento entre cordas:19<br \/> SKU:052491<br \/> Altura da embalagem:4 cm<br \/> Comprimento da embalagem:26 cm<br \/> Largura da embalagem:24 cm<br \/> Peso da embalagem:37 g<br \/> Tipo da embalagem:Sem embalagem adicional<\/p>\n<p><\/p>","protected":false},"excerpt":{"rendered":"<p>Ponte fixa para baixo de 4 cordas, com espa\u00e7amento entre cordas de 19mm, feita em a\u00e7o e zinco. * Acabamento Cromado * Inclui parafusos e chave Allen para ajuste de altura dos Saddles * Fabricado no Jap\u00e3o. Condi\u00e7\u00e3o do item:Novo C\u00f3digo de Barra:7899559813031 G\u00eanero:Unissex Instrumento recomendado:Baixo 4 cordas Marca:Gotoh Modelo:404SJ-4CS Origem:Jap\u00e3o Quantidade de unidades:1 \u00c9 [&hellip;]<\/p>\n","protected":false},"featured_media":3838,"comment_status":"open","ping_status":"closed","template":"","meta":{"om_disable_all_campaigns":false,"_monsterinsights_skip_tracking":false,"_monsterinsights_sitenote_active":false,"_monsterinsights_sitenote_note":"","_monsterinsights_sitenote_category":0,"jetpack_publicize_message":"","jetpack_publicize_feature_enabled":true,"jetpack_social_post_already_shared":false,"jetpack_social_options":{"image_generator_settings":{"template":"highway","default_image_id":0,"font":"","enabled":false},"version":2}},"product_brand":[164],"product_cat":[96,28,217],"product_tag":[484],"class_list":{"0":"post-3840","1":"product","2":"type-product","3":"status-publish","4":"has-post-thumbnail","6":"product_brand-gotoh","7":"product_cat-acessorios","8":"product_cat-eletricos","9":"product_cat-pontes-eletricos","10":"product_tag-ponte-para-baixo","12":"first","13":"instock","14":"shipping-taxable","15":"purchasable","16":"product-type-simple"},"aioseo_notices":[],"jetpack_publicize_connections":[],"jetpack_sharing_enabled":true,"_links":{"self":[{"href":"https:\/\/delaet.com.br\/en\/wp-json\/wp\/v2\/product\/3840","targetHints":{"allow":["GET"]}}],"collection":[{"href":"https:\/\/delaet.com.br\/en\/wp-json\/wp\/v2\/product"}],"about":[{"href":"https:\/\/delaet.com.br\/en\/wp-json\/wp\/v2\/types\/product"}],"replies":[{"embeddable":true,"href":"https:\/\/delaet.com.br\/en\/wp-json\/wp\/v2\/comments?post=3840"}],"wp:featuredmedia":[{"embeddable":true,"href":"https:\/\/delaet.com.br\/en\/wp-json\/wp\/v2\/media\/3838"}],"wp:attachment":[{"href":"https:\/\/delaet.com.br\/en\/wp-json\/wp\/v2\/media?parent=3840"}],"wp:term":[{"taxonomy":"product_brand","embeddable":true,"href":"https:\/\/delaet.com.br\/en\/wp-json\/wp\/v2\/product_brand?post=3840"},{"taxonomy":"product_cat","embeddable":true,"href":"https:\/\/delaet.com.br\/en\/wp-json\/wp\/v2\/product_cat?post=3840"},{"taxonomy":"product_tag","embeddable":true,"href":"https:\/\/delaet.com.br\/en\/wp-json\/wp\/v2\/product_tag?post=3840"}],"curies":[{"name":"wp","href":"https:\/\/api.w.org\/{rel}","templated":true}]}}