{"id":3878,"date":"2026-04-12T10:03:18","date_gmt":"2026-04-12T13:03:18","guid":{"rendered":"https:\/\/delaet.com.br\/pt_br\/loja\/produto\/ponte-para-guitarra-fixa-preta-spirit-jsb-bk-f035\/"},"modified":"2026-04-12T16:12:59","modified_gmt":"2026-04-12T19:12:59","slug":"ponte-para-guitarra-fixa-preta-spirit-jsb-bk-f035","status":"publish","type":"product","link":"https:\/\/delaet.com.br\/en\/loja\/produto\/ponte-para-guitarra-fixa-preta-spirit-jsb-bk-f035\/","title":{"rendered":"Ponte Para Guitarra Fixa Preta Spirit JSB-BK"},"content":{"rendered":"<p>Ponte para Guitarra, estilo fixa, em acabamento Preto, Spirit Guitar Parts &#8211;  JSB-BK.  &#8211; Bloco com largura mais espessa &#8211; Saddles de zinco fundido &#8211; Travamento das cordas atrav\u00e9s do corpo (Through-Body) &#8211; Distanciamento total das cordas 52.5 mm  &#8211; Para a instala\u00e7\u00e3o das pontes JNN, JSB, JPH, JPN, JPB e JPN7 s\u00e3o necess\u00e1rios de 6 a 7 furos.<\/p>\n<p>C\u00f3digo Universal do Produto:7899559800598<br \/> Cor:Preta<br \/> \u00c9 kit:N\u00e3o<br \/> Instrumentos compat\u00edveis:Guitarra<br \/> Linha:Spirit Guitar Parts<br \/> Marca:Spirit<br \/> Material:Metal<br \/> Modelo:H3010_00<br \/> Origem:Cor\u00e9ia do Sul<br \/> SKU:006048<br \/> Unidades por embalagem:1<br \/> N\u00famero de Pe\u00e7a:H3010_00<\/p>\n<p><\/p>","protected":false},"excerpt":{"rendered":"<p>Ponte para Guitarra, estilo fixa, em acabamento Preto, Spirit Guitar Parts &#8211; JSB-BK. &#8211; Bloco com largura mais espessa &#8211; Saddles de zinco fundido &#8211; Travamento das cordas atrav\u00e9s do corpo (Through-Body) &#8211; Distanciamento total das cordas 52.5 mm &#8211; Para a instala\u00e7\u00e3o das pontes JNN, JSB, JPH, JPN, JPB e JPN7 s\u00e3o necess\u00e1rios de [&hellip;]<\/p>\n","protected":false},"featured_media":3877,"comment_status":"open","ping_status":"closed","template":"","meta":{"om_disable_all_campaigns":false,"jetpack_publicize_message":"","jetpack_publicize_feature_enabled":true,"jetpack_social_post_already_shared":false,"jetpack_social_options":{"image_generator_settings":{"template":"highway","default_image_id":0,"font":"","enabled":false},"version":2}},"product_brand":[165],"product_cat":[96,28,217],"product_tag":[472],"class_list":{"0":"post-3878","1":"product","2":"type-product","3":"status-publish","4":"has-post-thumbnail","6":"product_brand-spirit","7":"product_cat-acessorios","8":"product_cat-eletricos","9":"product_cat-pontes-eletricos","10":"product_tag-ponte","12":"first","13":"instock","14":"shipping-taxable","15":"purchasable","16":"product-type-simple"},"aioseo_notices":[],"jetpack_publicize_connections":[],"jetpack_sharing_enabled":true,"_links":{"self":[{"href":"https:\/\/delaet.com.br\/en\/wp-json\/wp\/v2\/product\/3878","targetHints":{"allow":["GET"]}}],"collection":[{"href":"https:\/\/delaet.com.br\/en\/wp-json\/wp\/v2\/product"}],"about":[{"href":"https:\/\/delaet.com.br\/en\/wp-json\/wp\/v2\/types\/product"}],"replies":[{"embeddable":true,"href":"https:\/\/delaet.com.br\/en\/wp-json\/wp\/v2\/comments?post=3878"}],"wp:featuredmedia":[{"embeddable":true,"href":"https:\/\/delaet.com.br\/en\/wp-json\/wp\/v2\/media\/3877"}],"wp:attachment":[{"href":"https:\/\/delaet.com.br\/en\/wp-json\/wp\/v2\/media?parent=3878"}],"wp:term":[{"taxonomy":"product_brand","embeddable":true,"href":"https:\/\/delaet.com.br\/en\/wp-json\/wp\/v2\/product_brand?post=3878"},{"taxonomy":"product_cat","embeddable":true,"href":"https:\/\/delaet.com.br\/en\/wp-json\/wp\/v2\/product_cat?post=3878"},{"taxonomy":"product_tag","embeddable":true,"href":"https:\/\/delaet.com.br\/en\/wp-json\/wp\/v2\/product_tag?post=3878"}],"curies":[{"name":"wp","href":"https:\/\/api.w.org\/{rel}","templated":true}]}}