{"id":3897,"date":"2026-04-12T10:04:06","date_gmt":"2026-04-12T13:04:06","guid":{"rendered":"https:\/\/delaet.com.br\/pt_br\/loja\/produto\/ponte-sistema-tremolo-guitarra-floyd-rose-spirit-frt20-cr-f035\/"},"modified":"2026-04-15T10:32:58","modified_gmt":"2026-04-15T13:32:58","slug":"ponte-sistema-tremolo-guitarra-floyd-rose-spirit-frt20-cr-f035","status":"publish","type":"product","link":"https:\/\/delaet.com.br\/en\/loja\/produto\/ponte-sistema-tremolo-guitarra-floyd-rose-spirit-frt20-cr-f035\/","title":{"rendered":"Ponte Sistema Tremolo Guitarra Floyd Rose Spirit FRT20-CR"},"content":{"rendered":"<p>Ponte com Sistema Tr\u00eamolo completo com Micro Afina\u00e7\u00e3o para Guitarra com acabamento cromado, estilo Floyd Rose com Travamento Duplo, Spirit Guitar Parts &#8211; FRT20-CR.<br \/>\n&#8211; Ponte estilo Floyd Rose com travamento duplo para guitarra<br \/>\n&#8211; Alavanca remov\u00edvel e rosque\u00e1vel<br \/>\n&#8211; Bloco em a\u00e7o<br \/>\n&#8211; Lock Nut 43.0mm<br \/>\n&#8211; Inclui: alavanca, mola, parafusos, presilhas e chave allen<\/p>\n<p> Condi\u00e7\u00e3o:Novo<br \/> Cor:Cromada<br \/> C\u00f3digo Universal do Produto:7899559800642<br \/> G\u00eanero:Unissex<br \/> Inclui parafusos:Sim<br \/> Instrumento Recomendado:Guitarra<br \/> Instrumentos compat\u00edveis:Guitarra<br \/> Linha:Spirit Guitar Parts<br \/> MPN:H2025_90<br \/> Marca:Spirit<br \/> Material:Metal<br \/> Modelo:H2025_90<br \/> Origem:Cor\u00e9ia do Sul<br \/> Posi\u00e7\u00e3o do captador:N\/A<br \/> SKU:006053<br \/> Tipo de captador:N\/A<br \/> Unidades por embalagem:1<br \/> \u00c9 kit:Sim<\/p>\n<p><\/p>","protected":false},"excerpt":{"rendered":"<p>Ponte com Sistema Tr\u00eamolo completo com Micro Afina\u00e7\u00e3o para Guitarra com acabamento cromado, estilo Floyd Rose com Travamento Duplo, Spirit Guitar Parts &#8211; FRT20-CR. &#8211; Ponte estilo Floyd Rose com travamento duplo para guitarra &#8211; Alavanca remov\u00edvel e rosque\u00e1vel &#8211; Bloco em a\u00e7o &#8211; Lock Nut 43.0mm &#8211; Inclui: alavanca, mola, parafusos, presilhas e chave [&hellip;]<\/p>\n","protected":false},"featured_media":3892,"comment_status":"open","ping_status":"closed","template":"","meta":{"om_disable_all_campaigns":false,"jetpack_publicize_message":"","jetpack_publicize_feature_enabled":true,"jetpack_social_post_already_shared":false,"jetpack_social_options":{"image_generator_settings":{"template":"highway","default_image_id":0,"font":"","enabled":false},"version":2}},"product_brand":[165],"product_cat":[96,28,217],"product_tag":[477,472,473],"class_list":{"0":"post-3897","1":"product","2":"type-product","3":"status-publish","4":"has-post-thumbnail","6":"product_brand-spirit","7":"product_cat-acessorios","8":"product_cat-eletricos","9":"product_cat-pontes-eletricos","10":"product_tag-floyd-rose","11":"product_tag-ponte","12":"product_tag-tremolo","14":"first","15":"instock","16":"shipping-taxable","17":"purchasable","18":"product-type-simple"},"aioseo_notices":[],"jetpack_publicize_connections":[],"jetpack_sharing_enabled":true,"_links":{"self":[{"href":"https:\/\/delaet.com.br\/en\/wp-json\/wp\/v2\/product\/3897","targetHints":{"allow":["GET"]}}],"collection":[{"href":"https:\/\/delaet.com.br\/en\/wp-json\/wp\/v2\/product"}],"about":[{"href":"https:\/\/delaet.com.br\/en\/wp-json\/wp\/v2\/types\/product"}],"replies":[{"embeddable":true,"href":"https:\/\/delaet.com.br\/en\/wp-json\/wp\/v2\/comments?post=3897"}],"wp:featuredmedia":[{"embeddable":true,"href":"https:\/\/delaet.com.br\/en\/wp-json\/wp\/v2\/media\/3892"}],"wp:attachment":[{"href":"https:\/\/delaet.com.br\/en\/wp-json\/wp\/v2\/media?parent=3897"}],"wp:term":[{"taxonomy":"product_brand","embeddable":true,"href":"https:\/\/delaet.com.br\/en\/wp-json\/wp\/v2\/product_brand?post=3897"},{"taxonomy":"product_cat","embeddable":true,"href":"https:\/\/delaet.com.br\/en\/wp-json\/wp\/v2\/product_cat?post=3897"},{"taxonomy":"product_tag","embeddable":true,"href":"https:\/\/delaet.com.br\/en\/wp-json\/wp\/v2\/product_tag?post=3897"}],"curies":[{"name":"wp","href":"https:\/\/api.w.org\/{rel}","templated":true}]}}