{"id":3899,"date":"2026-04-12T10:04:15","date_gmt":"2026-04-12T13:04:15","guid":{"rendered":"https:\/\/delaet.com.br\/pt_br\/loja\/produto\/ponte-sistema-tremolo-guitarra-grafite-gotoh-ge101t-ck-f035\/"},"modified":"2026-04-12T16:06:33","modified_gmt":"2026-04-12T19:06:33","slug":"ponte-sistema-tremolo-guitarra-grafite-gotoh-ge101t-ck-f035","status":"publish","type":"product","link":"https:\/\/delaet.com.br\/en\/loja\/produto\/ponte-sistema-tremolo-guitarra-grafite-gotoh-ge101t-ck-f035\/","title":{"rendered":"Ponte Sistema Tremolo Guitarra Grafite Gotoh GE101T CK"},"content":{"rendered":"<p>A GE101T \u00e9 uma ponte com sistema tr\u00eamolo para guitarra modelo Stratocaster estilo vintage, sendo compat\u00edvel com instrumentos que atendam as mesmas especifica\u00e7\u00f5es de espa\u00e7amento com 6 fura\u00e7\u00f5es, como nas Stratocaster Vintage originais.  * Acabamento em Cosmo Black (grafite) * Ponte estilo vintage: 6 parafusos de fixa\u00e7\u00e3o * Possui ajuste milim\u00e9tricos nos parafusos dos Saddles * Inclui: &#8211; 1 ponte &#8211; 6 Parafusos Para fixa\u00e7\u00e3o &#8211; 1 suporte de mola &#8211; 2 parafusos para fixa\u00e7\u00e3o do suporte &#8211; 5 molas &#8211; 1 alavanca &#8211; 1 chave allen para ajuste de altura dos Saddles * Fabricado no Jap\u00e3o  Medidas:  * Base com 83.5mm de comprimento X 40mm de largura X 2.6mm de altura * Espa\u00e7amento da 1\u00aa a 6\u00aa corda de 56mm * Di\u00e2metro de cada Saddle (entre-cordas) de 11.3mm<\/p>\n<p> Condi\u00e7\u00e3o do item:Novo<br \/> C\u00f3digo de Barra:7899559812959<br \/> G\u00eanero:Unissex<br \/> Instrumento recomendado:Guitarra<br \/> Marca:Gotoh<br \/> Modelo:GE101T CK\/WS05\/TS03<br \/> Origem:Jap\u00e3o<br \/> Unidades por embalagem:1<br \/> \u00c9 Kit:Sim<br \/> Tipo de captador:N\/A<br \/> Posi\u00e7\u00e3o do captador:N\/A<br \/> Inclui parafusos:Sim<\/p>\n<p><\/p>","protected":false},"excerpt":{"rendered":"<p>A GE101T \u00e9 uma ponte com sistema tr\u00eamolo para guitarra modelo Stratocaster estilo vintage, sendo compat\u00edvel com instrumentos que atendam as mesmas especifica\u00e7\u00f5es de espa\u00e7amento com 6 fura\u00e7\u00f5es, como nas Stratocaster Vintage originais. * Acabamento em Cosmo Black (grafite) * Ponte estilo vintage: 6 parafusos de fixa\u00e7\u00e3o * Possui ajuste milim\u00e9tricos nos parafusos dos Saddles [&hellip;]<\/p>\n","protected":false},"featured_media":3898,"comment_status":"open","ping_status":"closed","template":"","meta":{"om_disable_all_campaigns":false,"jetpack_publicize_message":"","jetpack_publicize_feature_enabled":true,"jetpack_social_post_already_shared":false,"jetpack_social_options":{"image_generator_settings":{"template":"highway","default_image_id":0,"font":"","enabled":false},"version":2}},"product_brand":[164],"product_cat":[96,28,217],"product_tag":[479,472,473],"class_list":{"0":"post-3899","1":"product","2":"type-product","3":"status-publish","4":"has-post-thumbnail","6":"product_brand-gotoh","7":"product_cat-acessorios","8":"product_cat-eletricos","9":"product_cat-pontes-eletricos","10":"product_tag-gotoh-ge101t-ck","11":"product_tag-ponte","12":"product_tag-tremolo","14":"first","15":"instock","16":"shipping-taxable","17":"purchasable","18":"product-type-simple"},"aioseo_notices":[],"jetpack_publicize_connections":[],"jetpack_sharing_enabled":true,"_links":{"self":[{"href":"https:\/\/delaet.com.br\/en\/wp-json\/wp\/v2\/product\/3899","targetHints":{"allow":["GET"]}}],"collection":[{"href":"https:\/\/delaet.com.br\/en\/wp-json\/wp\/v2\/product"}],"about":[{"href":"https:\/\/delaet.com.br\/en\/wp-json\/wp\/v2\/types\/product"}],"replies":[{"embeddable":true,"href":"https:\/\/delaet.com.br\/en\/wp-json\/wp\/v2\/comments?post=3899"}],"wp:featuredmedia":[{"embeddable":true,"href":"https:\/\/delaet.com.br\/en\/wp-json\/wp\/v2\/media\/3898"}],"wp:attachment":[{"href":"https:\/\/delaet.com.br\/en\/wp-json\/wp\/v2\/media?parent=3899"}],"wp:term":[{"taxonomy":"product_brand","embeddable":true,"href":"https:\/\/delaet.com.br\/en\/wp-json\/wp\/v2\/product_brand?post=3899"},{"taxonomy":"product_cat","embeddable":true,"href":"https:\/\/delaet.com.br\/en\/wp-json\/wp\/v2\/product_cat?post=3899"},{"taxonomy":"product_tag","embeddable":true,"href":"https:\/\/delaet.com.br\/en\/wp-json\/wp\/v2\/product_tag?post=3899"}],"curies":[{"name":"wp","href":"https:\/\/api.w.org\/{rel}","templated":true}]}}