{"id":3905,"date":"2026-04-12T10:04:43","date_gmt":"2026-04-12T13:04:43","guid":{"rendered":"https:\/\/delaet.com.br\/pt_br\/loja\/produto\/ponte-tremolo-guitarra-cromada-gotoh-510t-bs1-c-f035\/"},"modified":"2026-04-12T16:03:11","modified_gmt":"2026-04-12T19:03:11","slug":"ponte-tremolo-guitarra-cromada-gotoh-510t-bs1-c-f035","status":"publish","type":"product","link":"https:\/\/delaet.com.br\/en\/loja\/produto\/ponte-tremolo-guitarra-cromada-gotoh-510t-bs1-c-f035\/","title":{"rendered":"Ponte Tremolo Guitarra Cromada Gotoh 510T-BS1 C"},"content":{"rendered":"<p>A 510T-BS1 \u00e9 uma ponte com sistema tr\u00eamolo para guitarra modelo Stratocaster fixadas com 2 piv\u00f4s de sustenta\u00e7\u00e3o, entre outros modelos similares. Composta com 6 saddles &#8211; popularmente tamb\u00e9m chamados de carrinhos &#8211; possibilitando regulagens individuais de altura e entona\u00e7\u00e3o das oitavas para cada corda, com espa\u00e7amento entre-cordas de 10,8mm.  Desenvolvida em a\u00e7o e ligas met\u00e1licas submetidas a um tratamento t\u00e9rmico de alta qualidade, com precis\u00e3o usinada e dispon\u00edvel em uma variedade de acabamentos. Possui uma alavanca de a\u00e7o cromo molibd\u00eanio extremamente resistente, para a\u00e7\u00e3o de vibrato junto ao sistema de tr\u00eamolo, com ajustes de baixa folga exclusivas da Gotoh.  * Acabamento em Chrome (cromado) * Altura do piv\u00f4 ajust\u00e1vel para a\u00e7\u00e3o de raio e entona\u00e7\u00e3o * Inclui: &#8211; 1 ponte &#8211; 2 piv\u00f4s &#8211; 1 suporte de mola &#8211; 2 parafusos para fixa\u00e7\u00e3o do suporte &#8211; 3 molas &#8211; 1 alavanca &#8211; 1 chave allen para ajuste de altura dos Saddles &#8211; 1 chave para ajuste dos piv\u00f4s * Fabricado no Jap\u00e3o  Medidas:  * Base com 83.5mm de comprimento X 40mm de largura X 2.6mm de altura * Espa\u00e7amento da 1\u00aa a 6\u00aa corda de 54mm * Di\u00e2metro de cada Saddle (entre-cordas) de 10.8mm<\/p>\n<p>Cor:Cromado<br \/> \u00c9 kit:N\u00e3o<br \/> Instrumento Recomendado:Guitarra<br \/> Material:Metal<br \/> Unidades por embalagem:1<\/p>\n<p> Condi\u00e7\u00e3o do item:Novo<br \/> Fonte do Produto:Importado<br \/> G\u00eanero:Unissex<br \/> Marca:Gotoh<br \/> Modelo:510T-BS1 C\/TS03<br \/> Origem:Jap\u00e3o<br \/> SKU:022202<br \/> C\u00f3digo de Barras:7899559813437<br \/> N\u00famero de pe\u00e7a:510T-BS1 C\/TS03<br \/> Comprimento da embalagem:30 cm<br \/> Largura da embalagem:28 cm<br \/> Altura da embalagem:18 cm<br \/> Peso da embalagem:10 g<br \/> Tipo da embalagem:Sem embalagem adicional<\/p>\n<p><\/p>","protected":false},"excerpt":{"rendered":"<p>A 510T-BS1 \u00e9 uma ponte com sistema tr\u00eamolo para guitarra modelo Stratocaster fixadas com 2 piv\u00f4s de sustenta\u00e7\u00e3o, entre outros modelos similares. Composta com 6 saddles &#8211; popularmente tamb\u00e9m chamados de carrinhos &#8211; possibilitando regulagens individuais de altura e entona\u00e7\u00e3o das oitavas para cada corda, com espa\u00e7amento entre-cordas de 10,8mm. Desenvolvida em a\u00e7o e ligas [&hellip;]<\/p>\n","protected":false},"featured_media":3904,"comment_status":"open","ping_status":"closed","template":"","meta":{"om_disable_all_campaigns":false,"jetpack_publicize_message":"","jetpack_publicize_feature_enabled":true,"jetpack_social_post_already_shared":false,"jetpack_social_options":{"image_generator_settings":{"template":"highway","default_image_id":0,"font":"","enabled":false},"version":2}},"product_brand":[164],"product_cat":[96,28,217],"product_tag":[472,474,473],"class_list":{"0":"post-3905","1":"product","2":"type-product","3":"status-publish","4":"has-post-thumbnail","6":"product_brand-gotoh","7":"product_cat-acessorios","8":"product_cat-eletricos","9":"product_cat-pontes-eletricos","10":"product_tag-ponte","11":"product_tag-ponte-cromada","12":"product_tag-tremolo","14":"first","15":"instock","16":"shipping-taxable","17":"purchasable","18":"product-type-simple"},"aioseo_notices":[],"jetpack_publicize_connections":[],"jetpack_sharing_enabled":true,"_links":{"self":[{"href":"https:\/\/delaet.com.br\/en\/wp-json\/wp\/v2\/product\/3905","targetHints":{"allow":["GET"]}}],"collection":[{"href":"https:\/\/delaet.com.br\/en\/wp-json\/wp\/v2\/product"}],"about":[{"href":"https:\/\/delaet.com.br\/en\/wp-json\/wp\/v2\/types\/product"}],"replies":[{"embeddable":true,"href":"https:\/\/delaet.com.br\/en\/wp-json\/wp\/v2\/comments?post=3905"}],"wp:featuredmedia":[{"embeddable":true,"href":"https:\/\/delaet.com.br\/en\/wp-json\/wp\/v2\/media\/3904"}],"wp:attachment":[{"href":"https:\/\/delaet.com.br\/en\/wp-json\/wp\/v2\/media?parent=3905"}],"wp:term":[{"taxonomy":"product_brand","embeddable":true,"href":"https:\/\/delaet.com.br\/en\/wp-json\/wp\/v2\/product_brand?post=3905"},{"taxonomy":"product_cat","embeddable":true,"href":"https:\/\/delaet.com.br\/en\/wp-json\/wp\/v2\/product_cat?post=3905"},{"taxonomy":"product_tag","embeddable":true,"href":"https:\/\/delaet.com.br\/en\/wp-json\/wp\/v2\/product_tag?post=3905"}],"curies":[{"name":"wp","href":"https:\/\/api.w.org\/{rel}","templated":true}]}}