{"id":3907,"date":"2026-04-12T10:04:52","date_gmt":"2026-04-12T13:04:52","guid":{"rendered":"https:\/\/delaet.com.br\/pt_br\/loja\/produto\/ponte-turn-over-cordal-para-guitarra-cromada-spirit-sl1-cr-f035\/"},"modified":"2026-04-12T16:02:21","modified_gmt":"2026-04-12T19:02:21","slug":"ponte-turn-over-cordal-para-guitarra-cromada-spirit-sl1-cr-f035","status":"publish","type":"product","link":"https:\/\/delaet.com.br\/en\/loja\/produto\/ponte-turn-over-cordal-para-guitarra-cromada-spirit-sl1-cr-f035\/","title":{"rendered":"Ponte Turn Over (Cordal) Para Guitarra Cromada Spirit SL1-CR"},"content":{"rendered":"<p>As pontes Turn Overs se encaixam perfeitamente nas guitarras de corpo s\u00f3lido, ponte de zinco fundido, e as cordas se prendem de frente para tr\u00e1s. Incluindo dois pinos com rosca para fixa\u00e7\u00e3o, buchas de fixa\u00e7\u00e3o e chave sextavada.<\/p>\n<p>&#8211; Ponte Fixa para Guitarra Ajust\u00e1vel SL1-CR Cromada.<br \/>\n&#8211; Barra cl\u00e1ssica da ponte com compensador<br \/>\n&#8211; Zinco fundido com parafusos para travamento<br \/>\n&#8211; Distanciamento total das cordas de 51.0m\/m<\/p>\n<p>C\u00f3digo Universal do Produto:7899559806903<br \/> Cor:Cromada<br \/> \u00c9 kit:N\u00e3o<br \/> Instrumentos compat\u00edveis:Guitarra<br \/> Linha:Spirit Guitar Parts<br \/> Marca:Spirit<br \/> Material:Metal<br \/> Modelo:H3305_90<br \/> Origem:Cor\u00e9ia do Sul<br \/> SKU:021670<br \/> Unidades por embalagem:1<br \/> N\u00famero de Pe\u00e7a:H3305_90<\/p>\n<p><\/p>","protected":false},"excerpt":{"rendered":"<p>As pontes Turn Overs se encaixam perfeitamente nas guitarras de corpo s\u00f3lido, ponte de zinco fundido, e as cordas se prendem de frente para tr\u00e1s. Incluindo dois pinos com rosca para fixa\u00e7\u00e3o, buchas de fixa\u00e7\u00e3o e chave sextavada. &#8211; Ponte Fixa para Guitarra Ajust\u00e1vel SL1-CR Cromada. &#8211; Barra cl\u00e1ssica da ponte com compensador &#8211; Zinco [&hellip;]<\/p>\n","protected":false},"featured_media":3906,"comment_status":"open","ping_status":"closed","template":"","meta":{"om_disable_all_campaigns":false,"jetpack_publicize_message":"","jetpack_publicize_feature_enabled":true,"jetpack_social_post_already_shared":false,"jetpack_social_options":{"image_generator_settings":{"template":"highway","default_image_id":0,"font":"","enabled":false},"version":2}},"product_brand":[165],"product_cat":[96,28,217],"product_tag":[470,471],"class_list":{"0":"post-3907","1":"product","2":"type-product","3":"status-publish","4":"has-post-thumbnail","6":"product_brand-spirit","7":"product_cat-acessorios","8":"product_cat-eletricos","9":"product_cat-pontes-eletricos","10":"product_tag-cordal","11":"product_tag-turn-over","13":"first","14":"instock","15":"shipping-taxable","16":"purchasable","17":"product-type-simple"},"aioseo_notices":[],"jetpack_publicize_connections":[],"jetpack_sharing_enabled":true,"_links":{"self":[{"href":"https:\/\/delaet.com.br\/en\/wp-json\/wp\/v2\/product\/3907","targetHints":{"allow":["GET"]}}],"collection":[{"href":"https:\/\/delaet.com.br\/en\/wp-json\/wp\/v2\/product"}],"about":[{"href":"https:\/\/delaet.com.br\/en\/wp-json\/wp\/v2\/types\/product"}],"replies":[{"embeddable":true,"href":"https:\/\/delaet.com.br\/en\/wp-json\/wp\/v2\/comments?post=3907"}],"wp:featuredmedia":[{"embeddable":true,"href":"https:\/\/delaet.com.br\/en\/wp-json\/wp\/v2\/media\/3906"}],"wp:attachment":[{"href":"https:\/\/delaet.com.br\/en\/wp-json\/wp\/v2\/media?parent=3907"}],"wp:term":[{"taxonomy":"product_brand","embeddable":true,"href":"https:\/\/delaet.com.br\/en\/wp-json\/wp\/v2\/product_brand?post=3907"},{"taxonomy":"product_cat","embeddable":true,"href":"https:\/\/delaet.com.br\/en\/wp-json\/wp\/v2\/product_cat?post=3907"},{"taxonomy":"product_tag","embeddable":true,"href":"https:\/\/delaet.com.br\/en\/wp-json\/wp\/v2\/product_tag?post=3907"}],"curies":[{"name":"wp","href":"https:\/\/api.w.org\/{rel}","templated":true}]}}