{"id":3949,"date":"2026-04-12T10:07:05","date_gmt":"2026-04-12T13:07:05","guid":{"rendered":"https:\/\/delaet.com.br\/pt_br\/loja\/produto\/potenciometro-b500k-push-pull-instrumentos-hosco-push-500b-f035\/"},"modified":"2026-04-12T15:52:14","modified_gmt":"2026-04-12T18:52:14","slug":"potenciometro-b500k-push-pull-instrumentos-hosco-push-500b-f035","status":"publish","type":"product","link":"https:\/\/delaet.com.br\/en\/loja\/produto\/potenciometro-b500k-push-pull-instrumentos-hosco-push-500b-f035\/","title":{"rendered":"Potenci\u00f4metro B500K Push\/Pull Instrumentos Hosco PUSH-500B"},"content":{"rendered":"<p>A Hosco Inc. tem auxiliado fabricantes, distribuidores, varejistas e luthiers a aprimorarem a qualidade dos produtos e servi\u00e7os oferecidos aos seus clientes. Consolidada como um dos principais fornecedores da ind\u00fastria, a Hosco produz pe\u00e7as, acess\u00f3rios e ferramentas de alta qualidade para instrumentos m\u00fasicais. Na \u00e1rea de exporta\u00e7\u00e3o, distribui marcas premium como as mundialmente conhecidas Gotoh &#8211; tarraxas e ferragens, e Sanko &#8211; frets, entre outras, contemplando uma ampla variedade de op\u00e7\u00f5es em pe\u00e7as e acess\u00f3rios para instrumentos el\u00e9tricos e ac\u00fasticos, al\u00e9m de ferramentas espec\u00edficas para luthiers. Cada vez mais, a Hosco vem expandindo seu exclusivo cat\u00e1logo de acess\u00f3rios, desenvolvidos com tecnologia de \u00faltima gera\u00e7\u00e3o, em coopera\u00e7\u00e3o com os mais tradicionais fabricantes japoneses, e para uma variedade de demandas da ind\u00fastria.<\/p>\n<p>NCM:92099400<br \/> Modelo:PUSH-500B<br \/> Marca:Hosco<br \/> Codigo universal de produto (GTIN):4518830135237<br \/> Origem:Jap\u00e3o<br \/> G\u00eanero:Unissex<\/p>\n<p> Condi\u00e7\u00e3o do item:Novo<br \/> \u00c9 Kit:N\u00e3o<br \/> Tipo de potenci\u00f4metro:Rotativo<br \/> Tipo de varia\u00e7\u00e3o:Linear<br \/> Quantidade de pinos:9<br \/> N\u00famero de pe\u00e7a:1<br \/> Formato de venda:Pacote<br \/> Unidades por kit:1<br \/> Instrumento recomendado:Instrumentos\/Equipamentos<\/p>\n<p><\/p>","protected":false},"excerpt":{"rendered":"<p>A Hosco Inc. tem auxiliado fabricantes, distribuidores, varejistas e luthiers a aprimorarem a qualidade dos produtos e servi\u00e7os oferecidos aos seus clientes. Consolidada como um dos principais fornecedores da ind\u00fastria, a Hosco produz pe\u00e7as, acess\u00f3rios e ferramentas de alta qualidade para instrumentos m\u00fasicais. Na \u00e1rea de exporta\u00e7\u00e3o, distribui marcas premium como as mundialmente conhecidas Gotoh [&hellip;]<\/p>\n","protected":false},"featured_media":3947,"comment_status":"open","ping_status":"closed","template":"","meta":{"om_disable_all_campaigns":false,"jetpack_publicize_message":"","jetpack_publicize_feature_enabled":true,"jetpack_social_post_already_shared":false,"jetpack_social_options":{"image_generator_settings":{"template":"highway","default_image_id":0,"font":"","enabled":false},"version":2}},"product_brand":[162],"product_cat":[96,28,220],"product_tag":[466,467],"class_list":{"0":"post-3949","1":"product","2":"type-product","3":"status-publish","4":"has-post-thumbnail","6":"product_brand-hosco","7":"product_cat-acessorios","8":"product_cat-eletricos","9":"product_cat-potenciometros-eletricos","10":"product_tag-potenciometro","11":"product_tag-push-pull","13":"first","14":"instock","15":"shipping-taxable","16":"purchasable","17":"product-type-simple"},"aioseo_notices":[],"jetpack_publicize_connections":[],"jetpack_sharing_enabled":true,"_links":{"self":[{"href":"https:\/\/delaet.com.br\/en\/wp-json\/wp\/v2\/product\/3949","targetHints":{"allow":["GET"]}}],"collection":[{"href":"https:\/\/delaet.com.br\/en\/wp-json\/wp\/v2\/product"}],"about":[{"href":"https:\/\/delaet.com.br\/en\/wp-json\/wp\/v2\/types\/product"}],"replies":[{"embeddable":true,"href":"https:\/\/delaet.com.br\/en\/wp-json\/wp\/v2\/comments?post=3949"}],"wp:featuredmedia":[{"embeddable":true,"href":"https:\/\/delaet.com.br\/en\/wp-json\/wp\/v2\/media\/3947"}],"wp:attachment":[{"href":"https:\/\/delaet.com.br\/en\/wp-json\/wp\/v2\/media?parent=3949"}],"wp:term":[{"taxonomy":"product_brand","embeddable":true,"href":"https:\/\/delaet.com.br\/en\/wp-json\/wp\/v2\/product_brand?post=3949"},{"taxonomy":"product_cat","embeddable":true,"href":"https:\/\/delaet.com.br\/en\/wp-json\/wp\/v2\/product_cat?post=3949"},{"taxonomy":"product_tag","embeddable":true,"href":"https:\/\/delaet.com.br\/en\/wp-json\/wp\/v2\/product_tag?post=3949"}],"curies":[{"name":"wp","href":"https:\/\/api.w.org\/{rel}","templated":true}]}}