{"id":3998,"date":"2026-04-12T10:09:35","date_gmt":"2026-04-12T13:09:35","guid":{"rendered":"https:\/\/delaet.com.br\/pt_br\/loja\/produto\/protetor-de-ouvido-par-d-addario-pacato-pwpep1-f035\/"},"modified":"2026-04-13T21:16:19","modified_gmt":"2026-04-14T00:16:19","slug":"protetor-de-ouvido-par-d-addario-pacato-pwpep1-f035","status":"publish","type":"product","link":"https:\/\/delaet.com.br\/en\/loja\/produto\/protetor-de-ouvido-par-d-addario-pacato-pwpep1-f035\/","title":{"rendered":"Protetor De Ouvido (Par) D\u00b4Addario Pacato PWPEP1"},"content":{"rendered":"<p>Os Protetores Auriculares D Addario Pacato s\u00e3o reutiliz\u00e1veis, de tamanho universal e com filtro de \u00e1udio projetado especificamente para m\u00fasicos e entusiastas. Enquanto outros protetores auriculares soam abafados e artificiais, o filtro Pacato oferece todas frequ\u00eancias de \u00e1udio em n\u00edveis seguros para audi\u00e7\u00e3o. O design exclusivo oferece passagem de ar para o ouvido, minimizando o efeito de oclus\u00e3o (\u00eanfase em baixas frequ\u00eancias), enquanto mant\u00e9m o ouvido ventilado para um conforto incompar\u00e1vel.?<\/p>\n<p>Origem:Holanda<br \/> Cor:Branco<br \/> Unidades por Embalagem:2<br \/> G\u00eanero:Unissex<br \/> Material:Espuma\/PVC<br \/> C\u00f3digo Universal do Produto:0019954971816<br \/> SKU:024424<\/p>\n<p> Condi\u00e7\u00e3o do \u00edtem:Novo<br \/> MPN:PWPEP1<br \/> Fonte do Produto:Importado<br \/> \u00c9 kit:N\u00e3o<\/p>\n<p><\/p>","protected":false},"excerpt":{"rendered":"<p>Os Protetores Auriculares D Addario Pacato s\u00e3o reutiliz\u00e1veis, de tamanho universal e com filtro de \u00e1udio projetado especificamente para m\u00fasicos e entusiastas. Enquanto outros protetores auriculares soam abafados e artificiais, o filtro Pacato oferece todas frequ\u00eancias de \u00e1udio em n\u00edveis seguros para audi\u00e7\u00e3o. O design exclusivo oferece passagem de ar para o ouvido, minimizando o [&hellip;]<\/p>\n","protected":false},"featured_media":3995,"comment_status":"open","ping_status":"closed","template":"","meta":{"om_disable_all_campaigns":false,"jetpack_publicize_message":"","jetpack_publicize_feature_enabled":true,"jetpack_social_post_already_shared":false,"jetpack_social_options":{"image_generator_settings":{"template":"highway","default_image_id":0,"font":"","enabled":false},"version":2}},"product_brand":[160],"product_cat":[96,465,455,223,238,276],"product_tag":[464,463],"class_list":{"0":"post-3998","1":"product","2":"type-product","3":"status-publish","4":"has-post-thumbnail","6":"product_brand-daddario","7":"product_cat-acessorios","8":"product_cat-epi","9":"product_cat-outros-acusticos","10":"product_cat-outros","11":"product_cat-outros-friccionadas","12":"product_cat-luthier","13":"product_tag-epi","14":"product_tag-protetor-de-ouvido","16":"first","17":"instock","18":"shipping-taxable","19":"purchasable","20":"product-type-simple"},"aioseo_notices":[],"jetpack_publicize_connections":[],"jetpack_sharing_enabled":true,"_links":{"self":[{"href":"https:\/\/delaet.com.br\/en\/wp-json\/wp\/v2\/product\/3998","targetHints":{"allow":["GET"]}}],"collection":[{"href":"https:\/\/delaet.com.br\/en\/wp-json\/wp\/v2\/product"}],"about":[{"href":"https:\/\/delaet.com.br\/en\/wp-json\/wp\/v2\/types\/product"}],"replies":[{"embeddable":true,"href":"https:\/\/delaet.com.br\/en\/wp-json\/wp\/v2\/comments?post=3998"}],"wp:featuredmedia":[{"embeddable":true,"href":"https:\/\/delaet.com.br\/en\/wp-json\/wp\/v2\/media\/3995"}],"wp:attachment":[{"href":"https:\/\/delaet.com.br\/en\/wp-json\/wp\/v2\/media?parent=3998"}],"wp:term":[{"taxonomy":"product_brand","embeddable":true,"href":"https:\/\/delaet.com.br\/en\/wp-json\/wp\/v2\/product_brand?post=3998"},{"taxonomy":"product_cat","embeddable":true,"href":"https:\/\/delaet.com.br\/en\/wp-json\/wp\/v2\/product_cat?post=3998"},{"taxonomy":"product_tag","embeddable":true,"href":"https:\/\/delaet.com.br\/en\/wp-json\/wp\/v2\/product_tag?post=3998"}],"curies":[{"name":"wp","href":"https:\/\/api.w.org\/{rel}","templated":true}]}}