{"id":4022,"date":"2026-04-12T10:11:21","date_gmt":"2026-04-12T13:11:21","guid":{"rendered":"https:\/\/delaet.com.br\/pt_br\/loja\/produto\/redutor-ressonancia-ampliacao-sonora-d-addario-pw-opbks-f035\/"},"modified":"2026-04-12T15:31:55","modified_gmt":"2026-04-12T18:31:55","slug":"redutor-ressonancia-ampliacao-sonora-d-addario-pw-opbks-f035","status":"publish","type":"product","link":"https:\/\/delaet.com.br\/en\/loja\/produto\/redutor-ressonancia-ampliacao-sonora-d-addario-pw-opbks-f035\/","title":{"rendered":"Redutor Resson\u00e2ncia Amplia\u00e7\u00e3o Sonora D Addario PW-OPBKS"},"content":{"rendered":"<p>O O-Port \u00e9 um redutor de microfonia que aprimora o som, volume, clareza e a proje\u00e7\u00e3o tanto do viol\u00e3o ac\u00fastico quanto do el\u00e9trico. Produzido com material flex\u00edvel, n\u00e3o provoca danos no acabamento do seu instrumento.?<\/p>\n<p>Origem:China<br \/> Cor:Preto<br \/> Unidades por Embalagem:1<br \/> G\u00eanero:Unissex<br \/> Material:Borracha<br \/> Linha:O-Port<br \/> C\u00f3digo Universal do Produto:0019954967093<br \/> SKU:020411<\/p>\n<p> Condi\u00e7\u00e3o do \u00edtem:Novo<br \/> MPN:PW-OPBKS<br \/> Fonte do Produto:Importado<br \/> \u00c9 kit:N\u00e3o<\/p>\n<p><\/p>","protected":false},"excerpt":{"rendered":"<p>O O-Port \u00e9 um redutor de microfonia que aprimora o som, volume, clareza e a proje\u00e7\u00e3o tanto do viol\u00e3o ac\u00fastico quanto do el\u00e9trico. Produzido com material flex\u00edvel, n\u00e3o provoca danos no acabamento do seu instrumento.? Origem:China Cor:Preto Unidades por Embalagem:1 G\u00eanero:Unissex Material:Borracha Linha:O-Port C\u00f3digo Universal do Produto:0019954967093 SKU:020411 Condi\u00e7\u00e3o do \u00edtem:Novo MPN:PW-OPBKS Fonte do Produto:Importado [&hellip;]<\/p>\n","protected":false},"featured_media":4020,"comment_status":"open","ping_status":"closed","template":"","meta":{"om_disable_all_campaigns":false,"jetpack_publicize_message":"","jetpack_publicize_feature_enabled":true,"jetpack_social_post_already_shared":false,"jetpack_social_options":{"image_generator_settings":{"template":"highway","default_image_id":0,"font":"","enabled":false},"version":2}},"product_brand":[160],"product_cat":[96,207,455],"product_tag":[454,453],"class_list":{"0":"post-4022","1":"product","2":"type-product","3":"status-publish","4":"has-post-thumbnail","6":"product_brand-daddario","7":"product_cat-acessorios","8":"product_cat-acusticos","9":"product_cat-outros-acusticos","10":"product_tag-ampliacao-sonora","11":"product_tag-redutor-de-ressonancia","13":"first","14":"instock","15":"shipping-taxable","16":"purchasable","17":"product-type-simple"},"aioseo_notices":[],"jetpack_publicize_connections":[],"jetpack_sharing_enabled":true,"_links":{"self":[{"href":"https:\/\/delaet.com.br\/en\/wp-json\/wp\/v2\/product\/4022","targetHints":{"allow":["GET"]}}],"collection":[{"href":"https:\/\/delaet.com.br\/en\/wp-json\/wp\/v2\/product"}],"about":[{"href":"https:\/\/delaet.com.br\/en\/wp-json\/wp\/v2\/types\/product"}],"replies":[{"embeddable":true,"href":"https:\/\/delaet.com.br\/en\/wp-json\/wp\/v2\/comments?post=4022"}],"wp:featuredmedia":[{"embeddable":true,"href":"https:\/\/delaet.com.br\/en\/wp-json\/wp\/v2\/media\/4020"}],"wp:attachment":[{"href":"https:\/\/delaet.com.br\/en\/wp-json\/wp\/v2\/media?parent=4022"}],"wp:term":[{"taxonomy":"product_brand","embeddable":true,"href":"https:\/\/delaet.com.br\/en\/wp-json\/wp\/v2\/product_brand?post=4022"},{"taxonomy":"product_cat","embeddable":true,"href":"https:\/\/delaet.com.br\/en\/wp-json\/wp\/v2\/product_cat?post=4022"},{"taxonomy":"product_tag","embeddable":true,"href":"https:\/\/delaet.com.br\/en\/wp-json\/wp\/v2\/product_tag?post=4022"}],"curies":[{"name":"wp","href":"https:\/\/api.w.org\/{rel}","templated":true}]}}