{"id":4039,"date":"2026-04-12T10:12:10","date_gmt":"2026-04-12T13:12:10","guid":{"rendered":"https:\/\/delaet.com.br\/pt_br\/loja\/produto\/saddle-carrinho-floyd-rose-num-1-6-10-5mm-f035\/"},"modified":"2026-04-12T14:31:35","modified_gmt":"2026-04-12T17:31:35","slug":"saddle-carrinho-floyd-rose-num-1-6-10-5mm-f035","status":"publish","type":"product","link":"https:\/\/delaet.com.br\/en\/loja\/produto\/saddle-carrinho-floyd-rose-num-1-6-10-5mm-f035\/","title":{"rendered":"Saddle Carrinho Floyd Rose Num 1.6 10.5mm Spirit"},"content":{"rendered":"<p>Carrinho (Saddle) para pontes tipo Floyd Rose n\u00ba 1 e 6 &#8211; Zinco 10,5 mm<br \/>\nModelo S22-105<br \/>\nMedidas:<br \/>\nAltura: 9,5 mm<br \/>\nLargura do saddle: 10,5 mm<br \/>\nFerramenta recomendada: 1 chave Allen de 2,5mm?<\/p>\n<p>Cor:Cromado<br \/> \u00c9 kit:N\u00e3o<br \/> Instrumento Recomendado:Guitarra<br \/> Material:Metal<br \/> Unidades por embalagem:1<\/p>\n<p> Condi\u00e7\u00e3o do item:Novo<br \/> Fonte do Produto:Importado<br \/> G\u00eanero:Unissex<br \/> Marca:Spirit<br \/> Modelo:S22-BK<br \/> Origem:C\u00f3reia do Sul<br \/> SKU:053215<br \/> C\u00f3digo de Barras:7899559813963<br \/> N\u00famero de pe\u00e7a:S22-BK<br \/> Comprimento da embalagem:26 cm<br \/> Largura da embalagem:24 cm<br \/> Altura da embalagem:3 cm<br \/> Peso da embalagem:10 g<br \/> Tipo da embalagem:Sem embalagem adicional<\/p>\n<p><\/p>","protected":false},"excerpt":{"rendered":"<p>Carrinho (Saddle) para pontes tipo Floyd Rose n\u00ba 1 e 6 &#8211; Zinco 10,5 mm Modelo S22-105 Medidas: Altura: 9,5 mm Largura do saddle: 10,5 mm Ferramenta recomendada: 1 chave Allen de 2,5mm? Cor:Cromado \u00c9 kit:N\u00e3o Instrumento Recomendado:Guitarra Material:Metal Unidades por embalagem:1 Condi\u00e7\u00e3o do item:Novo Fonte do Produto:Importado G\u00eanero:Unissex Marca:Spirit Modelo:S22-BK Origem:C\u00f3reia do Sul SKU:053215 [&hellip;]<\/p>\n","protected":false},"featured_media":0,"comment_status":"open","ping_status":"closed","template":"","meta":{"om_disable_all_campaigns":false,"jetpack_publicize_message":"","jetpack_publicize_feature_enabled":true,"jetpack_social_post_already_shared":false,"jetpack_social_options":{"image_generator_settings":{"template":"highway","default_image_id":0,"font":"","enabled":false},"version":2}},"product_brand":[165],"product_cat":[96,28,223,217],"product_tag":[444,445,446],"class_list":{"0":"post-4039","1":"product","2":"type-product","3":"status-publish","5":"product_brand-spirit","6":"product_cat-acessorios","7":"product_cat-eletricos","8":"product_cat-outros","9":"product_cat-pontes-eletricos","10":"product_tag-carrinhos","11":"product_tag-carrinhos-de-ponte","12":"product_tag-ponte-de-guitarra","14":"first","15":"instock","16":"shipping-taxable","17":"purchasable","18":"product-type-simple"},"aioseo_notices":[],"jetpack_publicize_connections":[],"jetpack_sharing_enabled":true,"_links":{"self":[{"href":"https:\/\/delaet.com.br\/en\/wp-json\/wp\/v2\/product\/4039","targetHints":{"allow":["GET"]}}],"collection":[{"href":"https:\/\/delaet.com.br\/en\/wp-json\/wp\/v2\/product"}],"about":[{"href":"https:\/\/delaet.com.br\/en\/wp-json\/wp\/v2\/types\/product"}],"replies":[{"embeddable":true,"href":"https:\/\/delaet.com.br\/en\/wp-json\/wp\/v2\/comments?post=4039"}],"wp:attachment":[{"href":"https:\/\/delaet.com.br\/en\/wp-json\/wp\/v2\/media?parent=4039"}],"wp:term":[{"taxonomy":"product_brand","embeddable":true,"href":"https:\/\/delaet.com.br\/en\/wp-json\/wp\/v2\/product_brand?post=4039"},{"taxonomy":"product_cat","embeddable":true,"href":"https:\/\/delaet.com.br\/en\/wp-json\/wp\/v2\/product_cat?post=4039"},{"taxonomy":"product_tag","embeddable":true,"href":"https:\/\/delaet.com.br\/en\/wp-json\/wp\/v2\/product_tag?post=4039"}],"curies":[{"name":"wp","href":"https:\/\/api.w.org\/{rel}","templated":true}]}}