{"id":4040,"date":"2026-04-12T10:12:16","date_gmt":"2026-04-12T13:12:16","guid":{"rendered":"https:\/\/delaet.com.br\/pt_br\/loja\/produto\/saddle-carrinho-floyd-rose-num-2-5-10-5mm-f035\/"},"modified":"2026-04-12T14:30:45","modified_gmt":"2026-04-12T17:30:45","slug":"saddle-carrinho-floyd-rose-num-2-5-10-5mm-f035","status":"publish","type":"product","link":"https:\/\/delaet.com.br\/en\/loja\/produto\/saddle-carrinho-floyd-rose-num-2-5-10-5mm-f035\/","title":{"rendered":"Saddle Carrinho Floyd Rose Num 2.5 10.5mm Spirit"},"content":{"rendered":"<p>Carrinho (Saddle) para pontes tipo Floyd Rose n\u00ba 2 e 5 &#8211; Zinco 10,5 mm<br \/>\nModelo S22-105<br \/>\nMedidas:<br \/>\nPosi\u00e7\u00e3o: Saddles n\u00ba 2 e n\u00ba 5<br \/>\nAltura: 10,1 mm<br \/>\nLargura do saddle: 10,5 mm<\/p>\n<p>Cor:Cromado<br \/>\n\u00c9 kit:N\u00e3o<br \/>\nInstrumento Recomendado:Guitarra<br \/>\nMaterial:Metal<br \/>\nUnidades por embalagem:1<\/p>\n<p>Condi\u00e7\u00e3o do item:Novo<br \/>\nFonte do Produto:Importado<br \/>\nG\u00eanero:Unissex<br \/>\nMarca:Spirit<br \/>\nModelo:S23-BK<br \/>\nOrigem:C\u00f3reia do Sul<br \/>\nSKU:053216<br \/>\nC\u00f3digo de Barras:7899559813901<br \/>\nN\u00famero de pe\u00e7a:S23-BK<br \/>\nComprimento da embalagem:26 cm<br \/>\nLargura da embalagem:24 cm<br \/>\nAltura da embalagem:3 cm<br \/>\nPeso da embalagem:10 g<br \/>\nTipo da embalagem:Sem embalagem adicional<\/p>","protected":false},"excerpt":{"rendered":"<p>Carrinho (Saddle) para pontes tipo Floyd Rose n\u00ba 2 e 5 &#8211; Zinco 10,5 mm Modelo S22-105 Medidas: Posi\u00e7\u00e3o: Saddles n\u00ba 2 e n\u00ba 5 Altura: 10,1 mm Largura do saddle: 10,5 mm Cor:Cromado \u00c9 kit:N\u00e3o Instrumento Recomendado:Guitarra Material:Metal Unidades por embalagem:1 Condi\u00e7\u00e3o do item:Novo Fonte do Produto:Importado G\u00eanero:Unissex Marca:Spirit Modelo:S23-BK Origem:C\u00f3reia do Sul SKU:053216 [&hellip;]<\/p>\n","protected":false},"featured_media":0,"comment_status":"open","ping_status":"closed","template":"","meta":{"om_disable_all_campaigns":false,"jetpack_publicize_message":"","jetpack_publicize_feature_enabled":true,"jetpack_social_post_already_shared":false,"jetpack_social_options":{"image_generator_settings":{"template":"highway","default_image_id":0,"font":"","enabled":false},"version":2}},"product_brand":[165],"product_cat":[96,223,217],"product_tag":[444,445,446],"class_list":{"0":"post-4040","1":"product","2":"type-product","3":"status-publish","5":"product_brand-spirit","6":"product_cat-acessorios","7":"product_cat-outros","8":"product_cat-pontes-eletricos","9":"product_tag-carrinhos","10":"product_tag-carrinhos-de-ponte","11":"product_tag-ponte-de-guitarra","13":"first","14":"instock","15":"shipping-taxable","16":"purchasable","17":"product-type-simple"},"aioseo_notices":[],"jetpack_publicize_connections":[],"jetpack_sharing_enabled":true,"_links":{"self":[{"href":"https:\/\/delaet.com.br\/en\/wp-json\/wp\/v2\/product\/4040","targetHints":{"allow":["GET"]}}],"collection":[{"href":"https:\/\/delaet.com.br\/en\/wp-json\/wp\/v2\/product"}],"about":[{"href":"https:\/\/delaet.com.br\/en\/wp-json\/wp\/v2\/types\/product"}],"replies":[{"embeddable":true,"href":"https:\/\/delaet.com.br\/en\/wp-json\/wp\/v2\/comments?post=4040"}],"wp:attachment":[{"href":"https:\/\/delaet.com.br\/en\/wp-json\/wp\/v2\/media?parent=4040"}],"wp:term":[{"taxonomy":"product_brand","embeddable":true,"href":"https:\/\/delaet.com.br\/en\/wp-json\/wp\/v2\/product_brand?post=4040"},{"taxonomy":"product_cat","embeddable":true,"href":"https:\/\/delaet.com.br\/en\/wp-json\/wp\/v2\/product_cat?post=4040"},{"taxonomy":"product_tag","embeddable":true,"href":"https:\/\/delaet.com.br\/en\/wp-json\/wp\/v2\/product_tag?post=4040"}],"curies":[{"name":"wp","href":"https:\/\/api.w.org\/{rel}","templated":true}]}}