{"id":4058,"date":"2026-04-12T10:13:16","date_gmt":"2026-04-12T13:13:16","guid":{"rendered":"https:\/\/delaet.com.br\/pt_br\/loja\/produto\/sistema-quick-release-correias-violao-d-addario-dgs15-f035\/"},"modified":"2026-04-12T14:24:24","modified_gmt":"2026-04-12T17:24:24","slug":"sistema-quick-release-correias-violao-d-addario-dgs15-f035","status":"publish","type":"product","link":"https:\/\/delaet.com.br\/en\/loja\/produto\/sistema-quick-release-correias-violao-d-addario-dgs15-f035\/","title":{"rendered":"Sistema Quick Release Correias Viol\u00e3o D Addario DGS15"},"content":{"rendered":"<p>O sistema Quick Release para instrumentos ac\u00fasticos \u00e9 simples de instalar e pr\u00e1tico de ajustar. N\u00e3o folga e nem se solta, al\u00e9m de n\u00e3o atrapalhar nos movimentos do m\u00fasico, principalmente ao tocar na regi\u00e3o pr\u00f3xima ao headstock. Basta pressionar o bot\u00e3o Quick Release e o sistema destrava sem complica\u00e7\u00f5es|<\/p>\n<p>Origem:China<br \/> Cor:Preto<br \/> Unidades por Embalagem:1<br \/> G\u00eanero:Unissex<br \/> Linha:Quick Release<\/p>\n<p> Condi\u00e7\u00e3o do \u00edtem:Novo<br \/> C\u00f3digo Universal do Produto:0019954922078<br \/> E kit:N\u00e3o<br \/> MPN:DGS15<br \/> Material:Pl\u00e1stico<br \/> Modelo:DGS15<br \/> SKU:014244<br \/> Unidades por embalagem:1<br \/> \u00c9 ajust\u00e1vel:Sim<br \/> \u00c9 kit:N\u00e3o<br \/> Comprimento:N\/A<br \/> Fonte do Produto:Importado<br \/> Instrumento Recomendado:Viol\u00e3o<\/p>\n<p><\/p>","protected":false},"excerpt":{"rendered":"<p>O sistema Quick Release para instrumentos ac\u00fasticos \u00e9 simples de instalar e pr\u00e1tico de ajustar. N\u00e3o folga e nem se solta, al\u00e9m de n\u00e3o atrapalhar nos movimentos do m\u00fasico, principalmente ao tocar na regi\u00e3o pr\u00f3xima ao headstock. Basta pressionar o bot\u00e3o Quick Release e o sistema destrava sem complica\u00e7\u00f5es| Origem:China Cor:Preto Unidades por Embalagem:1 G\u00eanero:Unissex [&hellip;]<\/p>\n","protected":false},"featured_media":4055,"comment_status":"open","ping_status":"closed","template":"","meta":{"om_disable_all_campaigns":false,"_monsterinsights_skip_tracking":false,"_monsterinsights_sitenote_active":false,"_monsterinsights_sitenote_note":"","_monsterinsights_sitenote_category":0,"jetpack_publicize_message":"","jetpack_publicize_feature_enabled":true,"jetpack_social_post_already_shared":false,"jetpack_social_options":{"image_generator_settings":{"template":"highway","default_image_id":0,"font":"","enabled":false},"version":2}},"product_brand":[160],"product_cat":[96,110],"product_tag":[440,441],"class_list":{"0":"post-4058","1":"product","2":"type-product","3":"status-publish","4":"has-post-thumbnail","6":"product_brand-daddario","7":"product_cat-acessorios","8":"product_cat-correias","9":"product_tag-acessorio-de-violao","10":"product_tag-acessorio-para-correias","12":"first","13":"instock","14":"shipping-taxable","15":"purchasable","16":"product-type-simple"},"aioseo_notices":[],"jetpack_publicize_connections":[],"jetpack_sharing_enabled":true,"_links":{"self":[{"href":"https:\/\/delaet.com.br\/en\/wp-json\/wp\/v2\/product\/4058","targetHints":{"allow":["GET"]}}],"collection":[{"href":"https:\/\/delaet.com.br\/en\/wp-json\/wp\/v2\/product"}],"about":[{"href":"https:\/\/delaet.com.br\/en\/wp-json\/wp\/v2\/types\/product"}],"replies":[{"embeddable":true,"href":"https:\/\/delaet.com.br\/en\/wp-json\/wp\/v2\/comments?post=4058"}],"wp:featuredmedia":[{"embeddable":true,"href":"https:\/\/delaet.com.br\/en\/wp-json\/wp\/v2\/media\/4055"}],"wp:attachment":[{"href":"https:\/\/delaet.com.br\/en\/wp-json\/wp\/v2\/media?parent=4058"}],"wp:term":[{"taxonomy":"product_brand","embeddable":true,"href":"https:\/\/delaet.com.br\/en\/wp-json\/wp\/v2\/product_brand?post=4058"},{"taxonomy":"product_cat","embeddable":true,"href":"https:\/\/delaet.com.br\/en\/wp-json\/wp\/v2\/product_cat?post=4058"},{"taxonomy":"product_tag","embeddable":true,"href":"https:\/\/delaet.com.br\/en\/wp-json\/wp\/v2\/product_tag?post=4058"}],"curies":[{"name":"wp","href":"https:\/\/api.w.org\/{rel}","templated":true}]}}