{"id":4072,"date":"2026-04-12T10:13:44","date_gmt":"2026-04-12T13:13:44","guid":{"rendered":"https:\/\/delaet.com.br\/pt_br\/loja\/produto\/slide-de-metal-cromado-medio-d-addario-pwcbs-sm-f035\/"},"modified":"2026-04-12T14:22:09","modified_gmt":"2026-04-12T17:22:09","slug":"slide-de-metal-cromado-medio-d-addario-pwcbs-sm-f035","status":"publish","type":"product","link":"https:\/\/delaet.com.br\/en\/loja\/produto\/slide-de-metal-cromado-medio-d-addario-pwcbs-sm-f035\/","title":{"rendered":"Slide De Metal Cromado M\u00e9dio D Addario PWCBS-SM"},"content":{"rendered":"<p>O Slide Cromado da D Addario oferece um timbre brilhante e excelente sustain. Possui acabamento espelhado, proporcionando deslizamento suave e f\u00e1cil tocabilidade.<br \/>\nDi\u00e2metro 21,7mm x comprimento 5,1cm &#8211; peso 0,08 quilos.<\/p>\n<p>Origem:Estados Unidos<br \/> Cor:Cromado<br \/> Unidades por Embalagem:1<br \/> G\u00eanero:Unissex<\/p>\n<p><\/p>","protected":false},"excerpt":{"rendered":"<p>O Slide Cromado da D Addario oferece um timbre brilhante e excelente sustain. Possui acabamento espelhado, proporcionando deslizamento suave e f\u00e1cil tocabilidade. Di\u00e2metro 21,7mm x comprimento 5,1cm &#8211; peso 0,08 quilos. Origem:Estados Unidos Cor:Cromado Unidades por Embalagem:1 G\u00eanero:Unissex<\/p>","protected":false},"featured_media":4066,"comment_status":"open","ping_status":"closed","template":"","meta":{"om_disable_all_campaigns":false,"jetpack_publicize_message":"","jetpack_publicize_feature_enabled":true,"jetpack_social_post_already_shared":false,"jetpack_social_options":{"image_generator_settings":{"template":"highway","default_image_id":0,"font":"","enabled":false},"version":2}},"product_brand":[160],"product_cat":[96,28,223,112],"product_tag":[437,439,438],"class_list":{"0":"post-4072","1":"product","2":"type-product","3":"status-publish","4":"has-post-thumbnail","6":"product_brand-daddario","7":"product_cat-acessorios","8":"product_cat-eletricos","9":"product_cat-outros","10":"product_cat-palhetas","11":"product_tag-slide","12":"product_tag-slide-lapsteel","13":"product_tag-slide-para-guitarra","15":"first","16":"instock","17":"shipping-taxable","18":"purchasable","19":"product-type-simple"},"aioseo_notices":[],"jetpack_publicize_connections":[],"jetpack_sharing_enabled":true,"_links":{"self":[{"href":"https:\/\/delaet.com.br\/en\/wp-json\/wp\/v2\/product\/4072","targetHints":{"allow":["GET"]}}],"collection":[{"href":"https:\/\/delaet.com.br\/en\/wp-json\/wp\/v2\/product"}],"about":[{"href":"https:\/\/delaet.com.br\/en\/wp-json\/wp\/v2\/types\/product"}],"replies":[{"embeddable":true,"href":"https:\/\/delaet.com.br\/en\/wp-json\/wp\/v2\/comments?post=4072"}],"wp:featuredmedia":[{"embeddable":true,"href":"https:\/\/delaet.com.br\/en\/wp-json\/wp\/v2\/media\/4066"}],"wp:attachment":[{"href":"https:\/\/delaet.com.br\/en\/wp-json\/wp\/v2\/media?parent=4072"}],"wp:term":[{"taxonomy":"product_brand","embeddable":true,"href":"https:\/\/delaet.com.br\/en\/wp-json\/wp\/v2\/product_brand?post=4072"},{"taxonomy":"product_cat","embeddable":true,"href":"https:\/\/delaet.com.br\/en\/wp-json\/wp\/v2\/product_cat?post=4072"},{"taxonomy":"product_tag","embeddable":true,"href":"https:\/\/delaet.com.br\/en\/wp-json\/wp\/v2\/product_tag?post=4072"}],"curies":[{"name":"wp","href":"https:\/\/api.w.org\/{rel}","templated":true}]}}