{"id":4128,"date":"2026-04-12T10:17:29","date_gmt":"2026-04-12T13:17:29","guid":{"rendered":"https:\/\/delaet.com.br\/pt_br\/loja\/produto\/suporte-para-jack-instrumentos-strato-preto-gotoh-jcs-1-b-f035\/"},"modified":"2026-04-12T13:55:30","modified_gmt":"2026-04-12T16:55:30","slug":"suporte-para-jack-instrumentos-strato-preto-gotoh-jcs-1-b-f035","status":"publish","type":"product","link":"https:\/\/delaet.com.br\/en\/loja\/produto\/suporte-para-jack-instrumentos-strato-preto-gotoh-jcs-1-b-f035\/","title":{"rendered":"Suporte Para Jack Instrumentos Strato Preto Gotoh JCS-1 B"},"content":{"rendered":"<p>Placa para Jack de conex\u00e3o para instrumentos, Canoa &#8211; modelo Stratocaster &#8211; em Metal com acabamento Black (preto), Gotoh &#8211; modelo JCS-1 B.  Acompanha parafusos Fabricado no Jap\u00e3o<\/p>\n<p> C\u00f3digo de Barra:7899559811907<br \/> Condi\u00e7\u00e3o do item:Novo<br \/> \u00c9 Kit:N\u00e3o<br \/> Formato de venda:Unit\u00e1rio<br \/> G\u00eanero:Unissex<br \/> Instrumento recomendado:Guitarra tipo Strato<br \/> Marca:Gotoh<br \/> Modelo:JCS-1 B<br \/> N\u00famero de pe\u00e7a:1<br \/> Origem:Jap\u00e3o<br \/> Quantidade de unidades:1<br \/> Unidades por kit:N\/A<\/p>\n<p><\/p>","protected":false},"excerpt":{"rendered":"<p>Placa para Jack de conex\u00e3o para instrumentos, Canoa &#8211; modelo Stratocaster &#8211; em Metal com acabamento Black (preto), Gotoh &#8211; modelo JCS-1 B. Acompanha parafusos Fabricado no Jap\u00e3o C\u00f3digo de Barra:7899559811907 Condi\u00e7\u00e3o do item:Novo \u00c9 Kit:N\u00e3o Formato de venda:Unit\u00e1rio G\u00eanero:Unissex Instrumento recomendado:Guitarra tipo Strato Marca:Gotoh Modelo:JCS-1 B N\u00famero de pe\u00e7a:1 Origem:Jap\u00e3o Quantidade de unidades:1 Unidades [&hellip;]<\/p>\n","protected":false},"featured_media":4127,"comment_status":"open","ping_status":"closed","template":"","meta":{"om_disable_all_campaigns":false,"_monsterinsights_skip_tracking":false,"_monsterinsights_sitenote_active":false,"_monsterinsights_sitenote_note":"","_monsterinsights_sitenote_category":0,"jetpack_publicize_message":"","jetpack_publicize_feature_enabled":true,"jetpack_social_post_already_shared":false,"jetpack_social_options":{"image_generator_settings":{"template":"highway","default_image_id":0,"font":"","enabled":false},"version":2}},"product_brand":[164],"product_cat":[96,28,223],"product_tag":[406,405],"class_list":{"0":"post-4128","1":"product","2":"type-product","3":"status-publish","4":"has-post-thumbnail","6":"product_brand-gotoh","7":"product_cat-acessorios","8":"product_cat-eletricos","9":"product_cat-outros","10":"product_tag-suporte-para-jack-gotoh","11":"product_tag-suporte-para-jack-strato","13":"first","14":"instock","15":"shipping-taxable","16":"purchasable","17":"product-type-simple"},"aioseo_notices":[],"jetpack_publicize_connections":[],"jetpack_sharing_enabled":true,"_links":{"self":[{"href":"https:\/\/delaet.com.br\/en\/wp-json\/wp\/v2\/product\/4128","targetHints":{"allow":["GET"]}}],"collection":[{"href":"https:\/\/delaet.com.br\/en\/wp-json\/wp\/v2\/product"}],"about":[{"href":"https:\/\/delaet.com.br\/en\/wp-json\/wp\/v2\/types\/product"}],"replies":[{"embeddable":true,"href":"https:\/\/delaet.com.br\/en\/wp-json\/wp\/v2\/comments?post=4128"}],"wp:featuredmedia":[{"embeddable":true,"href":"https:\/\/delaet.com.br\/en\/wp-json\/wp\/v2\/media\/4127"}],"wp:attachment":[{"href":"https:\/\/delaet.com.br\/en\/wp-json\/wp\/v2\/media?parent=4128"}],"wp:term":[{"taxonomy":"product_brand","embeddable":true,"href":"https:\/\/delaet.com.br\/en\/wp-json\/wp\/v2\/product_brand?post=4128"},{"taxonomy":"product_cat","embeddable":true,"href":"https:\/\/delaet.com.br\/en\/wp-json\/wp\/v2\/product_cat?post=4128"},{"taxonomy":"product_tag","embeddable":true,"href":"https:\/\/delaet.com.br\/en\/wp-json\/wp\/v2\/product_tag?post=4128"}],"curies":[{"name":"wp","href":"https:\/\/api.w.org\/{rel}","templated":true}]}}