{"id":4146,"date":"2026-04-12T10:18:28","date_gmt":"2026-04-12T13:18:28","guid":{"rendered":"https:\/\/delaet.com.br\/pt_br\/loja\/produto\/surdina-violino-ebano-hill-class-eua111-f035\/"},"modified":"2026-04-12T13:50:39","modified_gmt":"2026-04-12T16:50:39","slug":"surdina-violino-ebano-hill-class-eua111-f035","status":"publish","type":"product","link":"https:\/\/delaet.com.br\/en\/loja\/produto\/surdina-violino-ebano-hill-class-eua111-f035\/","title":{"rendered":"Surdina Violino \u00c9bano Hill Class EUA111"},"content":{"rendered":"<p>Surdina para Violino \u00c9bano Hill Class EUA111.<\/p>\n<p>Cor:\u00c9bano<br \/> G\u00eanero:Unissex<br \/> Linha:Arco e Acess\u00f3rios<br \/> Marca:Class<br \/> Modelo:EUA111<br \/> Origem:India<br \/> SKU:008393<br \/> Unidades por Embalagem:1<br \/> \u00c9 kit:N\u00e3o<br \/> Instrumento Recomendado:Violino<br \/> Condi\u00e7\u00e3o:Novo<\/p>\n<p><\/p>","protected":false},"excerpt":{"rendered":"<p>Surdina para Violino \u00c9bano Hill Class EUA111. Cor:\u00c9bano G\u00eanero:Unissex Linha:Arco e Acess\u00f3rios Marca:Class Modelo:EUA111 Origem:India SKU:008393 Unidades por Embalagem:1 \u00c9 kit:N\u00e3o Instrumento Recomendado:Violino Condi\u00e7\u00e3o:Novo<\/p>","protected":false},"featured_media":4145,"comment_status":"open","ping_status":"closed","template":"","meta":{"om_disable_all_campaigns":false,"jetpack_publicize_message":"","jetpack_publicize_feature_enabled":true,"jetpack_social_post_already_shared":false,"jetpack_social_options":{"image_generator_settings":{"template":"highway","default_image_id":0,"font":"","enabled":false},"version":2}},"product_brand":[168],"product_cat":[210,237],"product_tag":[395,397,399],"class_list":{"0":"post-4146","1":"product","2":"type-product","3":"status-publish","4":"has-post-thumbnail","6":"product_brand-class","7":"product_cat-friccionadas","8":"product_cat-surdinas","9":"product_tag-surdina","10":"product_tag-surdina-de-ebano","11":"product_tag-surdina-para-violino","13":"first","14":"instock","15":"shipping-taxable","16":"purchasable","17":"product-type-simple"},"aioseo_notices":[],"jetpack_publicize_connections":[],"jetpack_sharing_enabled":true,"_links":{"self":[{"href":"https:\/\/delaet.com.br\/en\/wp-json\/wp\/v2\/product\/4146","targetHints":{"allow":["GET"]}}],"collection":[{"href":"https:\/\/delaet.com.br\/en\/wp-json\/wp\/v2\/product"}],"about":[{"href":"https:\/\/delaet.com.br\/en\/wp-json\/wp\/v2\/types\/product"}],"replies":[{"embeddable":true,"href":"https:\/\/delaet.com.br\/en\/wp-json\/wp\/v2\/comments?post=4146"}],"wp:featuredmedia":[{"embeddable":true,"href":"https:\/\/delaet.com.br\/en\/wp-json\/wp\/v2\/media\/4145"}],"wp:attachment":[{"href":"https:\/\/delaet.com.br\/en\/wp-json\/wp\/v2\/media?parent=4146"}],"wp:term":[{"taxonomy":"product_brand","embeddable":true,"href":"https:\/\/delaet.com.br\/en\/wp-json\/wp\/v2\/product_brand?post=4146"},{"taxonomy":"product_cat","embeddable":true,"href":"https:\/\/delaet.com.br\/en\/wp-json\/wp\/v2\/product_cat?post=4146"},{"taxonomy":"product_tag","embeddable":true,"href":"https:\/\/delaet.com.br\/en\/wp-json\/wp\/v2\/product_tag?post=4146"}],"curies":[{"name":"wp","href":"https:\/\/api.w.org\/{rel}","templated":true}]}}