{"id":4154,"date":"2026-04-12T10:18:59","date_gmt":"2026-04-12T13:18:59","guid":{"rendered":"https:\/\/delaet.com.br\/pt_br\/loja\/produto\/tarraxa-aberta-l3r3-cromada-6-pecas-gotoh-sxn510v05mwsc-f035\/"},"modified":"2026-04-15T19:23:54","modified_gmt":"2026-04-15T22:23:54","slug":"tarraxa-aberta-l3r3-cromada-6-pecas-gotoh-sxn510v05mwsc-f035","status":"publish","type":"product","link":"https:\/\/delaet.com.br\/en\/loja\/produto\/tarraxa-aberta-l3r3-cromada-6-pecas-gotoh-sxn510v05mwsc-f035\/","title":{"rendered":"Tarraxa Aberta (L3+R3) Cromada (6 Pe\u00e7as) Gotoh SXN510V05MWSC"},"content":{"rendered":"<p>Tarraxa para Guitarra Aberta (L3+R3) em acabamento cromado, 6 unidades, acompanha parafusos, Gotoh SXN510V-05M\/WS C.<\/p>\n<p> Condi\u00e7\u00e3o do item:Novo<br \/> C\u00f3digo de Barra:028566<br \/> G\u00eanero:Unissex<br \/> Instrumento recomendado:Guitarra<br \/> Marca:Gotoh<br \/> Modelo:SXN510V-05M\/WS C<br \/> Origem:Jap\u00e3o<br \/> Unidades por embalagem:6<br \/> \u00c9 Kit:N\u00e3o<br \/> Disposi\u00e7\u00e3o das tarraxas:L3+R3<br \/> Quantidade de tarraxas:6<br \/> Inclui parafusos:Sim<br \/> Tipo de Instrumento:Guitarra<\/p>\n<p><\/p>","protected":false},"excerpt":{"rendered":"<p>Tarraxa para Guitarra Aberta (L3+R3) em acabamento cromado, 6 unidades, acompanha parafusos, Gotoh SXN510V-05M\/WS C. Condi\u00e7\u00e3o do item:Novo C\u00f3digo de Barra:028566 G\u00eanero:Unissex Instrumento recomendado:Guitarra Marca:Gotoh Modelo:SXN510V-05M\/WS C Origem:Jap\u00e3o Unidades por embalagem:6 \u00c9 Kit:N\u00e3o Disposi\u00e7\u00e3o das tarraxas:L3+R3 Quantidade de tarraxas:6 Inclui parafusos:Sim Tipo de Instrumento:Guitarra<\/p>","protected":false},"featured_media":4151,"comment_status":"open","ping_status":"closed","template":"","meta":{"om_disable_all_campaigns":false,"jetpack_publicize_message":"","jetpack_publicize_feature_enabled":true,"jetpack_social_post_already_shared":false,"jetpack_social_options":{"image_generator_settings":{"template":"highway","default_image_id":0,"font":"","enabled":false},"version":2}},"product_brand":[164],"product_cat":[96,28,218],"product_tag":[394,331,393,328,364],"class_list":{"0":"post-4154","1":"product","2":"type-product","3":"status-publish","4":"has-post-thumbnail","6":"product_brand-gotoh","7":"product_cat-acessorios","8":"product_cat-eletricos","9":"product_cat-tarraxas-eletricos","10":"product_tag-gotoh-sxn510v05mwsc","11":"product_tag-l3r3","12":"product_tag-tarraxa-aberta","13":"product_tag-tarraxa-guitarra","14":"product_tag-tarraxa-violao","16":"first","17":"instock","18":"shipping-taxable","19":"purchasable","20":"product-type-simple"},"aioseo_notices":[],"jetpack_publicize_connections":[],"jetpack_sharing_enabled":true,"_links":{"self":[{"href":"https:\/\/delaet.com.br\/en\/wp-json\/wp\/v2\/product\/4154","targetHints":{"allow":["GET"]}}],"collection":[{"href":"https:\/\/delaet.com.br\/en\/wp-json\/wp\/v2\/product"}],"about":[{"href":"https:\/\/delaet.com.br\/en\/wp-json\/wp\/v2\/types\/product"}],"replies":[{"embeddable":true,"href":"https:\/\/delaet.com.br\/en\/wp-json\/wp\/v2\/comments?post=4154"}],"wp:featuredmedia":[{"embeddable":true,"href":"https:\/\/delaet.com.br\/en\/wp-json\/wp\/v2\/media\/4151"}],"wp:attachment":[{"href":"https:\/\/delaet.com.br\/en\/wp-json\/wp\/v2\/media?parent=4154"}],"wp:term":[{"taxonomy":"product_brand","embeddable":true,"href":"https:\/\/delaet.com.br\/en\/wp-json\/wp\/v2\/product_brand?post=4154"},{"taxonomy":"product_cat","embeddable":true,"href":"https:\/\/delaet.com.br\/en\/wp-json\/wp\/v2\/product_cat?post=4154"},{"taxonomy":"product_tag","embeddable":true,"href":"https:\/\/delaet.com.br\/en\/wp-json\/wp\/v2\/product_tag?post=4154"}],"curies":[{"name":"wp","href":"https:\/\/api.w.org\/{rel}","templated":true}]}}