{"id":4158,"date":"2026-04-12T10:19:23","date_gmt":"2026-04-12T13:19:23","guid":{"rendered":"https:\/\/delaet.com.br\/pt_br\/loja\/produto\/tarraxa-baixo-blindada-preta-avulsa-gotoh-gb707-l1-b-f035\/"},"modified":"2026-04-12T13:41:41","modified_gmt":"2026-04-12T16:41:41","slug":"tarraxa-baixo-blindada-preta-avulsa-gotoh-gb707-l1-b-f035","status":"publish","type":"product","link":"https:\/\/delaet.com.br\/en\/loja\/produto\/tarraxa-baixo-blindada-preta-avulsa-gotoh-gb707-l1-b-f035\/","title":{"rendered":"Tarraxa Baixo Blindada Preta avulsa Gotoh GB707-L1 B"},"content":{"rendered":"<p>A tarraxa Gotoh GB707-L1 B \u00e9 uma tarraxa individual de alta precis\u00e3o para contrabaixo, fabricada no Jap\u00e3o pela renomada marca Gotoh.<br \/>\nEla \u00e9 blindada, na cor preta e projetada para uso no lado esquerdo do headstock, L, sendo ideal para reposi\u00e7\u00e3o ou upgrade de instrumentos, oferecendo grande estabilidade de afina\u00e7\u00e3o.<\/p>\n<p>Cor:Preta<br \/> Disposi\u00e7\u00e3o das tarraxas:1L<br \/> \u00c9 kit:N\u00e3o<br \/> Inclui parafusos:Sim<br \/> Instrumento Recomendado:Baixo<br \/> Material:Metal<br \/> Quantidade de tarraxas:1<br \/> Unidades por embalagem:1<\/p>\n<p> Condi\u00e7\u00e3o do item:Novo<br \/> Fonte do Produto:Importado<br \/> G\u00eanero:Unissex<br \/> Marca:Gotoh<br \/> Modelo:GB707-L1 B \/WS02<br \/> Origem:Jap\u00e3o<br \/> SKU:026630<br \/> C\u00f3digo de Barras:7899559813185<br \/> N\u00famero de pe\u00e7a:GB707-L1 B \/WS02<br \/> Comprimento da embalagem:26 cm<br \/> Largura da embalagem:16 cm<br \/> Altura da embalagem:6 cm<br \/> Peso da embalagem:10 g<br \/> Tipo da embalagem:Sem embalagem adicional<\/p>\n<p><\/p>","protected":false},"excerpt":{"rendered":"<p>A tarraxa Gotoh GB707-L1 B \u00e9 uma tarraxa individual de alta precis\u00e3o para contrabaixo, fabricada no Jap\u00e3o pela renomada marca Gotoh. Ela \u00e9 blindada, na cor preta e projetada para uso no lado esquerdo do headstock, L, sendo ideal para reposi\u00e7\u00e3o ou upgrade de instrumentos, oferecendo grande estabilidade de afina\u00e7\u00e3o. Cor:Preta Disposi\u00e7\u00e3o das tarraxas:1L \u00c9 [&hellip;]<\/p>\n","protected":false},"featured_media":4157,"comment_status":"open","ping_status":"closed","template":"","meta":{"om_disable_all_campaigns":false,"_monsterinsights_skip_tracking":false,"_monsterinsights_sitenote_active":false,"_monsterinsights_sitenote_note":"","_monsterinsights_sitenote_category":0,"jetpack_publicize_message":"","jetpack_publicize_feature_enabled":true,"jetpack_social_post_already_shared":false,"jetpack_social_options":{"image_generator_settings":{"template":"highway","default_image_id":0,"font":"","enabled":false},"version":2}},"product_brand":[164],"product_cat":[96,28,218],"product_tag":[390,389],"class_list":{"0":"post-4158","1":"product","2":"type-product","3":"status-publish","4":"has-post-thumbnail","6":"product_brand-gotoh","7":"product_cat-acessorios","8":"product_cat-eletricos","9":"product_cat-tarraxas-eletricos","10":"product_tag-gb707-l1-b","11":"product_tag-tarraxa-baixo","13":"first","14":"instock","15":"shipping-taxable","16":"purchasable","17":"product-type-simple"},"aioseo_notices":[],"jetpack_publicize_connections":[],"jetpack_sharing_enabled":true,"_links":{"self":[{"href":"https:\/\/delaet.com.br\/en\/wp-json\/wp\/v2\/product\/4158","targetHints":{"allow":["GET"]}}],"collection":[{"href":"https:\/\/delaet.com.br\/en\/wp-json\/wp\/v2\/product"}],"about":[{"href":"https:\/\/delaet.com.br\/en\/wp-json\/wp\/v2\/types\/product"}],"replies":[{"embeddable":true,"href":"https:\/\/delaet.com.br\/en\/wp-json\/wp\/v2\/comments?post=4158"}],"wp:featuredmedia":[{"embeddable":true,"href":"https:\/\/delaet.com.br\/en\/wp-json\/wp\/v2\/media\/4157"}],"wp:attachment":[{"href":"https:\/\/delaet.com.br\/en\/wp-json\/wp\/v2\/media?parent=4158"}],"wp:term":[{"taxonomy":"product_brand","embeddable":true,"href":"https:\/\/delaet.com.br\/en\/wp-json\/wp\/v2\/product_brand?post=4158"},{"taxonomy":"product_cat","embeddable":true,"href":"https:\/\/delaet.com.br\/en\/wp-json\/wp\/v2\/product_cat?post=4158"},{"taxonomy":"product_tag","embeddable":true,"href":"https:\/\/delaet.com.br\/en\/wp-json\/wp\/v2\/product_tag?post=4158"}],"curies":[{"name":"wp","href":"https:\/\/api.w.org\/{rel}","templated":true}]}}